{"id":11533,"date":"2020-05-06T15:30:27","date_gmt":"2020-05-06T13:30:27","guid":{"rendered":"https:\/\/haica.tn\/?page_id=11533"},"modified":"2020-05-06T15:31:50","modified_gmt":"2020-05-06T13:31:50","slug":"annuaire-medias","status":"publish","type":"page","link":"https:\/\/haica.tn\/fr\/annuaire-medias\/","title":{"rendered":"Annuaire M\u00e9dias"},"content":{"rendered":"<p>[vc_row rt_row_background_width=\u00a0\u00bbfullwidth\u00a0\u00bb rt_row_content_width=\u00a0\u00bbdefault\u00a0\u00bb rt_row_style=\u00a0\u00bbdefault-style\u00a0\u00bb rt_row_height=\u00a0\u00bb\u00a0\u00bb rt_column_gaps=\u00a0\u00bb\u00a0\u00bb rt_row_shadows=\u00a0\u00bb\u00a0\u00bb rt_row_borders=\u00a0\u00bb\u00a0\u00bb rt_bg_effect=\u00a0\u00bbclassic\u00a0\u00bb rt_bg_image_repeat=\u00a0\u00bbrepeat\u00a0\u00bb rt_bg_size=\u00a0\u00bbcover\u00a0\u00bb rt_bg_position=\u00a0\u00bbright top\u00a0\u00bb rt_bg_attachment=\u00a0\u00bbscroll\u00a0\u00bb rt_bg_layer=\u00a0\u00bb\u00a0\u00bb rt_bg_video_format=\u00a0\u00bbself-hosted\u00a0\u00bb][vc_column rt_bg_effect=\u00a0\u00bbclassic\u00a0\u00bb rt_bg_image_repeat=\u00a0\u00bbrepeat\u00a0\u00bb rt_bg_size=\u00a0\u00bbauto auto\u00a0\u00bb rt_bg_position=\u00a0\u00bbright top\u00a0\u00bb rt_bg_attachment=\u00a0\u00bbscroll\u00a0\u00bb]\n<div id=\"portfolio-dynamicID-547145\" class=\"portfolio_list rt-gallery fixed_heights clearfix grid-gallery\" data-column-width=\"6\">\n<div class=\"row fixed_heights clearfix\">\n<div class=\"col col-sm-2   portfolio-76\">\n \n\n<!-- portfolio box-->\n<div class=\"loop style-1 hover-1 image post-13364 portfolio type-portfolio status-publish hentry portfolio_categories-televisions-privees\" id=\"portfolio-13364\">\n\n\t<div class=\"portfolio-loop-item-wrapper\">\n\t\t \n\t\t\t\t\t<figure class=\"image-thumbnail\">\n\t\t\t\t\t\t<a href=\"https:\/\/haica.tn\/fr\/project-details\/carthage\/\" target=\"_self\" title=\"Carthage+\"><\/a>\n\t\t\t\t\t<\/figure>\n\n\t\t\t\t\t<section class=\"text\">\n\t\t\t\t\t\t\n\t\t\t\t\t\t<h5 class=\"title\"><a href=\"https:\/\/haica.tn\/fr\/project-details\/carthage\/\" target=\"_self\" rel=\"bookmark\">Carthage+<\/a><\/h5>\n\t\t\t\t\t\t<span class=\"terms\"><a href=\"https:\/\/haica.tn\/fr\/portfolio\/televisions-privees\/\" rel=\"tag\">T\u00e9l\u00e9visions priv\u00e9es<\/a><\/span>\n\t\t\t\t\t\t\n\t\t\t\t\t\t\n\t\t\t\t\t<\/section>  \n\t\t\t\t\t<\/div>\n<\/div> \n<!-- \/ portfolio box-->\n<\/div>\n<div class=\"col col-sm-2   portfolio-78\">\n \n\n<!-- portfolio box-->\n<div class=\"loop style-1 hover-1 image post-13463 portfolio type-portfolio status-publish has-post-thumbnail hentry portfolio_categories-radios-associatives\" id=\"portfolio-13463\">\n\n\t<div class=\"portfolio-loop-item-wrapper\">\n\t\t \n\t\t\t\t\t<figure class=\"image-thumbnail\">\n\t\t\t\t\t\t<a href=\"https:\/\/haica.tn\/fr\/project-details\/nefzawa-fm\/\" target=\"_self\" title=\"Nefzawa FM\"><img src=\"https:\/\/haica.tn\/wp-content\/uploads\/2020\/06\/logo-480x480.png\" alt=\"\" class=\"\" width=\"480\" height=\"480\" \/><\/a>\n\t\t\t\t\t<\/figure>\n\n\t\t\t\t\t<section class=\"text\">\n\t\t\t\t\t\t\n\t\t\t\t\t\t<h5 class=\"title\"><a href=\"https:\/\/haica.tn\/fr\/project-details\/nefzawa-fm\/\" target=\"_self\" rel=\"bookmark\">Nefzawa FM<\/a><\/h5>\n\t\t\t\t\t\t<span class=\"terms\"><a href=\"https:\/\/haica.tn\/fr\/portfolio\/radios-associatives\/\" rel=\"tag\">Radios associatives<\/a><\/span>\n\t\t\t\t\t\t\n\t\t\t\t\t\t\n\t\t\t\t\t<\/section>  \n\t\t\t\t\t<\/div>\n<\/div> \n<!-- \/ portfolio box-->\n<\/div>\n<div class=\"col col-sm-2   portfolio-78\">\n \n\n<!-- portfolio box-->\n<div class=\"loop style-1 hover-1 image post-13464 portfolio type-portfolio status-publish has-post-thumbnail hentry portfolio_categories-radios-associatives\" id=\"portfolio-13464\">\n\n\t<div class=\"portfolio-loop-item-wrapper\">\n\t\t \n\t\t\t\t\t<figure class=\"image-thumbnail\">\n\t\t\t\t\t\t<a href=\"https:\/\/haica.tn\/fr\/project-details\/dream-fm\/\" target=\"_self\" title=\"Dream FM\"><img src=\"https:\/\/haica.tn\/wp-content\/uploads\/2020\/06\/images-1.png\" alt=\"\" class=\"\" width=\"225\" height=\"224\" \/><\/a>\n\t\t\t\t\t<\/figure>\n\n\t\t\t\t\t<section class=\"text\">\n\t\t\t\t\t\t\n\t\t\t\t\t\t<h5 class=\"title\"><a href=\"https:\/\/haica.tn\/fr\/project-details\/dream-fm\/\" target=\"_self\" rel=\"bookmark\">Dream FM<\/a><\/h5>\n\t\t\t\t\t\t<span class=\"terms\"><a href=\"https:\/\/haica.tn\/fr\/portfolio\/radios-associatives\/\" rel=\"tag\">Radios associatives<\/a><\/span>\n\t\t\t\t\t\t\n\t\t\t\t\t\t\n\t\t\t\t\t<\/section>  \n\t\t\t\t\t<\/div>\n<\/div> \n<!-- \/ portfolio box-->\n<\/div>\n<div class=\"col col-sm-2   portfolio-78\">\n \n\n<!-- portfolio box-->\n<div class=\"loop style-1 hover-1 image post-13465 portfolio type-portfolio status-publish has-post-thumbnail hentry portfolio_categories-radios-associatives\" id=\"portfolio-13465\">\n\n\t<div class=\"portfolio-loop-item-wrapper\">\n\t\t \n\t\t\t\t\t<figure class=\"image-thumbnail\">\n\t\t\t\t\t\t<a href=\"https:\/\/haica.tn\/fr\/project-details\/cilium-fm\/\" target=\"_self\" title=\"Cilium FM\"><img src=\"https:\/\/haica.tn\/wp-content\/uploads\/2020\/06\/t\u00e9l\u00e9chargement.jpg\" alt=\"\" class=\"\" width=\"225\" height=\"225\" \/><\/a>\n\t\t\t\t\t<\/figure>\n\n\t\t\t\t\t<section class=\"text\">\n\t\t\t\t\t\t\n\t\t\t\t\t\t<h5 class=\"title\"><a href=\"https:\/\/haica.tn\/fr\/project-details\/cilium-fm\/\" target=\"_self\" rel=\"bookmark\">Cilium FM<\/a><\/h5>\n\t\t\t\t\t\t<span class=\"terms\"><a href=\"https:\/\/haica.tn\/fr\/portfolio\/radios-associatives\/\" rel=\"tag\">Radios associatives<\/a><\/span>\n\t\t\t\t\t\t\n\t\t\t\t\t\t\n\t\t\t\t\t<\/section>  \n\t\t\t\t\t<\/div>\n<\/div> \n<!-- \/ portfolio box-->\n<\/div>\n<div class=\"col col-sm-2   portfolio-78\">\n \n\n<!-- portfolio box-->\n<div class=\"loop style-1 hover-1 image post-13466 portfolio type-portfolio status-publish has-post-thumbnail hentry portfolio_categories-radios-associatives\" id=\"portfolio-13466\">\n\n\t<div class=\"portfolio-loop-item-wrapper\">\n\t\t \n\t\t\t\t\t<figure class=\"image-thumbnail\">\n\t\t\t\t\t\t<a href=\"https:\/\/haica.tn\/fr\/project-details\/mines-fm\/\" target=\"_self\" title=\"Mines FM\"><img src=\"https:\/\/haica.tn\/wp-content\/uploads\/2020\/06\/t\u00e9l\u00e9chargement-1.jpg\" alt=\"\" class=\"\" width=\"224\" height=\"224\" \/><\/a>\n\t\t\t\t\t<\/figure>\n\n\t\t\t\t\t<section class=\"text\">\n\t\t\t\t\t\t\n\t\t\t\t\t\t<h5 class=\"title\"><a href=\"https:\/\/haica.tn\/fr\/project-details\/mines-fm\/\" target=\"_self\" rel=\"bookmark\">Mines FM<\/a><\/h5>\n\t\t\t\t\t\t<span class=\"terms\"><a href=\"https:\/\/haica.tn\/fr\/portfolio\/radios-associatives\/\" rel=\"tag\">Radios associatives<\/a><\/span>\n\t\t\t\t\t\t\n\t\t\t\t\t\t\n\t\t\t\t\t<\/section>  \n\t\t\t\t\t<\/div>\n<\/div> \n<!-- \/ portfolio box-->\n<\/div>\n<div class=\"col col-sm-2   portfolio-77\">\n \n\n<!-- portfolio box-->\n<div class=\"loop style-1 hover-1 image post-13424 portfolio type-portfolio status-publish has-post-thumbnail hentry portfolio_categories-radios-privees\" id=\"portfolio-13424\">\n\n\t<div class=\"portfolio-loop-item-wrapper\">\n\t\t \n\t\t\t\t\t<figure class=\"image-thumbnail\">\n\t\t\t\t\t\t<a href=\"https:\/\/haica.tn\/fr\/project-details\/m-fm\/\" target=\"_self\" title=\"M FM\"><img src=\"https:\/\/haica.tn\/wp-content\/uploads\/2020\/06\/12115419-1004969469575623-7114012943835451649-n-1-480x480.png\" alt=\"\" class=\"\" width=\"480\" height=\"480\" \/><\/a>\n\t\t\t\t\t<\/figure>\n\n\t\t\t\t\t<section class=\"text\">\n\t\t\t\t\t\t\n\t\t\t\t\t\t<h5 class=\"title\"><a href=\"https:\/\/haica.tn\/fr\/project-details\/m-fm\/\" target=\"_self\" rel=\"bookmark\">M FM<\/a><\/h5>\n\t\t\t\t\t\t<span class=\"terms\"><a href=\"https:\/\/haica.tn\/fr\/portfolio\/radios-privees\/\" rel=\"tag\">Radios priv\u00e9es<\/a><\/span>\n\t\t\t\t\t\t\n\t\t\t\t\t\t\n\t\t\t\t\t<\/section>  \n\t\t\t\t\t<\/div>\n<\/div> \n<!-- \/ portfolio box-->\n<\/div>\n<\/div>\n<div class=\"row fixed_heights clearfix\">\n<div class=\"col col-sm-2   portfolio-77\">\n \n\n<!-- portfolio box-->\n<div class=\"loop style-1 hover-1 image post-13428 portfolio type-portfolio status-publish has-post-thumbnail hentry portfolio_categories-radios-privees\" id=\"portfolio-13428\">\n\n\t<div class=\"portfolio-loop-item-wrapper\">\n\t\t \n\t\t\t\t\t<figure class=\"image-thumbnail\">\n\t\t\t\t\t\t<a href=\"https:\/\/haica.tn\/fr\/project-details\/ribat-fm\/\" target=\"_self\" title=\"Ribat FM\"><img src=\"https:\/\/haica.tn\/wp-content\/uploads\/2020\/06\/screen-3-480x480.jpg\" alt=\"\" class=\"\" width=\"480\" height=\"480\" \/><\/a>\n\t\t\t\t\t<\/figure>\n\n\t\t\t\t\t<section class=\"text\">\n\t\t\t\t\t\t\n\t\t\t\t\t\t<h5 class=\"title\"><a href=\"https:\/\/haica.tn\/fr\/project-details\/ribat-fm\/\" target=\"_self\" rel=\"bookmark\">Ribat FM<\/a><\/h5>\n\t\t\t\t\t\t<span class=\"terms\"><a href=\"https:\/\/haica.tn\/fr\/portfolio\/radios-privees\/\" rel=\"tag\">Radios priv\u00e9es<\/a><\/span>\n\t\t\t\t\t\t\n\t\t\t\t\t\t\n\t\t\t\t\t<\/section>  \n\t\t\t\t\t<\/div>\n<\/div> \n<!-- \/ portfolio box-->\n<\/div>\n<div class=\"col col-sm-2   portfolio-77\">\n \n\n<!-- portfolio box-->\n<div class=\"loop style-1 hover-1 image post-13398 portfolio type-portfolio status-publish has-post-thumbnail hentry portfolio_categories-radios-privees\" id=\"portfolio-13398\">\n\n\t<div class=\"portfolio-loop-item-wrapper\">\n\t\t \n\t\t\t\t\t<figure class=\"image-thumbnail\">\n\t\t\t\t\t\t<a href=\"https:\/\/haica.tn\/fr\/project-details\/cap-fm\/\" target=\"_self\" title=\"Cap FM\"><img src=\"https:\/\/haica.tn\/wp-content\/uploads\/2020\/06\/xbdhkzfy5cvf.png\" alt=\"\" class=\"\" width=\"286\" height=\"286\" \/><\/a>\n\t\t\t\t\t<\/figure>\n\n\t\t\t\t\t<section class=\"text\">\n\t\t\t\t\t\t\n\t\t\t\t\t\t<h5 class=\"title\"><a href=\"https:\/\/haica.tn\/fr\/project-details\/cap-fm\/\" target=\"_self\" rel=\"bookmark\">Cap FM<\/a><\/h5>\n\t\t\t\t\t\t<span class=\"terms\"><a href=\"https:\/\/haica.tn\/fr\/portfolio\/radios-privees\/\" rel=\"tag\">Radios priv\u00e9es<\/a><\/span>\n\t\t\t\t\t\t\n\t\t\t\t\t\t\n\t\t\t\t\t<\/section>  \n\t\t\t\t\t<\/div>\n<\/div> \n<!-- \/ portfolio box-->\n<\/div>\n<div class=\"col col-sm-2   portfolio-77\">\n \n\n<!-- portfolio box-->\n<div class=\"loop style-1 hover-1 image post-13440 portfolio type-portfolio status-publish has-post-thumbnail hentry portfolio_categories-radios-privees\" id=\"portfolio-13440\">\n\n\t<div class=\"portfolio-loop-item-wrapper\">\n\t\t \n\t\t\t\t\t<figure class=\"image-thumbnail\">\n\t\t\t\t\t\t<a href=\"https:\/\/haica.tn\/fr\/project-details\/radio-msaken\/\" target=\"_self\" title=\"Radio Msaken\"><img src=\"https:\/\/haica.tn\/wp-content\/uploads\/2020\/06\/CtS5BkNWEAAmwsn-480x480.jpg\" alt=\"\" class=\"\" width=\"480\" height=\"480\" \/><\/a>\n\t\t\t\t\t<\/figure>\n\n\t\t\t\t\t<section class=\"text\">\n\t\t\t\t\t\t\n\t\t\t\t\t\t<h5 class=\"title\"><a href=\"https:\/\/haica.tn\/fr\/project-details\/radio-msaken\/\" target=\"_self\" rel=\"bookmark\">Radio Msaken<\/a><\/h5>\n\t\t\t\t\t\t<span class=\"terms\"><a href=\"https:\/\/haica.tn\/fr\/portfolio\/radios-privees\/\" rel=\"tag\">Radios priv\u00e9es<\/a><\/span>\n\t\t\t\t\t\t\n\t\t\t\t\t\t\n\t\t\t\t\t<\/section>  \n\t\t\t\t\t<\/div>\n<\/div> \n<!-- \/ portfolio box-->\n<\/div>\n<div class=\"col col-sm-2   portfolio-77\">\n \n\n<!-- portfolio box-->\n<div class=\"loop style-1 hover-1 image post-13441 portfolio type-portfolio status-publish hentry portfolio_categories-radios-privees\" id=\"portfolio-13441\">\n\n\t<div class=\"portfolio-loop-item-wrapper\">\n\t\t \n\t\t\t\t\t<figure class=\"image-thumbnail\">\n\t\t\t\t\t\t<a href=\"https:\/\/haica.tn\/fr\/project-details\/misk-fm\/\" target=\"_self\" title=\"Misk FM\"><\/a>\n\t\t\t\t\t<\/figure>\n\n\t\t\t\t\t<section class=\"text\">\n\t\t\t\t\t\t\n\t\t\t\t\t\t<h5 class=\"title\"><a href=\"https:\/\/haica.tn\/fr\/project-details\/misk-fm\/\" target=\"_self\" rel=\"bookmark\">Misk FM<\/a><\/h5>\n\t\t\t\t\t\t<span class=\"terms\"><a href=\"https:\/\/haica.tn\/fr\/portfolio\/radios-privees\/\" rel=\"tag\">Radios priv\u00e9es<\/a><\/span>\n\t\t\t\t\t\t\n\t\t\t\t\t\t\n\t\t\t\t\t<\/section>  \n\t\t\t\t\t<\/div>\n<\/div> \n<!-- \/ portfolio box-->\n<\/div>\n<div class=\"col col-sm-2   portfolio-77\">\n \n\n<!-- portfolio box-->\n<div class=\"loop style-1 hover-1 image post-13432 portfolio type-portfolio status-publish has-post-thumbnail hentry portfolio_categories-radios-privees\" id=\"portfolio-13432\">\n\n\t<div class=\"portfolio-loop-item-wrapper\">\n\t\t \n\t\t\t\t\t<figure class=\"image-thumbnail\">\n\t\t\t\t\t\t<a href=\"https:\/\/haica.tn\/fr\/project-details\/diwan-fm\/\" target=\"_self\" title=\"Diwan FM\"><img src=\"https:\/\/haica.tn\/wp-content\/uploads\/2020\/06\/unnamed-1-1.jpg\" alt=\"\" class=\"\" width=\"300\" height=\"300\" \/><\/a>\n\t\t\t\t\t<\/figure>\n\n\t\t\t\t\t<section class=\"text\">\n\t\t\t\t\t\t\n\t\t\t\t\t\t<h5 class=\"title\"><a href=\"https:\/\/haica.tn\/fr\/project-details\/diwan-fm\/\" target=\"_self\" rel=\"bookmark\">Diwan FM<\/a><\/h5>\n\t\t\t\t\t\t<span class=\"terms\"><a href=\"https:\/\/haica.tn\/fr\/portfolio\/radios-privees\/\" rel=\"tag\">Radios priv\u00e9es<\/a><\/span>\n\t\t\t\t\t\t\n\t\t\t\t\t\t\n\t\t\t\t\t<\/section>  \n\t\t\t\t\t<\/div>\n<\/div> \n<!-- \/ portfolio box-->\n<\/div>\n<div class=\"col col-sm-2   portfolio-77\">\n \n\n<!-- portfolio box-->\n<div class=\"loop style-1 hover-1 image post-13442 portfolio type-portfolio status-publish has-post-thumbnail hentry portfolio_categories-radios-privees\" id=\"portfolio-13442\">\n\n\t<div class=\"portfolio-loop-item-wrapper\">\n\t\t \n\t\t\t\t\t<figure class=\"image-thumbnail\">\n\t\t\t\t\t\t<a href=\"https:\/\/haica.tn\/fr\/project-details\/oxygene-fm\/\" target=\"_self\" title=\"Oxygene FM\"><img src=\"https:\/\/haica.tn\/wp-content\/uploads\/2020\/06\/avatar-4.png\" alt=\"\" class=\"\" width=\"405\" height=\"405\" \/><\/a>\n\t\t\t\t\t<\/figure>\n\n\t\t\t\t\t<section class=\"text\">\n\t\t\t\t\t\t\n\t\t\t\t\t\t<h5 class=\"title\"><a href=\"https:\/\/haica.tn\/fr\/project-details\/oxygene-fm\/\" target=\"_self\" rel=\"bookmark\">Oxygene FM<\/a><\/h5>\n\t\t\t\t\t\t<span class=\"terms\"><a href=\"https:\/\/haica.tn\/fr\/portfolio\/radios-privees\/\" rel=\"tag\">Radios priv\u00e9es<\/a><\/span>\n\t\t\t\t\t\t\n\t\t\t\t\t\t\n\t\t\t\t\t<\/section>  \n\t\t\t\t\t<\/div>\n<\/div> \n<!-- \/ portfolio box-->\n<\/div>\n<\/div>\n<\/div>\n<div class=\"paging_wrapper margin-t30 margin-b30\"><ul class='page-numbers'>\n\t<li><span class=\"page-numbers current\">1<\/span><\/li>\n\t<li><a class=\"page-numbers\" href=\"https:\/\/haica.tn\/fr\/wp-json\/wp\/v2\/pages\/11533\/page\/2\/\">2<\/a><\/li>\n\t<li><a class=\"page-numbers\" href=\"https:\/\/haica.tn\/fr\/wp-json\/wp\/v2\/pages\/11533\/page\/3\/\">3<\/a><\/li>\n\t<li><a class=\"next page-numbers\" href=\"https:\/\/haica.tn\/fr\/wp-json\/wp\/v2\/pages\/11533\/page\/2\/\"><span class=\"ui-icon-angle-right\"><\/span><\/a><\/li>\n<\/ul>\n<\/div>[\/vc_column][\/vc_row]<\/p>\n","protected":false},"excerpt":{"rendered":"<p>[vc_row rt_row_background_width=\u00a0\u00bbfullwidth\u00a0\u00bb rt_row_content_width=\u00a0\u00bbdefault\u00a0\u00bb rt_row_style=\u00a0\u00bbdefault-style\u00a0\u00bb rt_row_height=\u00a0\u00bb\u00a0\u00bb rt_column_gaps=\u00a0\u00bb\u00a0\u00bb rt_row_shadows=\u00a0\u00bb\u00a0\u00bb rt_row_borders=\u00a0\u00bb\u00a0\u00bb rt_bg_effect=\u00a0\u00bbclassic\u00a0\u00bb rt_bg_image_repeat=\u00a0\u00bbrepeat\u00a0\u00bb rt_bg_size=\u00a0\u00bbcover\u00a0\u00bb rt_bg_position=\u00a0\u00bbright top\u00a0\u00bb rt_bg_attachment=\u00a0\u00bbscroll\u00a0\u00bb rt_bg_layer=\u00a0\u00bb\u00a0\u00bb rt_bg_video_format=\u00a0\u00bbself-hosted\u00a0\u00bb][vc_column rt_bg_effect=\u00a0\u00bbclassic\u00a0\u00bb rt_bg_image_repeat=\u00a0\u00bbrepeat\u00a0\u00bb rt_bg_size=\u00a0\u00bbauto auto\u00a0\u00bb rt_bg_position=\u00a0\u00bbright top\u00a0\u00bb rt_bg_attachment=\u00a0\u00bbscroll\u00a0\u00bb][\/vc_column][\/vc_row]<\/p>\n","protected":false},"author":1,"featured_media":0,"parent":0,"menu_order":0,"comment_status":"closed","ping_status":"closed","template":"","meta":[],"yoast_head":"<!-- This site is optimized with the Yoast SEO plugin v16.4 - https:\/\/yoast.com\/wordpress\/plugins\/seo\/ -->\n<title>Annuaire M\u00e9dias - HAICA<\/title>\n<meta name=\"robots\" content=\"index, follow, max-snippet:-1, max-image-preview:large, max-video-preview:-1\" \/>\n<link rel=\"canonical\" href=\"https:\/\/haica.tn\/fr\/annuaire-medias\/\" \/>\n<meta property=\"og:locale\" content=\"fr_FR\" \/>\n<meta property=\"og:type\" content=\"article\" \/>\n<meta property=\"og:title\" content=\"Annuaire M\u00e9dias - HAICA\" \/>\n<meta property=\"og:description\" content=\"[vc_row rt_row_background_width=\u00a0\u00bbfullwidth\u00a0\u00bb rt_row_content_width=\u00a0\u00bbdefault\u00a0\u00bb rt_row_style=\u00a0\u00bbdefault-style\u00a0\u00bb rt_row_height=\u00a0\u00bb\u00a0\u00bb rt_column_gaps=\u00a0\u00bb\u00a0\u00bb rt_row_shadows=\u00a0\u00bb\u00a0\u00bb rt_row_borders=\u00a0\u00bb\u00a0\u00bb rt_bg_effect=\u00a0\u00bbclassic\u00a0\u00bb rt_bg_image_repeat=\u00a0\u00bbrepeat\u00a0\u00bb rt_bg_size=\u00a0\u00bbcover\u00a0\u00bb rt_bg_position=\u00a0\u00bbright top\u00a0\u00bb rt_bg_attachment=\u00a0\u00bbscroll\u00a0\u00bb rt_bg_layer=\u00a0\u00bb\u00a0\u00bb rt_bg_video_format=\u00a0\u00bbself-hosted\u00a0\u00bb][vc_column rt_bg_effect=\u00a0\u00bbclassic\u00a0\u00bb rt_bg_image_repeat=\u00a0\u00bbrepeat\u00a0\u00bb rt_bg_size=\u00a0\u00bbauto auto\u00a0\u00bb rt_bg_position=\u00a0\u00bbright top\u00a0\u00bb rt_bg_attachment=\u00a0\u00bbscroll\u00a0\u00bb][\/vc_column][\/vc_row]\" \/>\n<meta property=\"og:url\" content=\"https:\/\/haica.tn\/fr\/annuaire-medias\/\" \/>\n<meta property=\"og:site_name\" content=\"HAICA\" \/>\n<meta property=\"article:modified_time\" content=\"2020-05-06T13:31:50+00:00\" \/>\n<meta name=\"twitter:card\" content=\"summary_large_image\" \/>\n<meta name=\"twitter:label1\" content=\"Dur\u00e9e de lecture est.\" \/>\n\t<meta name=\"twitter:data1\" content=\"1 minute\" \/>\n<script type=\"application\/ld+json\" class=\"yoast-schema-graph\">{\"@context\":\"https:\/\/schema.org\",\"@graph\":[{\"@type\":\"WebSite\",\"@id\":\"https:\/\/haica.tn\/ar\/#website\",\"url\":\"https:\/\/haica.tn\/ar\/\",\"name\":\"HAICA\",\"description\":\"R\\u00e9gulateur de la communication audiovisuelle en Tunisie\",\"potentialAction\":[{\"@type\":\"SearchAction\",\"target\":\"https:\/\/haica.tn\/ar\/?s={search_term_string}\",\"query-input\":\"required name=search_term_string\"}],\"inLanguage\":\"fr-FR\"},{\"@type\":\"WebPage\",\"@id\":\"https:\/\/haica.tn\/fr\/annuaire-medias\/#webpage\",\"url\":\"https:\/\/haica.tn\/fr\/annuaire-medias\/\",\"name\":\"Annuaire M\\u00e9dias - HAICA\",\"isPartOf\":{\"@id\":\"https:\/\/haica.tn\/ar\/#website\"},\"datePublished\":\"2020-05-06T13:30:27+00:00\",\"dateModified\":\"2020-05-06T13:31:50+00:00\",\"breadcrumb\":{\"@id\":\"https:\/\/haica.tn\/fr\/annuaire-medias\/#breadcrumb\"},\"inLanguage\":\"fr-FR\",\"potentialAction\":[{\"@type\":\"ReadAction\",\"target\":[\"https:\/\/haica.tn\/fr\/annuaire-medias\/\"]}]},{\"@type\":\"BreadcrumbList\",\"@id\":\"https:\/\/haica.tn\/fr\/annuaire-medias\/#breadcrumb\",\"itemListElement\":[{\"@type\":\"ListItem\",\"position\":1,\"item\":{\"@type\":\"WebPage\",\"@id\":\"https:\/\/haica.tn\/fr\/\",\"url\":\"https:\/\/haica.tn\/fr\/\",\"name\":\"Accueil\"}},{\"@type\":\"ListItem\",\"position\":2,\"item\":{\"@id\":\"https:\/\/haica.tn\/fr\/annuaire-medias\/#webpage\"}}]}]}<\/script>\n<!-- \/ Yoast SEO plugin. -->","_links":{"self":[{"href":"https:\/\/haica.tn\/fr\/wp-json\/wp\/v2\/pages\/11533"}],"collection":[{"href":"https:\/\/haica.tn\/fr\/wp-json\/wp\/v2\/pages"}],"about":[{"href":"https:\/\/haica.tn\/fr\/wp-json\/wp\/v2\/types\/page"}],"author":[{"embeddable":true,"href":"https:\/\/haica.tn\/fr\/wp-json\/wp\/v2\/users\/1"}],"replies":[{"embeddable":true,"href":"https:\/\/haica.tn\/fr\/wp-json\/wp\/v2\/comments?post=11533"}],"version-history":[{"count":1,"href":"https:\/\/haica.tn\/fr\/wp-json\/wp\/v2\/pages\/11533\/revisions"}],"predecessor-version":[{"id":11534,"href":"https:\/\/haica.tn\/fr\/wp-json\/wp\/v2\/pages\/11533\/revisions\/11534"}],"wp:attachment":[{"href":"https:\/\/haica.tn\/fr\/wp-json\/wp\/v2\/media?parent=11533"}],"curies":[{"name":"wp","href":"https:\/\/api.w.org\/{rel}","templated":true}]}}