{"id":12941,"date":"2020-03-04T16:51:40","date_gmt":"2020-03-04T15:51:40","guid":{"rendered":"https:\/\/haica.tn\/%d8%a7%d9%84%d8%aa%d9%82%d8%b1%d9%8a%d8%b1-%d8%a7%d9%84%d8%b3%d9%86%d9%88%d9%8a-%d8%ad%d9%88%d9%84-%d8%a7%d9%84%d9%86%d9%81%d8%a7%d8%b0-%d8%a7%d9%84%d9%89-%d8%a7%d9%84%d9%85%d8%b9%d9%84%d9%88%d9%85\/"},"modified":"2020-05-21T14:51:34","modified_gmt":"2020-05-21T12:51:34","slug":"rapport-annuel-de-lacces-a-linformation","status":"publish","type":"page","link":"https:\/\/haica.tn\/fr\/rapport-annuel-de-lacces-a-linformation\/","title":{"rendered":"Rapport annuel de l&rsquo;acc\u00e8s \u00e0 l&rsquo;information"},"content":{"rendered":"<p>[vc_row rt_row_background_width=\u00a0\u00bbfullwidth\u00a0\u00bb rt_row_content_width=\u00a0\u00bbdefault\u00a0\u00bb rt_row_style=\u00a0\u00bbdefault-style\u00a0\u00bb rt_row_height=\u00a0\u00bb\u00a0\u00bb rt_column_gaps=\u00a0\u00bbtop\u00a0\u00bb rt_row_shadows=\u00a0\u00bb\u00a0\u00bb rt_row_borders=\u00a0\u00bb\u00a0\u00bb rt_bg_effect=\u00a0\u00bbclassic\u00a0\u00bb rt_bg_image_repeat=\u00a0\u00bbrepeat\u00a0\u00bb rt_bg_size=\u00a0\u00bbcover\u00a0\u00bb rt_bg_position=\u00a0\u00bbright top\u00a0\u00bb rt_bg_attachment=\u00a0\u00bbscroll\u00a0\u00bb rt_bg_layer=\u00a0\u00bb\u00a0\u00bb rt_bg_video_format=\u00a0\u00bbself-hosted\u00a0\u00bb rt_class=\u00a0\u00bbrt-2305227&Prime; rt_paddings=\u00a0\u00bb40px,120px,,\u00a0\u00bb rt_margins=\u00a0\u00bb,,,\u00a0\u00bb rt_content_margins=\u00a0\u00bb,,,\u00a0\u00bb rt_tablet_paddings=\u00a0\u00bb,,,\u00a0\u00bb rt_tablet_margins=\u00a0\u00bb,,,\u00a0\u00bb rt_tablet_content_margins=\u00a0\u00bb,,,\u00a0\u00bb rt_sp_paddings=\u00a0\u00bb,,,\u00a0\u00bb rt_sp_margins=\u00a0\u00bb,,,\u00a0\u00bb rt_sp_content_margins=\u00a0\u00bb,,,\u00a0\u00bb rt_bg_color=\u00a0\u00bb#f4f4f4&Prime;][vc_column width=\u00a0\u00bb1\/4&Prime; rt_column_shadow=\u00a0\u00bbtrue\u00a0\u00bb rt_bg_effect=\u00a0\u00bbclassic\u00a0\u00bb rt_bg_image_repeat=\u00a0\u00bbrepeat\u00a0\u00bb rt_bg_size=\u00a0\u00bbauto auto\u00a0\u00bb rt_bg_position=\u00a0\u00bbright top\u00a0\u00bb rt_bg_attachment=\u00a0\u00bbscroll\u00a0\u00bb rt_class=\u00a0\u00bbrt-9015561&Prime; rt_margins=\u00a0\u00bb,\u00a0\u00bb rt_paddings=\u00a0\u00bb40px,40px,,\u00a0\u00bb rt_wrapper_paddings=\u00a0\u00bb,,,\u00a0\u00bb rt_tablet_margins=\u00a0\u00bb,\u00a0\u00bb rt_tablet_paddings=\u00a0\u00bb,,,\u00a0\u00bb rt_tablet_wrapper_paddings=\u00a0\u00bb,,,\u00a0\u00bb rt_sp_margins=\u00a0\u00bb,\u00a0\u00bb rt_sp_paddings=\u00a0\u00bb,,,\u00a0\u00bb rt_sp_wrapper_paddings=\u00a0\u00bb,,,\u00a0\u00bb rt_bg_color=\u00a0\u00bb#ffffff\u00a0\u00bb rt_bg_overlay_color=\u00a0\u00bb\u00a0\u00bb]<article  class=\"icon-content-box icon-pos-top icon-style-6\"><div class=\"icon-holder\"><a href=\"https:\/\/haica.tn\/wp-content\/uploads\/2020\/03\/\u0627\u0644\u062a\u0642\u0631\u064a\u0631-\u0627\u0644\u0633\u0646\u0648\u064a-\u0644\u0644\u0646\u0641\u0627\u0630-\u0627\u0644\u0649-\u0627\u0644\u0645\u0639\u0644\u0648\u0645\u0629-\u0644\u0633\u0646\u0629-2018-1.pdf\" title=\"\" target=\"_blank\"><span class=\"icon-basic-book\"><\/span><\/a><\/div><div class=\"text-holder\">\n\t<h6 class=\"heading\">\n\t\t<a href=\"https:\/\/haica.tn\/wp-content\/uploads\/2020\/03\/\u0627\u0644\u062a\u0642\u0631\u064a\u0631-\u0627\u0644\u0633\u0646\u0648\u064a-\u0644\u0644\u0646\u0641\u0627\u0630-\u0627\u0644\u0649-\u0627\u0644\u0645\u0639\u0644\u0648\u0645\u0629-\u0644\u0633\u0646\u0629-2018-1.pdf\" title=\"Rapport annuel de l'acc\u00e8s \u00e0 l'information de l'ann\u00e9e 2018 (AR)\" target=\"_blank\">\n\t\t\tRapport annuel de l'acc\u00e8s \u00e0 l'information de l'ann\u00e9e 2018 (AR)\n\t\t<\/a>\n\t<\/h6> <\/div><\/article><div class=\"button_wrapper  aligncenter rounded\"><a href=\"https:\/\/haica.tn\/wp-content\/uploads\/2020\/03\/\u0627\u0644\u062a\u0642\u0631\u064a\u0631-\u0627\u0644\u0633\u0646\u0648\u064a-\u0644\u0644\u0646\u0641\u0627\u0630-\u0627\u0644\u0649-\u0627\u0644\u0645\u0639\u0644\u0648\u0645\u0629-\u0644\u0633\u0646\u0629-2018-1.pdf\" target=\"_blank\" title=\"PDF\" class=\"button_  heading-font style-1 small rt-7139195\"><span><span>PDF<\/span><\/span><\/a><\/div>[\/vc_column][vc_column width=\u00a0\u00bb1\/4&Prime; rt_column_shadow=\u00a0\u00bbtrue\u00a0\u00bb rt_bg_effect=\u00a0\u00bbclassic\u00a0\u00bb rt_bg_image_repeat=\u00a0\u00bbrepeat\u00a0\u00bb rt_bg_size=\u00a0\u00bbauto auto\u00a0\u00bb rt_bg_position=\u00a0\u00bbright top\u00a0\u00bb rt_bg_attachment=\u00a0\u00bbscroll\u00a0\u00bb rt_class=\u00a0\u00bbrt-2716665&Prime; rt_margins=\u00a0\u00bb,\u00a0\u00bb rt_paddings=\u00a0\u00bb40px,40px,,\u00a0\u00bb rt_wrapper_paddings=\u00a0\u00bb,,,\u00a0\u00bb rt_tablet_margins=\u00a0\u00bb,\u00a0\u00bb rt_tablet_paddings=\u00a0\u00bb,,,\u00a0\u00bb rt_tablet_wrapper_paddings=\u00a0\u00bb,,,\u00a0\u00bb rt_sp_margins=\u00a0\u00bb,\u00a0\u00bb rt_sp_paddings=\u00a0\u00bb,,,\u00a0\u00bb rt_sp_wrapper_paddings=\u00a0\u00bb,,,\u00a0\u00bb rt_bg_color=\u00a0\u00bb#ffffff\u00a0\u00bb rt_bg_overlay_color=\u00a0\u00bb\u00a0\u00bb]<article  class=\"icon-content-box icon-pos-top icon-style-6\"><div class=\"icon-holder\"><a href=\"https:\/\/haica.tn\/wp-content\/uploads\/2020\/03\/rapport-2017.pdf\" title=\"\" target=\"_blank\"><span class=\"icon-basic-book\"><\/span><\/a><\/div><div class=\"text-holder\">\n\t<h6 class=\"heading\">\n\t\t<a href=\"https:\/\/haica.tn\/wp-content\/uploads\/2020\/03\/rapport-2017.pdf\" title=\"Rapport annuel de l'acc\u00e8s \u00e0 l'information de l'ann\u00e9e 2017 (AR)\" target=\"_blank\">\n\t\t\tRapport annuel de l'acc\u00e8s \u00e0 l'information de l'ann\u00e9e 2017 (AR)\n\t\t<\/a>\n\t<\/h6> <\/div><\/article><div class=\"button_wrapper  aligncenter rounded\"><a href=\"https:\/\/haica.tn\/wp-content\/uploads\/2020\/03\/rapport-2017.pdf\" target=\"_blank\" title=\"PDF\" class=\"button_  heading-font style-1 small rt-4667245\"><span><span>PDF<\/span><\/span><\/a><\/div>[\/vc_column][vc_column width=\u00a0\u00bb1\/4&Prime; rt_bg_effect=\u00a0\u00bbclassic\u00a0\u00bb rt_bg_image_repeat=\u00a0\u00bbrepeat\u00a0\u00bb rt_bg_size=\u00a0\u00bbauto auto\u00a0\u00bb rt_bg_position=\u00a0\u00bbright top\u00a0\u00bb rt_bg_attachment=\u00a0\u00bbscroll\u00a0\u00bb][\/vc_column][vc_column width=\u00a0\u00bb1\/4&Prime; rt_bg_effect=\u00a0\u00bbclassic\u00a0\u00bb rt_bg_image_repeat=\u00a0\u00bbrepeat\u00a0\u00bb rt_bg_size=\u00a0\u00bbauto auto\u00a0\u00bb rt_bg_position=\u00a0\u00bbright top\u00a0\u00bb rt_bg_attachment=\u00a0\u00bbscroll\u00a0\u00bb][\/vc_column][\/vc_row]<\/p>\n","protected":false},"excerpt":{"rendered":"<p>[vc_row rt_row_background_width=\u00a0\u00bbfullwidth\u00a0\u00bb rt_row_content_width=\u00a0\u00bbdefault\u00a0\u00bb rt_row_style=\u00a0\u00bbdefault-style\u00a0\u00bb rt_row_height=\u00a0\u00bb\u00a0\u00bb rt_column_gaps=\u00a0\u00bbtop\u00a0\u00bb rt_row_shadows=\u00a0\u00bb\u00a0\u00bb rt_row_borders=\u00a0\u00bb\u00a0\u00bb rt_bg_effect=\u00a0\u00bbclassic\u00a0\u00bb rt_bg_image_repeat=\u00a0\u00bbrepeat\u00a0\u00bb rt_bg_size=\u00a0\u00bbcover\u00a0\u00bb rt_bg_position=\u00a0\u00bbright top\u00a0\u00bb rt_bg_attachment=\u00a0\u00bbscroll\u00a0\u00bb rt_bg_layer=\u00a0\u00bb\u00a0\u00bb rt_bg_video_format=\u00a0\u00bbself-hosted\u00a0\u00bb rt_class=\u00a0\u00bbrt-2305227&Prime; rt_paddings=\u00a0\u00bb40px,120px,,\u00a0\u00bb rt_margins=\u00a0\u00bb,,,\u00a0\u00bb rt_content_margins=\u00a0\u00bb,,,\u00a0\u00bb rt_tablet_paddings=\u00a0\u00bb,,,\u00a0\u00bb rt_tablet_margins=\u00a0\u00bb,,,\u00a0\u00bb rt_tablet_content_margins=\u00a0\u00bb,,,\u00a0\u00bb rt_sp_paddings=\u00a0\u00bb,,,\u00a0\u00bb rt_sp_margins=\u00a0\u00bb,,,\u00a0\u00bb rt_sp_content_margins=\u00a0\u00bb,,,\u00a0\u00bb rt_bg_color=\u00a0\u00bb#f4f4f4&Prime;][vc_column width=\u00a0\u00bb1\/4&Prime; rt_column_shadow=\u00a0\u00bbtrue\u00a0\u00bb rt_bg_effect=\u00a0\u00bbclassic\u00a0\u00bb rt_bg_image_repeat=\u00a0\u00bbrepeat\u00a0\u00bb rt_bg_size=\u00a0\u00bbauto auto\u00a0\u00bb rt_bg_position=\u00a0\u00bbright top\u00a0\u00bb rt_bg_attachment=\u00a0\u00bbscroll\u00a0\u00bb rt_class=\u00a0\u00bbrt-9015561&Prime; rt_margins=\u00a0\u00bb,\u00a0\u00bb rt_paddings=\u00a0\u00bb40px,40px,,\u00a0\u00bb rt_wrapper_paddings=\u00a0\u00bb,,,\u00a0\u00bb rt_tablet_margins=\u00a0\u00bb,\u00a0\u00bb rt_tablet_paddings=\u00a0\u00bb,,,\u00a0\u00bb rt_tablet_wrapper_paddings=\u00a0\u00bb,,,\u00a0\u00bb rt_sp_margins=\u00a0\u00bb,\u00a0\u00bb rt_sp_paddings=\u00a0\u00bb,,,\u00a0\u00bb rt_sp_wrapper_paddings=\u00a0\u00bb,,,\u00a0\u00bb rt_bg_color=\u00a0\u00bb#ffffff\u00a0\u00bb rt_bg_overlay_color=\u00a0\u00bb\u00a0\u00bb][\/vc_column][vc_column width=\u00a0\u00bb1\/4&Prime; rt_column_shadow=\u00a0\u00bbtrue\u00a0\u00bb rt_bg_effect=\u00a0\u00bbclassic\u00a0\u00bb rt_bg_image_repeat=\u00a0\u00bbrepeat\u00a0\u00bb rt_bg_size=\u00a0\u00bbauto auto\u00a0\u00bb rt_bg_position=\u00a0\u00bbright [&hellip;]<\/p>\n","protected":false},"author":1,"featured_media":0,"parent":0,"menu_order":0,"comment_status":"closed","ping_status":"closed","template":"","meta":[],"yoast_head":"<!-- This site is optimized with the Yoast SEO plugin v16.4 - https:\/\/yoast.com\/wordpress\/plugins\/seo\/ -->\n<title>Rapport annuel de l&#039;acc\u00e8s \u00e0 l&#039;information - HAICA<\/title>\n<meta name=\"robots\" content=\"index, follow, max-snippet:-1, max-image-preview:large, max-video-preview:-1\" \/>\n<link rel=\"canonical\" href=\"https:\/\/haica.tn\/fr\/rapport-annuel-de-lacces-a-linformation\/\" \/>\n<meta property=\"og:locale\" content=\"fr_FR\" \/>\n<meta property=\"og:type\" content=\"article\" \/>\n<meta property=\"og:title\" content=\"Rapport annuel de l&#039;acc\u00e8s \u00e0 l&#039;information - HAICA\" \/>\n<meta property=\"og:description\" content=\"[vc_row rt_row_background_width=\u00a0\u00bbfullwidth\u00a0\u00bb rt_row_content_width=\u00a0\u00bbdefault\u00a0\u00bb rt_row_style=\u00a0\u00bbdefault-style\u00a0\u00bb rt_row_height=\u00a0\u00bb\u00a0\u00bb rt_column_gaps=\u00a0\u00bbtop\u00a0\u00bb rt_row_shadows=\u00a0\u00bb\u00a0\u00bb rt_row_borders=\u00a0\u00bb\u00a0\u00bb rt_bg_effect=\u00a0\u00bbclassic\u00a0\u00bb rt_bg_image_repeat=\u00a0\u00bbrepeat\u00a0\u00bb rt_bg_size=\u00a0\u00bbcover\u00a0\u00bb rt_bg_position=\u00a0\u00bbright top\u00a0\u00bb rt_bg_attachment=\u00a0\u00bbscroll\u00a0\u00bb rt_bg_layer=\u00a0\u00bb\u00a0\u00bb rt_bg_video_format=\u00a0\u00bbself-hosted\u00a0\u00bb rt_class=\u00a0\u00bbrt-2305227&Prime; rt_paddings=\u00a0\u00bb40px,120px,,\u00a0\u00bb rt_margins=\u00a0\u00bb,,,\u00a0\u00bb rt_content_margins=\u00a0\u00bb,,,\u00a0\u00bb rt_tablet_paddings=\u00a0\u00bb,,,\u00a0\u00bb rt_tablet_margins=\u00a0\u00bb,,,\u00a0\u00bb rt_tablet_content_margins=\u00a0\u00bb,,,\u00a0\u00bb rt_sp_paddings=\u00a0\u00bb,,,\u00a0\u00bb rt_sp_margins=\u00a0\u00bb,,,\u00a0\u00bb rt_sp_content_margins=\u00a0\u00bb,,,\u00a0\u00bb rt_bg_color=\u00a0\u00bb#f4f4f4&Prime;][vc_column width=\u00a0\u00bb1\/4&Prime; rt_column_shadow=\u00a0\u00bbtrue\u00a0\u00bb rt_bg_effect=\u00a0\u00bbclassic\u00a0\u00bb rt_bg_image_repeat=\u00a0\u00bbrepeat\u00a0\u00bb rt_bg_size=\u00a0\u00bbauto auto\u00a0\u00bb rt_bg_position=\u00a0\u00bbright top\u00a0\u00bb rt_bg_attachment=\u00a0\u00bbscroll\u00a0\u00bb rt_class=\u00a0\u00bbrt-9015561&Prime; rt_margins=\u00a0\u00bb,\u00a0\u00bb rt_paddings=\u00a0\u00bb40px,40px,,\u00a0\u00bb rt_wrapper_paddings=\u00a0\u00bb,,,\u00a0\u00bb rt_tablet_margins=\u00a0\u00bb,\u00a0\u00bb rt_tablet_paddings=\u00a0\u00bb,,,\u00a0\u00bb rt_tablet_wrapper_paddings=\u00a0\u00bb,,,\u00a0\u00bb rt_sp_margins=\u00a0\u00bb,\u00a0\u00bb rt_sp_paddings=\u00a0\u00bb,,,\u00a0\u00bb rt_sp_wrapper_paddings=\u00a0\u00bb,,,\u00a0\u00bb rt_bg_color=\u00a0\u00bb#ffffff\u00a0\u00bb rt_bg_overlay_color=\u00a0\u00bb\u00a0\u00bb][\/vc_column][vc_column width=\u00a0\u00bb1\/4&Prime; rt_column_shadow=\u00a0\u00bbtrue\u00a0\u00bb rt_bg_effect=\u00a0\u00bbclassic\u00a0\u00bb rt_bg_image_repeat=\u00a0\u00bbrepeat\u00a0\u00bb rt_bg_size=\u00a0\u00bbauto auto\u00a0\u00bb rt_bg_position=\u00a0\u00bbright [&hellip;]\" \/>\n<meta property=\"og:url\" content=\"https:\/\/haica.tn\/fr\/rapport-annuel-de-lacces-a-linformation\/\" \/>\n<meta property=\"og:site_name\" content=\"HAICA\" \/>\n<meta property=\"article:modified_time\" content=\"2020-05-21T12:51:34+00:00\" \/>\n<meta name=\"twitter:card\" content=\"summary_large_image\" \/>\n<meta name=\"twitter:label1\" content=\"Dur\u00e9e de lecture est.\" \/>\n\t<meta name=\"twitter:data1\" content=\"2 minutes\" \/>\n<script type=\"application\/ld+json\" class=\"yoast-schema-graph\">{\"@context\":\"https:\/\/schema.org\",\"@graph\":[{\"@type\":\"WebSite\",\"@id\":\"https:\/\/haica.tn\/ar\/#website\",\"url\":\"https:\/\/haica.tn\/ar\/\",\"name\":\"HAICA\",\"description\":\"R\\u00e9gulateur de la communication audiovisuelle en Tunisie\",\"potentialAction\":[{\"@type\":\"SearchAction\",\"target\":\"https:\/\/haica.tn\/ar\/?s={search_term_string}\",\"query-input\":\"required name=search_term_string\"}],\"inLanguage\":\"fr-FR\"},{\"@type\":\"WebPage\",\"@id\":\"https:\/\/haica.tn\/fr\/rapport-annuel-de-lacces-a-linformation\/#webpage\",\"url\":\"https:\/\/haica.tn\/fr\/rapport-annuel-de-lacces-a-linformation\/\",\"name\":\"Rapport annuel de l'acc\\u00e8s \\u00e0 l'information - HAICA\",\"isPartOf\":{\"@id\":\"https:\/\/haica.tn\/ar\/#website\"},\"datePublished\":\"2020-03-04T15:51:40+00:00\",\"dateModified\":\"2020-05-21T12:51:34+00:00\",\"breadcrumb\":{\"@id\":\"https:\/\/haica.tn\/fr\/rapport-annuel-de-lacces-a-linformation\/#breadcrumb\"},\"inLanguage\":\"fr-FR\",\"potentialAction\":[{\"@type\":\"ReadAction\",\"target\":[\"https:\/\/haica.tn\/fr\/rapport-annuel-de-lacces-a-linformation\/\"]}]},{\"@type\":\"BreadcrumbList\",\"@id\":\"https:\/\/haica.tn\/fr\/rapport-annuel-de-lacces-a-linformation\/#breadcrumb\",\"itemListElement\":[{\"@type\":\"ListItem\",\"position\":1,\"item\":{\"@type\":\"WebPage\",\"@id\":\"https:\/\/haica.tn\/fr\/\",\"url\":\"https:\/\/haica.tn\/fr\/\",\"name\":\"Accueil\"}},{\"@type\":\"ListItem\",\"position\":2,\"item\":{\"@id\":\"https:\/\/haica.tn\/fr\/rapport-annuel-de-lacces-a-linformation\/#webpage\"}}]}]}<\/script>\n<!-- \/ Yoast SEO plugin. -->","_links":{"self":[{"href":"https:\/\/haica.tn\/fr\/wp-json\/wp\/v2\/pages\/12941"}],"collection":[{"href":"https:\/\/haica.tn\/fr\/wp-json\/wp\/v2\/pages"}],"about":[{"href":"https:\/\/haica.tn\/fr\/wp-json\/wp\/v2\/types\/page"}],"author":[{"embeddable":true,"href":"https:\/\/haica.tn\/fr\/wp-json\/wp\/v2\/users\/1"}],"replies":[{"embeddable":true,"href":"https:\/\/haica.tn\/fr\/wp-json\/wp\/v2\/comments?post=12941"}],"version-history":[{"count":4,"href":"https:\/\/haica.tn\/fr\/wp-json\/wp\/v2\/pages\/12941\/revisions"}],"predecessor-version":[{"id":12945,"href":"https:\/\/haica.tn\/fr\/wp-json\/wp\/v2\/pages\/12941\/revisions\/12945"}],"wp:attachment":[{"href":"https:\/\/haica.tn\/fr\/wp-json\/wp\/v2\/media?parent=12941"}],"curies":[{"name":"wp","href":"https:\/\/api.w.org\/{rel}","templated":true}]}}