{"id":12988,"date":"2020-05-22T18:40:48","date_gmt":"2020-05-22T16:40:48","guid":{"rendered":"https:\/\/haica.tn\/%d8%b7%d9%84%d8%a8-%d9%86%d9%81%d8%a7%d8%b0-%d8%a5%d9%84%d9%89-%d8%a7%d9%84%d9%85%d9%83%d8%aa%d8%a8%d8%a9-%d8%a7%d9%84%d8%b3%d9%85%d8%b9%d9%8a%d8%a9-%d8%a7%d9%84%d8%a8%d8%b5%d8%b1%d9%8a%d8%a9\/"},"modified":"2020-05-26T15:00:51","modified_gmt":"2020-05-26T13:00:51","slug":"demande-dacces-a-la-mediatheque-de-la-haica","status":"publish","type":"page","link":"https:\/\/haica.tn\/fr\/demande-dacces-a-la-mediatheque-de-la-haica\/","title":{"rendered":"Demande d&rsquo;acc\u00e8s \u00e0 la m\u00e9diath\u00e8que de la HAICA"},"content":{"rendered":"<p>[vc_row rt_row_background_width=\u00a0\u00bbfullwidth\u00a0\u00bb rt_row_content_width=\u00a0\u00bbdefault\u00a0\u00bb rt_row_style=\u00a0\u00bbdefault-style\u00a0\u00bb rt_row_height=\u00a0\u00bb\u00a0\u00bb rt_column_gaps=\u00a0\u00bb\u00a0\u00bb rt_row_shadows=\u00a0\u00bb\u00a0\u00bb rt_row_borders=\u00a0\u00bb\u00a0\u00bb rt_bg_effect=\u00a0\u00bbclassic\u00a0\u00bb rt_bg_image_repeat=\u00a0\u00bbrepeat\u00a0\u00bb rt_bg_size=\u00a0\u00bbcover\u00a0\u00bb rt_bg_position=\u00a0\u00bbright top\u00a0\u00bb rt_bg_attachment=\u00a0\u00bbscroll\u00a0\u00bb rt_bg_layer=\u00a0\u00bb\u00a0\u00bb rt_bg_video_format=\u00a0\u00bbself-hosted\u00a0\u00bb][vc_column rt_bg_effect=\u00a0\u00bbclassic\u00a0\u00bb rt_bg_image_repeat=\u00a0\u00bbrepeat\u00a0\u00bb rt_bg_size=\u00a0\u00bbauto auto\u00a0\u00bb rt_bg_position=\u00a0\u00bbright top\u00a0\u00bb rt_bg_attachment=\u00a0\u00bbscroll\u00a0\u00bb]<div role=\"form\" class=\"wpcf7\" id=\"wpcf7-f12970-o1\" lang=\"fr-FR\" dir=\"ltr\">\n<div class=\"screen-reader-response\"><p role=\"status\" aria-live=\"polite\" aria-atomic=\"true\"><\/p> <ul><\/ul><\/div>\n<form action=\"\/fr\/wp-json\/wp\/v2\/pages\/12988#wpcf7-f12970-o1\" method=\"post\" class=\"wpcf7-form init\" novalidate=\"novalidate\" data-status=\"init\">\n<div style=\"display: none;\">\n<input type=\"hidden\" name=\"_wpcf7\" value=\"12970\" \/>\n<input type=\"hidden\" name=\"_wpcf7_version\" value=\"5.4.1\" \/>\n<input type=\"hidden\" name=\"_wpcf7_locale\" value=\"fr_FR\" \/>\n<input type=\"hidden\" name=\"_wpcf7_unit_tag\" value=\"wpcf7-f12970-o1\" \/>\n<input type=\"hidden\" name=\"_wpcf7_container_post\" value=\"0\" \/>\n<input type=\"hidden\" name=\"_wpcf7_posted_data_hash\" value=\"\" \/>\n<input type=\"hidden\" name=\"_wpcf7cf_hidden_group_fields\" value=\"\" \/>\n<input type=\"hidden\" name=\"_wpcf7cf_hidden_groups\" value=\"\" \/>\n<input type=\"hidden\" name=\"_wpcf7cf_visible_groups\" value=\"\" \/>\n<input type=\"hidden\" name=\"_wpcf7cf_repeaters\" value=\"[]\" \/>\n<input type=\"hidden\" name=\"_wpcf7cf_steps\" value=\"{}\" \/>\n<input type=\"hidden\" name=\"_wpcf7cf_options\" value=\"{&quot;form_id&quot;:12970,&quot;conditions&quot;:[],&quot;settings&quot;:{&quot;animation&quot;:&quot;yes&quot;,&quot;animation_intime&quot;:200,&quot;animation_outtime&quot;:200,&quot;conditions_ui&quot;:&quot;normal&quot;,&quot;notice_dismissed&quot;:false}}\" \/>\n<\/div>\n<h4>\u0637\u0644\u0628 \u0646\u0641\u0627\u0630 \u0625\u0644\u0649 \u0627\u0644\u0645\u0643\u062a\u0628\u0629 \u0627\u0644\u0633\u0645\u0639\u064a\u0629 \u0627\u0644\u0628\u0635\u0631\u064a\u0629<\/h4>\n<p><label> \u0647\u0644 \u0647\u0630\u0647 \u0627\u0644\u0632\u064a\u0627\u0631\u0629 \u0627\u0644\u0627\u0648\u0644\u0649 \u0644\u0644\u0645\u0643\u062a\u0628\u0629 \u061f <span class=\"wpcf7-form-control-wrap radio-492\"><span class=\"wpcf7-form-control wpcf7-radio\"><span class=\"wpcf7-list-item first\"><input type=\"radio\" name=\"radio-492\" value=\"\u0646\u0639\u0645\" checked=\"checked\" \/><span class=\"wpcf7-list-item-label\">\u0646\u0639\u0645<\/span><\/span><span class=\"wpcf7-list-item last\"><input type=\"radio\" name=\"radio-492\" value=\"\u0644\u0627\" \/><span class=\"wpcf7-list-item-label\">\u0644\u0627<\/span><\/span><\/span><\/span><\/label><\/p>\n<p><label> \u0627\u0644\u062c\u0646\u0633: <span class=\"wpcf7-form-control-wrap radio-762\"><span class=\"wpcf7-form-control wpcf7-radio\"><span class=\"wpcf7-list-item first\"><input type=\"radio\" name=\"radio-762\" value=\"\u0623\u0646\u062b\u0649\" checked=\"checked\" \/><span class=\"wpcf7-list-item-label\">\u0623\u0646\u062b\u0649<\/span><\/span><span class=\"wpcf7-list-item last\"><input type=\"radio\" name=\"radio-762\" value=\"\u0630\u0643\u0631\" \/><span class=\"wpcf7-list-item-label\">\u0630\u0643\u0631<\/span><\/span><\/span><\/span><\/label><\/p>\n<p><label> <span class=\"wpcf7-form-control-wrap prenom\"><input type=\"text\" name=\"prenom\" value=\"\" size=\"40\" class=\"wpcf7-form-control wpcf7-text wpcf7-validates-as-required fullwidth\" aria-required=\"true\" aria-invalid=\"false\" placeholder=\"\u0627\u0644\u0627\u0633\u0645\" \/><\/span> <\/label><\/p>\n<p><label> <span class=\"wpcf7-form-control-wrap nom\"><input type=\"text\" name=\"nom\" value=\"\" size=\"40\" class=\"wpcf7-form-control wpcf7-text wpcf7-validates-as-required fullwidth\" aria-required=\"true\" aria-invalid=\"false\" placeholder=\"\u0627\u0644\u0644\u0642\u0628\" \/><\/span> <\/label><\/p>\n<p><label>  <span class=\"wpcf7-form-control-wrap your-tel\"><input type=\"tel\" name=\"your-tel\" value=\"\" size=\"40\" class=\"wpcf7-form-control wpcf7-text wpcf7-tel wpcf7-validates-as-required wpcf7-validates-as-tel fullwidth\" aria-required=\"true\" aria-invalid=\"false\" placeholder=\"\u0631\u0642\u0645 \u0627\u0644\u0647\u0627\u062a\u0641\" \/><\/span><\/label><\/p>\n<p><label> <span class=\"wpcf7-form-control-wrap your-email\"><input type=\"email\" name=\"your-email\" value=\"\" size=\"40\" class=\"wpcf7-form-control wpcf7-text wpcf7-email wpcf7-validates-as-required wpcf7-validates-as-email fullwidth\" aria-required=\"true\" aria-invalid=\"false\" placeholder=\"\u0627\u0644\u0628\u0631\u064a\u062f \u0627\u0644\u0627\u0644\u0643\u062a\u0631\u0648\u0646\u064a\" \/><\/span>  <\/label><\/p>\n<p><label> <span class=\"wpcf7-form-control-wrap adresse\"><input type=\"text\" name=\"adresse\" value=\"\" size=\"40\" class=\"wpcf7-form-control wpcf7-text fullwidth\" aria-invalid=\"false\" placeholder=\"\u0627\u0644\u0639\u0646\u0648\u0627\u0646\" \/><\/span>  <\/label><\/p>\n<p><label>\u062a\u0627\u0631\u064a\u062e \u0627\u0644\u0632\u064a\u0627\u0631\u0629 <span class=\"wpcf7-form-control-wrap date-visite\"><input type=\"date\" name=\"date-visite\" value=\"\" class=\"wpcf7-form-control wpcf7-date wpcf7-validates-as-date\" aria-invalid=\"false\" \/><\/span> <\/label><\/p>\n<p><label><span class=\"wpcf7-form-control-wrap text-institut\"><input type=\"text\" name=\"text-institut\" value=\"\" size=\"40\" class=\"wpcf7-form-control wpcf7-text wpcf7-validates-as-required fullwidth\" aria-required=\"true\" aria-invalid=\"false\" placeholder=\"\u0627\u0644\u0645\u0639\u0647\u062f \/ \u0627\u0644\u0645\u0646\u0638\u0645\u0629\" \/><\/span><\/p>\n<p><label><span class=\"wpcf7-form-control-wrap menu-visiteur\"><select name=\"menu-visiteur\" class=\"wpcf7-form-control wpcf7-select wpcf7-validates-as-required fullwidth\" aria-required=\"true\" aria-invalid=\"false\"><option value=\"\u0625\u0637\u0627\u0631 \u0627\u0644\u0632\u064a\u0627\u0631\u0629\">\u0625\u0637\u0627\u0631 \u0627\u0644\u0632\u064a\u0627\u0631\u0629<\/option><option value=\"\u0637\u0627\u0644\u0628\">\u0637\u0627\u0644\u0628<\/option><option value=\"\u0623\u0633\u062a\u0627\u0630 \/ \u0628\u0627\u062d\u062b\">\u0623\u0633\u062a\u0627\u0630 \/ \u0628\u0627\u062d\u062b<\/option><option value=\"\u0645\u062c\u062a\u0645\u0639 \u0645\u062f\u0646\u064a\">\u0645\u062c\u062a\u0645\u0639 \u0645\u062f\u0646\u064a<\/option><option value=\"\u0635\u062d\u0641\u064a\">\u0635\u062d\u0641\u064a<\/option><\/select><\/span><\/p>\n<p><label><span class=\"wpcf7-form-control-wrap textarea-sujet\"><textarea name=\"textarea-sujet\" cols=\"40\" rows=\"10\" class=\"wpcf7-form-control wpcf7-textarea wpcf7-validates-as-required fullwidth\" aria-required=\"true\" aria-invalid=\"false\" placeholder=\"\u0627\u0644\u0631\u062c\u0627\u0621 \u062a\u062d\u062f\u064a\u062f \u0645\u0648\u0636\u0648\u0639 \u0627\u0644\u0628\u062d\u062b\"><\/textarea><\/span><\/p>\n<p><input type=\"submit\" value=\"\u0623\u0631\u0633\u0644\" class=\"wpcf7-form-control wpcf7-submit\" \/><\/p>\n<div class=\"wpcf7-response-output\" aria-hidden=\"true\"><\/div><\/form><\/div>[\/vc_column][\/vc_row]<\/p>\n","protected":false},"excerpt":{"rendered":"<p>[vc_row rt_row_background_width=\u00a0\u00bbfullwidth\u00a0\u00bb rt_row_content_width=\u00a0\u00bbdefault\u00a0\u00bb rt_row_style=\u00a0\u00bbdefault-style\u00a0\u00bb rt_row_height=\u00a0\u00bb\u00a0\u00bb rt_column_gaps=\u00a0\u00bb\u00a0\u00bb rt_row_shadows=\u00a0\u00bb\u00a0\u00bb rt_row_borders=\u00a0\u00bb\u00a0\u00bb rt_bg_effect=\u00a0\u00bbclassic\u00a0\u00bb rt_bg_image_repeat=\u00a0\u00bbrepeat\u00a0\u00bb rt_bg_size=\u00a0\u00bbcover\u00a0\u00bb rt_bg_position=\u00a0\u00bbright top\u00a0\u00bb rt_bg_attachment=\u00a0\u00bbscroll\u00a0\u00bb rt_bg_layer=\u00a0\u00bb\u00a0\u00bb rt_bg_video_format=\u00a0\u00bbself-hosted\u00a0\u00bb][vc_column rt_bg_effect=\u00a0\u00bbclassic\u00a0\u00bb rt_bg_image_repeat=\u00a0\u00bbrepeat\u00a0\u00bb rt_bg_size=\u00a0\u00bbauto auto\u00a0\u00bb rt_bg_position=\u00a0\u00bbright top\u00a0\u00bb rt_bg_attachment=\u00a0\u00bbscroll\u00a0\u00bb][\/vc_column][\/vc_row]<\/p>\n","protected":false},"author":1,"featured_media":0,"parent":0,"menu_order":0,"comment_status":"closed","ping_status":"closed","template":"","meta":[],"yoast_head":"<!-- This site is optimized with the Yoast SEO plugin v16.4 - https:\/\/yoast.com\/wordpress\/plugins\/seo\/ -->\n<title>Demande d&#039;acc\u00e8s \u00e0 la m\u00e9diath\u00e8que de la HAICA - HAICA<\/title>\n<meta name=\"robots\" content=\"index, follow, max-snippet:-1, max-image-preview:large, max-video-preview:-1\" \/>\n<link rel=\"canonical\" href=\"https:\/\/haica.tn\/fr\/demande-dacces-a-la-mediatheque-de-la-haica\/\" \/>\n<meta property=\"og:locale\" content=\"fr_FR\" \/>\n<meta property=\"og:type\" content=\"article\" \/>\n<meta property=\"og:title\" content=\"Demande d&#039;acc\u00e8s \u00e0 la m\u00e9diath\u00e8que de la HAICA - HAICA\" \/>\n<meta property=\"og:description\" content=\"[vc_row rt_row_background_width=\u00a0\u00bbfullwidth\u00a0\u00bb rt_row_content_width=\u00a0\u00bbdefault\u00a0\u00bb rt_row_style=\u00a0\u00bbdefault-style\u00a0\u00bb rt_row_height=\u00a0\u00bb\u00a0\u00bb rt_column_gaps=\u00a0\u00bb\u00a0\u00bb rt_row_shadows=\u00a0\u00bb\u00a0\u00bb rt_row_borders=\u00a0\u00bb\u00a0\u00bb rt_bg_effect=\u00a0\u00bbclassic\u00a0\u00bb rt_bg_image_repeat=\u00a0\u00bbrepeat\u00a0\u00bb rt_bg_size=\u00a0\u00bbcover\u00a0\u00bb rt_bg_position=\u00a0\u00bbright top\u00a0\u00bb rt_bg_attachment=\u00a0\u00bbscroll\u00a0\u00bb rt_bg_layer=\u00a0\u00bb\u00a0\u00bb rt_bg_video_format=\u00a0\u00bbself-hosted\u00a0\u00bb][vc_column rt_bg_effect=\u00a0\u00bbclassic\u00a0\u00bb rt_bg_image_repeat=\u00a0\u00bbrepeat\u00a0\u00bb rt_bg_size=\u00a0\u00bbauto auto\u00a0\u00bb rt_bg_position=\u00a0\u00bbright top\u00a0\u00bb rt_bg_attachment=\u00a0\u00bbscroll\u00a0\u00bb][\/vc_column][\/vc_row]\" \/>\n<meta property=\"og:url\" content=\"https:\/\/haica.tn\/fr\/demande-dacces-a-la-mediatheque-de-la-haica\/\" \/>\n<meta property=\"og:site_name\" content=\"HAICA\" \/>\n<meta property=\"article:modified_time\" content=\"2020-05-26T13:00:51+00:00\" \/>\n<meta name=\"twitter:card\" content=\"summary_large_image\" \/>\n<script type=\"application\/ld+json\" class=\"yoast-schema-graph\">{\"@context\":\"https:\/\/schema.org\",\"@graph\":[{\"@type\":\"WebSite\",\"@id\":\"https:\/\/haica.tn\/ar\/#website\",\"url\":\"https:\/\/haica.tn\/ar\/\",\"name\":\"HAICA\",\"description\":\"R\\u00e9gulateur de la communication audiovisuelle en Tunisie\",\"potentialAction\":[{\"@type\":\"SearchAction\",\"target\":\"https:\/\/haica.tn\/ar\/?s={search_term_string}\",\"query-input\":\"required name=search_term_string\"}],\"inLanguage\":\"fr-FR\"},{\"@type\":\"WebPage\",\"@id\":\"https:\/\/haica.tn\/fr\/demande-dacces-a-la-mediatheque-de-la-haica\/#webpage\",\"url\":\"https:\/\/haica.tn\/fr\/demande-dacces-a-la-mediatheque-de-la-haica\/\",\"name\":\"Demande d'acc\\u00e8s \\u00e0 la m\\u00e9diath\\u00e8que de la HAICA - HAICA\",\"isPartOf\":{\"@id\":\"https:\/\/haica.tn\/ar\/#website\"},\"datePublished\":\"2020-05-22T16:40:48+00:00\",\"dateModified\":\"2020-05-26T13:00:51+00:00\",\"breadcrumb\":{\"@id\":\"https:\/\/haica.tn\/fr\/demande-dacces-a-la-mediatheque-de-la-haica\/#breadcrumb\"},\"inLanguage\":\"fr-FR\",\"potentialAction\":[{\"@type\":\"ReadAction\",\"target\":[\"https:\/\/haica.tn\/fr\/demande-dacces-a-la-mediatheque-de-la-haica\/\"]}]},{\"@type\":\"BreadcrumbList\",\"@id\":\"https:\/\/haica.tn\/fr\/demande-dacces-a-la-mediatheque-de-la-haica\/#breadcrumb\",\"itemListElement\":[{\"@type\":\"ListItem\",\"position\":1,\"item\":{\"@type\":\"WebPage\",\"@id\":\"https:\/\/haica.tn\/fr\/\",\"url\":\"https:\/\/haica.tn\/fr\/\",\"name\":\"Accueil\"}},{\"@type\":\"ListItem\",\"position\":2,\"item\":{\"@id\":\"https:\/\/haica.tn\/fr\/demande-dacces-a-la-mediatheque-de-la-haica\/#webpage\"}}]}]}<\/script>\n<!-- \/ Yoast SEO plugin. -->","_links":{"self":[{"href":"https:\/\/haica.tn\/fr\/wp-json\/wp\/v2\/pages\/12988"}],"collection":[{"href":"https:\/\/haica.tn\/fr\/wp-json\/wp\/v2\/pages"}],"about":[{"href":"https:\/\/haica.tn\/fr\/wp-json\/wp\/v2\/types\/page"}],"author":[{"embeddable":true,"href":"https:\/\/haica.tn\/fr\/wp-json\/wp\/v2\/users\/1"}],"replies":[{"embeddable":true,"href":"https:\/\/haica.tn\/fr\/wp-json\/wp\/v2\/comments?post=12988"}],"version-history":[{"count":3,"href":"https:\/\/haica.tn\/fr\/wp-json\/wp\/v2\/pages\/12988\/revisions"}],"predecessor-version":[{"id":12989,"href":"https:\/\/haica.tn\/fr\/wp-json\/wp\/v2\/pages\/12988\/revisions\/12989"}],"wp:attachment":[{"href":"https:\/\/haica.tn\/fr\/wp-json\/wp\/v2\/media?parent=12988"}],"curies":[{"name":"wp","href":"https:\/\/api.w.org\/{rel}","templated":true}]}}