{"id":13503,"date":"2020-06-15T14:49:09","date_gmt":"2020-06-15T12:49:09","guid":{"rendered":"https:\/\/haica.tn\/?page_id=13503"},"modified":"2020-06-15T15:52:01","modified_gmt":"2020-06-15T13:52:01","slug":"loi-et-articles","status":"publish","type":"page","link":"https:\/\/haica.tn\/fr\/loi-et-articles\/","title":{"rendered":"Lois et articles"},"content":{"rendered":"<p>[vc_row rt_row_background_width=\u00a0\u00bbfullwidth\u00a0\u00bb rt_row_content_width=\u00a0\u00bbdefault\u00a0\u00bb rt_row_style=\u00a0\u00bbdefault-style\u00a0\u00bb rt_row_height=\u00a0\u00bb\u00a0\u00bb rt_column_gaps=\u00a0\u00bb\u00a0\u00bb rt_row_shadows=\u00a0\u00bb\u00a0\u00bb rt_row_borders=\u00a0\u00bb\u00a0\u00bb rt_bg_effect=\u00a0\u00bbclassic\u00a0\u00bb rt_bg_image_repeat=\u00a0\u00bbrepeat\u00a0\u00bb rt_bg_size=\u00a0\u00bbcover\u00a0\u00bb rt_bg_position=\u00a0\u00bbright top\u00a0\u00bb rt_bg_attachment=\u00a0\u00bbscroll\u00a0\u00bb rt_bg_layer=\u00a0\u00bb\u00a0\u00bb rt_bg_video_format=\u00a0\u00bbself-hosted\u00a0\u00bb rt_class=\u00a0\u00bbrt-6874503&Prime; rt_paddings=\u00a0\u00bb40px,75px,,\u00a0\u00bb rt_margins=\u00a0\u00bb,,,\u00a0\u00bb rt_content_margins=\u00a0\u00bb,,,\u00a0\u00bb rt_tablet_paddings=\u00a0\u00bb,,,\u00a0\u00bb rt_tablet_margins=\u00a0\u00bb,,,\u00a0\u00bb rt_tablet_content_margins=\u00a0\u00bb,,,\u00a0\u00bb rt_sp_paddings=\u00a0\u00bb,,,\u00a0\u00bb rt_sp_margins=\u00a0\u00bb,,,\u00a0\u00bb rt_sp_content_margins=\u00a0\u00bb,,,\u00a0\u00bb][vc_column rt_bg_effect=\u00a0\u00bbclassic\u00a0\u00bb rt_bg_image_repeat=\u00a0\u00bbrepeat\u00a0\u00bb rt_bg_size=\u00a0\u00bbauto auto\u00a0\u00bb rt_bg_position=\u00a0\u00bbright top\u00a0\u00bb rt_bg_attachment=\u00a0\u00bbscroll\u00a0\u00bb]<div class=\"rt-heading-wrapper style-1 rt-1210141\">\n\t\t\t\t\t\t<h4 class=\"rt-heading style-1\" >Article 31<\/h4>\n\t\t\t\t\t<\/div>[vc_column_text]Les libert\u00e9s d\u2019opinion, de pens\u00e9e, d\u2019expression, d\u2019information et de publication sont garanties.<\/p>\n<p>Ces libert\u00e9s ne sauraient \u00eatre soumises \u00e0 un contr\u00f4le pr\u00e9alable.[\/vc_column_text]<div class=\"rt-heading-wrapper style-1 rt-5021118\">\n\t\t\t\t\t\t<h4 class=\"rt-heading style-1\" >Article 32<\/h4>\n\t\t\t\t\t<\/div>[vc_column_text]L\u2019\u00c9tat garantit le droit \u00e0 l\u2019information et le droit d\u2019acc\u00e8s \u00e0 l\u2019information.<br \/>\nL\u2019\u00c9tat \u0153uvre en vue de garantir le droit d\u2019acc\u00e8s aux r\u00e9seaux de communication.[\/vc_column_text]<div class=\"rt-heading-wrapper style-1 rt-2412624\">\n\t\t\t\t\t\t<h4 class=\"rt-heading style-1\" >Article 125 du chapitre VI : des instances constitutionnelles ind\u00e9pendantes<\/h4>\n\t\t\t\t\t<\/div>[vc_column_text]Les instances constitutionnelles ind\u00e9pendantes \u0153uvrent au renforcement de la d\u00e9mocratie. Toutes les institutions de l\u2019\u00c9tat se doivent de leur faciliter le travail.<\/p>\n<p>Elles sont dot\u00e9es de la personnalit\u00e9 juridique et de l\u2019autonomie financi\u00e8re et administrative.<\/p>\n<p>Elles sont \u00e9lues par l\u2019Assembl\u00e9e du peuple \u00e0 laquelle elles pr\u00e9sentent leur rapport annuel et devant laquelle elles sont responsables. Leur \u00e9lection se fait \u00e0 une majorit\u00e9 renforc\u00e9e.<\/p>\n<p>La loi fixe la composition de ces instances, leur organisation, ainsi que les modalit\u00e9s de leur contr\u00f4le.[\/vc_column_text]<div class=\"rt-heading-wrapper style-1 rt-4709451\">\n\t\t\t\t\t\t<h4 class=\"rt-heading style-1\" >Article 127 du section II : De l\u2019Instance de la communication audiovisuelle<\/h4>\n\t\t\t\t\t<\/div>[vc_column_text]L\u2019instance de la communication audiovisuelle est charg\u00e9e de la r\u00e9gulation et du d\u00e9veloppement du secteur de la communication audiovisuelle. Elle veille \u00e0 garantir la libert\u00e9 d\u2019expression et d\u2019information, le droit d\u2019acc\u00e8s \u00e0 l\u2019information et l\u2019instauration d\u2019un paysage m\u00e9diatique pluraliste et int\u00e8gre.<\/p>\n<p>L\u2019instance jouit d\u2019un pouvoir r\u00e9glementaire dans son domaine de comp\u00e9tence et est obligatoirement consult\u00e9e pour les projets de lois relatifs \u00e0 son domaine de comp\u00e9tence.<\/p>\n<p>L\u2019instance se compose de neuf membres ind\u00e9pendants, neutres, comp\u00e9tents, exp\u00e9riment\u00e9s et int\u00e8gres qui effectuent leur mission pour un mandat unique de six ans avec renouvellement du tiers de ses membres tous les deux ans.[\/vc_column_text][\/vc_column][\/vc_row]<\/p>\n","protected":false},"excerpt":{"rendered":"<p>[vc_row rt_row_background_width=\u00a0\u00bbfullwidth\u00a0\u00bb rt_row_content_width=\u00a0\u00bbdefault\u00a0\u00bb rt_row_style=\u00a0\u00bbdefault-style\u00a0\u00bb rt_row_height=\u00a0\u00bb\u00a0\u00bb rt_column_gaps=\u00a0\u00bb\u00a0\u00bb rt_row_shadows=\u00a0\u00bb\u00a0\u00bb rt_row_borders=\u00a0\u00bb\u00a0\u00bb rt_bg_effect=\u00a0\u00bbclassic\u00a0\u00bb rt_bg_image_repeat=\u00a0\u00bbrepeat\u00a0\u00bb rt_bg_size=\u00a0\u00bbcover\u00a0\u00bb rt_bg_position=\u00a0\u00bbright top\u00a0\u00bb rt_bg_attachment=\u00a0\u00bbscroll\u00a0\u00bb rt_bg_layer=\u00a0\u00bb\u00a0\u00bb rt_bg_video_format=\u00a0\u00bbself-hosted\u00a0\u00bb rt_class=\u00a0\u00bbrt-6874503&Prime; rt_paddings=\u00a0\u00bb40px,75px,,\u00a0\u00bb rt_margins=\u00a0\u00bb,,,\u00a0\u00bb rt_content_margins=\u00a0\u00bb,,,\u00a0\u00bb rt_tablet_paddings=\u00a0\u00bb,,,\u00a0\u00bb rt_tablet_margins=\u00a0\u00bb,,,\u00a0\u00bb rt_tablet_content_margins=\u00a0\u00bb,,,\u00a0\u00bb rt_sp_paddings=\u00a0\u00bb,,,\u00a0\u00bb rt_sp_margins=\u00a0\u00bb,,,\u00a0\u00bb rt_sp_content_margins=\u00a0\u00bb,,,\u00a0\u00bb][vc_column rt_bg_effect=\u00a0\u00bbclassic\u00a0\u00bb rt_bg_image_repeat=\u00a0\u00bbrepeat\u00a0\u00bb rt_bg_size=\u00a0\u00bbauto auto\u00a0\u00bb rt_bg_position=\u00a0\u00bbright top\u00a0\u00bb rt_bg_attachment=\u00a0\u00bbscroll\u00a0\u00bb][vc_column_text]Les libert\u00e9s d\u2019opinion, de pens\u00e9e, d\u2019expression, d\u2019information et de publication sont garanties. Ces libert\u00e9s ne sauraient \u00eatre soumises \u00e0 un contr\u00f4le pr\u00e9alable.[\/vc_column_text][vc_column_text]L\u2019\u00c9tat garantit [&hellip;]<\/p>\n","protected":false},"author":1,"featured_media":0,"parent":0,"menu_order":0,"comment_status":"closed","ping_status":"closed","template":"","meta":[],"yoast_head":"<!-- This site is optimized with the Yoast SEO plugin v16.4 - https:\/\/yoast.com\/wordpress\/plugins\/seo\/ -->\n<title>Lois et articles - HAICA<\/title>\n<meta name=\"robots\" content=\"index, follow, max-snippet:-1, max-image-preview:large, max-video-preview:-1\" \/>\n<link rel=\"canonical\" href=\"https:\/\/haica.tn\/fr\/loi-et-articles\/\" \/>\n<meta property=\"og:locale\" content=\"fr_FR\" \/>\n<meta property=\"og:type\" content=\"article\" \/>\n<meta property=\"og:title\" content=\"Lois et articles - HAICA\" \/>\n<meta property=\"og:description\" content=\"[vc_row rt_row_background_width=\u00a0\u00bbfullwidth\u00a0\u00bb rt_row_content_width=\u00a0\u00bbdefault\u00a0\u00bb rt_row_style=\u00a0\u00bbdefault-style\u00a0\u00bb rt_row_height=\u00a0\u00bb\u00a0\u00bb rt_column_gaps=\u00a0\u00bb\u00a0\u00bb rt_row_shadows=\u00a0\u00bb\u00a0\u00bb rt_row_borders=\u00a0\u00bb\u00a0\u00bb rt_bg_effect=\u00a0\u00bbclassic\u00a0\u00bb rt_bg_image_repeat=\u00a0\u00bbrepeat\u00a0\u00bb rt_bg_size=\u00a0\u00bbcover\u00a0\u00bb rt_bg_position=\u00a0\u00bbright top\u00a0\u00bb rt_bg_attachment=\u00a0\u00bbscroll\u00a0\u00bb rt_bg_layer=\u00a0\u00bb\u00a0\u00bb rt_bg_video_format=\u00a0\u00bbself-hosted\u00a0\u00bb rt_class=\u00a0\u00bbrt-6874503&Prime; rt_paddings=\u00a0\u00bb40px,75px,,\u00a0\u00bb rt_margins=\u00a0\u00bb,,,\u00a0\u00bb rt_content_margins=\u00a0\u00bb,,,\u00a0\u00bb rt_tablet_paddings=\u00a0\u00bb,,,\u00a0\u00bb rt_tablet_margins=\u00a0\u00bb,,,\u00a0\u00bb rt_tablet_content_margins=\u00a0\u00bb,,,\u00a0\u00bb rt_sp_paddings=\u00a0\u00bb,,,\u00a0\u00bb rt_sp_margins=\u00a0\u00bb,,,\u00a0\u00bb rt_sp_content_margins=\u00a0\u00bb,,,\u00a0\u00bb][vc_column rt_bg_effect=\u00a0\u00bbclassic\u00a0\u00bb rt_bg_image_repeat=\u00a0\u00bbrepeat\u00a0\u00bb rt_bg_size=\u00a0\u00bbauto auto\u00a0\u00bb rt_bg_position=\u00a0\u00bbright top\u00a0\u00bb rt_bg_attachment=\u00a0\u00bbscroll\u00a0\u00bb][vc_column_text]Les libert\u00e9s d\u2019opinion, de pens\u00e9e, d\u2019expression, d\u2019information et de publication sont garanties. Ces libert\u00e9s ne sauraient \u00eatre soumises \u00e0 un contr\u00f4le pr\u00e9alable.[\/vc_column_text][vc_column_text]L\u2019\u00c9tat garantit [&hellip;]\" \/>\n<meta property=\"og:url\" content=\"https:\/\/haica.tn\/fr\/loi-et-articles\/\" \/>\n<meta property=\"og:site_name\" content=\"HAICA\" \/>\n<meta property=\"article:modified_time\" content=\"2020-06-15T13:52:01+00:00\" \/>\n<meta name=\"twitter:card\" content=\"summary_large_image\" \/>\n<meta name=\"twitter:label1\" content=\"Dur\u00e9e de lecture est.\" \/>\n\t<meta name=\"twitter:data1\" content=\"3 minutes\" \/>\n<script type=\"application\/ld+json\" class=\"yoast-schema-graph\">{\"@context\":\"https:\/\/schema.org\",\"@graph\":[{\"@type\":\"WebSite\",\"@id\":\"https:\/\/haica.tn\/ar\/#website\",\"url\":\"https:\/\/haica.tn\/ar\/\",\"name\":\"HAICA\",\"description\":\"R\\u00e9gulateur de la communication audiovisuelle en Tunisie\",\"potentialAction\":[{\"@type\":\"SearchAction\",\"target\":\"https:\/\/haica.tn\/ar\/?s={search_term_string}\",\"query-input\":\"required name=search_term_string\"}],\"inLanguage\":\"fr-FR\"},{\"@type\":\"WebPage\",\"@id\":\"https:\/\/haica.tn\/fr\/loi-et-articles\/#webpage\",\"url\":\"https:\/\/haica.tn\/fr\/loi-et-articles\/\",\"name\":\"Lois et articles - HAICA\",\"isPartOf\":{\"@id\":\"https:\/\/haica.tn\/ar\/#website\"},\"datePublished\":\"2020-06-15T12:49:09+00:00\",\"dateModified\":\"2020-06-15T13:52:01+00:00\",\"breadcrumb\":{\"@id\":\"https:\/\/haica.tn\/fr\/loi-et-articles\/#breadcrumb\"},\"inLanguage\":\"fr-FR\",\"potentialAction\":[{\"@type\":\"ReadAction\",\"target\":[\"https:\/\/haica.tn\/fr\/loi-et-articles\/\"]}]},{\"@type\":\"BreadcrumbList\",\"@id\":\"https:\/\/haica.tn\/fr\/loi-et-articles\/#breadcrumb\",\"itemListElement\":[{\"@type\":\"ListItem\",\"position\":1,\"item\":{\"@type\":\"WebPage\",\"@id\":\"https:\/\/haica.tn\/fr\/\",\"url\":\"https:\/\/haica.tn\/fr\/\",\"name\":\"Accueil\"}},{\"@type\":\"ListItem\",\"position\":2,\"item\":{\"@id\":\"https:\/\/haica.tn\/fr\/loi-et-articles\/#webpage\"}}]}]}<\/script>\n<!-- \/ Yoast SEO plugin. -->","_links":{"self":[{"href":"https:\/\/haica.tn\/fr\/wp-json\/wp\/v2\/pages\/13503"}],"collection":[{"href":"https:\/\/haica.tn\/fr\/wp-json\/wp\/v2\/pages"}],"about":[{"href":"https:\/\/haica.tn\/fr\/wp-json\/wp\/v2\/types\/page"}],"author":[{"embeddable":true,"href":"https:\/\/haica.tn\/fr\/wp-json\/wp\/v2\/users\/1"}],"replies":[{"embeddable":true,"href":"https:\/\/haica.tn\/fr\/wp-json\/wp\/v2\/comments?post=13503"}],"version-history":[{"count":6,"href":"https:\/\/haica.tn\/fr\/wp-json\/wp\/v2\/pages\/13503\/revisions"}],"predecessor-version":[{"id":13533,"href":"https:\/\/haica.tn\/fr\/wp-json\/wp\/v2\/pages\/13503\/revisions\/13533"}],"wp:attachment":[{"href":"https:\/\/haica.tn\/fr\/wp-json\/wp\/v2\/media?parent=13503"}],"curies":[{"name":"wp","href":"https:\/\/api.w.org\/{rel}","templated":true}]}}