{"id":5729,"date":"2019-12-26T14:47:02","date_gmt":"2019-12-26T13:47:02","guid":{"rendered":"https:\/\/haica.tn\/?page_id=5729"},"modified":"2020-08-14T11:51:29","modified_gmt":"2020-08-14T09:51:29","slug":"televisions-privees","status":"publish","type":"page","link":"https:\/\/haica.tn\/fr\/televisions\/televisions-privees\/","title":{"rendered":"T\u00e9l\u00e9visions priv\u00e9es"},"content":{"rendered":"<p>[vc_row rt_row_background_width=\u00a0\u00bbfullwidth\u00a0\u00bb rt_row_content_width=\u00a0\u00bbdefault\u00a0\u00bb rt_row_style=\u00a0\u00bbdefault-style\u00a0\u00bb rt_row_height=\u00a0\u00bb\u00a0\u00bb rt_column_gaps=\u00a0\u00bb\u00a0\u00bb rt_row_shadows=\u00a0\u00bb\u00a0\u00bb rt_row_borders=\u00a0\u00bb\u00a0\u00bb rt_bg_effect=\u00a0\u00bbclassic\u00a0\u00bb rt_bg_image_repeat=\u00a0\u00bbrepeat\u00a0\u00bb rt_bg_size=\u00a0\u00bbcover\u00a0\u00bb rt_bg_position=\u00a0\u00bbright top\u00a0\u00bb rt_bg_attachment=\u00a0\u00bbscroll\u00a0\u00bb rt_bg_layer=\u00a0\u00bb\u00a0\u00bb rt_bg_video_format=\u00a0\u00bbself-hosted\u00a0\u00bb rt_class=\u00a0\u00bbrt-7803172&Prime; rt_paddings=\u00a0\u00bb,,,\u00a0\u00bb rt_margins=\u00a0\u00bb,,,\u00a0\u00bb rt_content_margins=\u00a0\u00bb,,,\u00a0\u00bb rt_tablet_paddings=\u00a0\u00bb,,,\u00a0\u00bb rt_tablet_margins=\u00a0\u00bb,,,\u00a0\u00bb rt_tablet_content_margins=\u00a0\u00bb,,,\u00a0\u00bb rt_sp_paddings=\u00a0\u00bb,,,\u00a0\u00bb rt_sp_margins=\u00a0\u00bb,,,\u00a0\u00bb rt_sp_content_margins=\u00a0\u00bb,,,\u00a0\u00bb rt_bg_color=\u00a0\u00bb#e5e5e5&Prime;][vc_column rt_bg_effect=\u00a0\u00bbclassic\u00a0\u00bb rt_bg_image_repeat=\u00a0\u00bbrepeat\u00a0\u00bb rt_bg_size=\u00a0\u00bbauto auto\u00a0\u00bb rt_bg_position=\u00a0\u00bbright top\u00a0\u00bb rt_bg_attachment=\u00a0\u00bbscroll\u00a0\u00bb]\n\t\t\t\t<div id=\"portfolio-dynamicID-592459\" class=\"rt-carousel carousel-holder clearfix portfolio-carousel boxed-carousel rt_lightbox_gallery\" data-item-width=\"3\" data-nav=\"true\" data-dots=\"true\" data-margin=\"0\" data-autoplay=\"false\" data-timeout=\"5000\" data-thumbnails=\"false\" data-boxed=\"true\" data-min-height=\"\" data-padding=\"0\" data-loop=\"false\" data-tablet-item-width=\"3\" data-mobile-item-width=\"1\">\n\t\t\t\t\t<div class=\"owl-carousel\">\n\t\t\t\t\t\t<div class=\"boxed\"><div class=\"item portfolio  televisions-privees\">\n \n\n<!-- portfolio box-->\n<div class=\"loop style-1 hover-1 image post-13364 portfolio type-portfolio status-publish hentry portfolio_categories-televisions-privees\" id=\"portfolio-13364\">\n\n\t \n\t\t\t\t<figure class=\"image-thumbnail\">\n\t\t\t\t\t<a href=\"https:\/\/haica.tn\/fr\/project-details\/carthage\/\" target=\"_self\" title=\"Carthage+\"><\/a>\n\t\t\t\t<\/figure>\n\n\t\t\t\t<section class=\"text\">\n\t\t\t\t\t<h5 class=\"title\"><a href=\"https:\/\/haica.tn\/fr\/project-details\/carthage\/\" target=\"_self\" rel=\"bookmark\">Carthage+<\/a><\/h5>\n\t\t\t\t\t\n\t\t\t\t\t<p>[vc_row rt_row_background_width=\u00a0\u00bbfullwidth\u00a0\u00bb rt_row_content_width=\u00a0\u00bbdefault\u00a0\u00bb rt_row_style=\u00a0\u00bbdefault-style\u00a0\u00bb rt_row_height=\u00a0\u00bb\u00a0\u00bb rt_column_gaps=\u00a0\u00bb\u00a0\u00bb rt_row_shadows=\u00a0\u00bb\u00a0\u00bb rt_row_borders=\u00a0\u00bb\u00a0\u00bb rt_bg_effect=\u00a0\u00bbclassic\u00a0\u00bb rt_bg_image_repeat=\u00a0\u00bbrepeat\u00a0\u00bb rt_bg_size=\u00a0\u00bbcover\u00a0\u00bb rt_bg_position=\u00a0\u00bbright top\u00a0\u00bb rt_bg_attachment=\u00a0\u00bbscroll\u00a0\u00bb rt_bg_layer=\u00a0\u00bb\u00a0\u00bb rt_bg_video_format=\u00a0\u00bbself-hosted\u00a0\u00bb][vc_column rt_bg_effect=\u00a0\u00bbclassic\u00a0\u00bb rt_bg_image_repeat=\u00a0\u00bbrepeat\u00a0\u00bb rt_bg_size=\u00a0\u00bbauto auto\u00a0\u00bb rt_bg_position=\u00a0\u00bbright top\u00a0\u00bb rt_bg_attachment=\u00a0\u00bbscroll\u00a0\u00bb][vc_column_text] Pr\u00e9sentation Carthage+ est une cha\u00eene de t\u00e9l\u00e9vision g\u00e9n\u00e9raliste priv\u00e9e tunisienne bas\u00e9e \u00e0 Tunis, destin\u00e9e aux t\u00e9l\u00e9spectateurs arabophones. Elle propose une programmation ax\u00e9e sur le divertissement et les fictions. Elle diffuse depuis 2017. [&hellip;]<\/p>\t\n\t\t\t\t\t<a class=\"read_more\" href=\"https:\/\/haica.tn\/fr\/project-details\/carthage\/\" target=\"_self\" rel=\"bookmark\">Lire la suite<\/a>\t\n\t\t\t\t<\/section>  \n\t\t\t\n<\/div> \n<!-- \/ portfolio box-->\n<\/div>\n<\/div><div class=\"boxed\"><div class=\"item portfolio  televisions-privees\">\n \n\n<!-- portfolio box-->\n<div class=\"loop style-1 hover-1 image post-13384 portfolio type-portfolio status-publish hentry portfolio_categories-televisions-privees\" id=\"portfolio-13384\">\n\n\t \n\t\t\t\t<figure class=\"image-thumbnail\">\n\t\t\t\t\t<a href=\"https:\/\/haica.tn\/fr\/project-details\/%d9%82%d9%86%d8%a7%d8%a9-%d8%aa%d9%88%d9%86%d8%b3%d9%86%d8%a7\/\" target=\"_self\" title=\"Tunisna TV\"><\/a>\n\t\t\t\t<\/figure>\n\n\t\t\t\t<section class=\"text\">\n\t\t\t\t\t<h5 class=\"title\"><a href=\"https:\/\/haica.tn\/fr\/project-details\/%d9%82%d9%86%d8%a7%d8%a9-%d8%aa%d9%88%d9%86%d8%b3%d9%86%d8%a7\/\" target=\"_self\" rel=\"bookmark\">Tunisna TV<\/a><\/h5>\n\t\t\t\t\t\n\t\t\t\t\t<p>[vc_row rt_row_background_width=\u00a0\u00bbfullwidth\u00a0\u00bb rt_row_content_width=\u00a0\u00bbdefault\u00a0\u00bb rt_row_style=\u00a0\u00bbdefault-style\u00a0\u00bb rt_row_height=\u00a0\u00bb\u00a0\u00bb rt_column_gaps=\u00a0\u00bb\u00a0\u00bb rt_row_shadows=\u00a0\u00bb\u00a0\u00bb rt_row_borders=\u00a0\u00bb\u00a0\u00bb rt_bg_effect=\u00a0\u00bbclassic\u00a0\u00bb rt_bg_image_repeat=\u00a0\u00bbrepeat\u00a0\u00bb rt_bg_size=\u00a0\u00bbcover\u00a0\u00bb rt_bg_position=\u00a0\u00bbright top\u00a0\u00bb rt_bg_attachment=\u00a0\u00bbscroll\u00a0\u00bb rt_bg_layer=\u00a0\u00bb\u00a0\u00bb rt_bg_video_format=\u00a0\u00bbself-hosted\u00a0\u00bb][vc_column rt_bg_effect=\u00a0\u00bbclassic\u00a0\u00bb rt_bg_image_repeat=\u00a0\u00bbrepeat\u00a0\u00bb rt_bg_size=\u00a0\u00bbauto auto\u00a0\u00bb rt_bg_position=\u00a0\u00bbright top\u00a0\u00bb rt_bg_attachment=\u00a0\u00bbscroll\u00a0\u00bb][vc_column_text] Pr\u00e9sentation Tunisna TV, plus simplement appel\u00e9e Tunisna, est une cha\u00eene de t\u00e9l\u00e9vision g\u00e9n\u00e9raliste priv\u00e9e tunisienne, principalement arabophone. Son lancement est annonc\u00e9 le 20 mars 2012 par l&rsquo;homme d&rsquo;affaires Abdelhamid Ben Abdallah qui [&hellip;]<\/p>\t\n\t\t\t\t\t<a class=\"read_more\" href=\"https:\/\/haica.tn\/fr\/project-details\/%d9%82%d9%86%d8%a7%d8%a9-%d8%aa%d9%88%d9%86%d8%b3%d9%86%d8%a7\/\" target=\"_self\" rel=\"bookmark\">Lire la suite<\/a>\t\n\t\t\t\t<\/section>  \n\t\t\t\n<\/div> \n<!-- \/ portfolio box-->\n<\/div>\n<\/div><div class=\"boxed\"><div class=\"item portfolio  televisions-privees\">\n \n\n<!-- portfolio box-->\n<div class=\"loop style-1 hover-1 image post-13387 portfolio type-portfolio status-publish hentry portfolio_categories-televisions-privees\" id=\"portfolio-13387\">\n\n\t \n\t\t\t\t<figure class=\"image-thumbnail\">\n\t\t\t\t\t<a href=\"https:\/\/haica.tn\/fr\/project-details\/%d9%82%d9%86%d8%a7%d8%a9-%d8%aa%d9%84%d9%81%d8%b2%d8%a9-%d8%aa%d9%8a-%d9%81%d9%8a\/\" target=\"_self\" title=\"Telvza TV\"><\/a>\n\t\t\t\t<\/figure>\n\n\t\t\t\t<section class=\"text\">\n\t\t\t\t\t<h5 class=\"title\"><a href=\"https:\/\/haica.tn\/fr\/project-details\/%d9%82%d9%86%d8%a7%d8%a9-%d8%aa%d9%84%d9%81%d8%b2%d8%a9-%d8%aa%d9%8a-%d9%81%d9%8a\/\" target=\"_self\" rel=\"bookmark\">Telvza TV<\/a><\/h5>\n\t\t\t\t\t\n\t\t\t\t\t<p>[vc_row rt_row_background_width=\u00a0\u00bbfullwidth\u00a0\u00bb rt_row_content_width=\u00a0\u00bbdefault\u00a0\u00bb rt_row_style=\u00a0\u00bbdefault-style\u00a0\u00bb rt_row_height=\u00a0\u00bb\u00a0\u00bb rt_column_gaps=\u00a0\u00bb\u00a0\u00bb rt_row_shadows=\u00a0\u00bb\u00a0\u00bb rt_row_borders=\u00a0\u00bb\u00a0\u00bb rt_bg_effect=\u00a0\u00bbclassic\u00a0\u00bb rt_bg_image_repeat=\u00a0\u00bbrepeat\u00a0\u00bb rt_bg_size=\u00a0\u00bbcover\u00a0\u00bb rt_bg_position=\u00a0\u00bbright top\u00a0\u00bb rt_bg_attachment=\u00a0\u00bbscroll\u00a0\u00bb rt_bg_layer=\u00a0\u00bb\u00a0\u00bb rt_bg_video_format=\u00a0\u00bbself-hosted\u00a0\u00bb][vc_column rt_bg_effect=\u00a0\u00bbclassic\u00a0\u00bb rt_bg_image_repeat=\u00a0\u00bbrepeat\u00a0\u00bb rt_bg_size=\u00a0\u00bbauto auto\u00a0\u00bb rt_bg_position=\u00a0\u00bbright top\u00a0\u00bb rt_bg_attachment=\u00a0\u00bbscroll\u00a0\u00bb][vc_column_text] Pr\u00e9sentation Telvza TV est une cha\u00eene de t\u00e9l\u00e9vision g\u00e9n\u00e9raliste priv\u00e9e tunisienne lanc\u00e9e en 2014 par Zouhe\u00efr Latif. Le 2 septembre 2014, elle obtient son autorisation de diffusion de la Haute Autorit\u00e9 ind\u00e9pendante [&hellip;]<\/p>\t\n\t\t\t\t\t<a class=\"read_more\" href=\"https:\/\/haica.tn\/fr\/project-details\/%d9%82%d9%86%d8%a7%d8%a9-%d8%aa%d9%84%d9%81%d8%b2%d8%a9-%d8%aa%d9%8a-%d9%81%d9%8a\/\" target=\"_self\" rel=\"bookmark\">Lire la suite<\/a>\t\n\t\t\t\t<\/section>  \n\t\t\t\n<\/div> \n<!-- \/ portfolio box-->\n<\/div>\n<\/div><div class=\"boxed\"><div class=\"item portfolio  televisions-privees\">\n \n\n<!-- portfolio box-->\n<div class=\"loop style-1 hover-1 image post-13371 portfolio type-portfolio status-publish hentry portfolio_categories-televisions-privees\" id=\"portfolio-13371\">\n\n\t \n\t\t\t\t<figure class=\"image-thumbnail\">\n\t\t\t\t\t<a href=\"https:\/\/haica.tn\/fr\/project-details\/al-insen-tv\/\" target=\"_self\" title=\"Al Insen TV\"><\/a>\n\t\t\t\t<\/figure>\n\n\t\t\t\t<section class=\"text\">\n\t\t\t\t\t<h5 class=\"title\"><a href=\"https:\/\/haica.tn\/fr\/project-details\/al-insen-tv\/\" target=\"_self\" rel=\"bookmark\">Al Insen TV<\/a><\/h5>\n\t\t\t\t\t\n\t\t\t\t\t<p>[vc_row rt_row_background_width=\u00a0\u00bbfullwidth\u00a0\u00bb rt_row_content_width=\u00a0\u00bbdefault\u00a0\u00bb rt_row_style=\u00a0\u00bbdefault-style\u00a0\u00bb rt_row_height=\u00a0\u00bb\u00a0\u00bb rt_column_gaps=\u00a0\u00bb\u00a0\u00bb rt_row_shadows=\u00a0\u00bb\u00a0\u00bb rt_row_borders=\u00a0\u00bb\u00a0\u00bb rt_bg_effect=\u00a0\u00bbclassic\u00a0\u00bb rt_bg_image_repeat=\u00a0\u00bbrepeat\u00a0\u00bb rt_bg_size=\u00a0\u00bbcover\u00a0\u00bb rt_bg_position=\u00a0\u00bbright top\u00a0\u00bb rt_bg_attachment=\u00a0\u00bbscroll\u00a0\u00bb rt_bg_layer=\u00a0\u00bb\u00a0\u00bb rt_bg_video_format=\u00a0\u00bbself-hosted\u00a0\u00bb][vc_column rt_bg_effect=\u00a0\u00bbclassic\u00a0\u00bb rt_bg_image_repeat=\u00a0\u00bbrepeat\u00a0\u00bb rt_bg_size=\u00a0\u00bbauto auto\u00a0\u00bb rt_bg_position=\u00a0\u00bbright top\u00a0\u00bb rt_bg_attachment=\u00a0\u00bbscroll\u00a0\u00bb][vc_column_text] Pr\u00e9sentation Al Insen TV est une cha\u00eene de t\u00e9l\u00e9vision religieuse tunisienne lanc\u00e9e en 2012, m\u00eame si elle n&rsquo;obtient sa licence de la part de la Haute Autorit\u00e9 ind\u00e9pendante de la communication audiovisuelle [&hellip;]<\/p>\t\n\t\t\t\t\t<a class=\"read_more\" href=\"https:\/\/haica.tn\/fr\/project-details\/al-insen-tv\/\" target=\"_self\" rel=\"bookmark\">Lire la suite<\/a>\t\n\t\t\t\t<\/section>  \n\t\t\t\n<\/div> \n<!-- \/ portfolio box-->\n<\/div>\n<\/div><div class=\"boxed\"><div class=\"item portfolio  televisions-privees\">\n \n\n<!-- portfolio box-->\n<div class=\"loop style-1 hover-1 image post-6845 portfolio type-portfolio status-publish hentry portfolio_categories-televisions-privees\" id=\"portfolio-6845\">\n\n\t \n\t\t\t\t<figure class=\"image-thumbnail\">\n\t\t\t\t\t<a href=\"https:\/\/haica.tn\/fr\/project-details\/attessia-tv\/\" target=\"_self\" title=\"Attessia TV\"><\/a>\n\t\t\t\t<\/figure>\n\n\t\t\t\t<section class=\"text\">\n\t\t\t\t\t<h5 class=\"title\"><a href=\"https:\/\/haica.tn\/fr\/project-details\/attessia-tv\/\" target=\"_self\" rel=\"bookmark\">Attessia TV<\/a><\/h5>\n\t\t\t\t\t\n\t\t\t\t\t<p>[vc_row rt_row_background_width=\u00a0\u00bbfullwidth\u00a0\u00bb rt_row_content_width=\u00a0\u00bbdefault\u00a0\u00bb rt_row_style=\u00a0\u00bbdefault-style\u00a0\u00bb rt_row_height=\u00a0\u00bb\u00a0\u00bb rt_column_gaps=\u00a0\u00bb\u00a0\u00bb rt_row_shadows=\u00a0\u00bb\u00a0\u00bb rt_row_borders=\u00a0\u00bb\u00a0\u00bb rt_bg_effect=\u00a0\u00bbclassic\u00a0\u00bb rt_bg_image_repeat=\u00a0\u00bbrepeat\u00a0\u00bb rt_bg_size=\u00a0\u00bbcover\u00a0\u00bb rt_bg_position=\u00a0\u00bbright top\u00a0\u00bb rt_bg_attachment=\u00a0\u00bbscroll\u00a0\u00bb rt_bg_layer=\u00a0\u00bb\u00a0\u00bb rt_bg_video_format=\u00a0\u00bbself-hosted\u00a0\u00bb][vc_column rt_bg_effect=\u00a0\u00bbclassic\u00a0\u00bb rt_bg_image_repeat=\u00a0\u00bbrepeat\u00a0\u00bb rt_bg_size=\u00a0\u00bbauto auto\u00a0\u00bb rt_bg_position=\u00a0\u00bbright top\u00a0\u00bb rt_bg_attachment=\u00a0\u00bbscroll\u00a0\u00bb][vc_column_text] Pr\u00e9sentation Attessia TV est une cha\u00eene de t\u00e9l\u00e9vision g\u00e9n\u00e9raliste priv\u00e9e tunisienne fond\u00e9e par le journaliste Moez Ben Gharbia associ\u00e9 \u00e0 des hommes d&rsquo;affaires comme Ridha Charfeddine. Elle propose des \u00e9missions de vari\u00e9t\u00e9s, [&hellip;]<\/p>\t\n\t\t\t\t\t<a class=\"read_more\" href=\"https:\/\/haica.tn\/fr\/project-details\/attessia-tv\/\" target=\"_self\" rel=\"bookmark\">Lire la suite<\/a>\t\n\t\t\t\t<\/section>  \n\t\t\t\n<\/div> \n<!-- \/ portfolio box-->\n<\/div>\n<\/div><div class=\"boxed\"><div class=\"item portfolio  televisions-privees\">\n \n\n<!-- portfolio box-->\n<div class=\"loop style-1 hover-1 image post-6841 portfolio type-portfolio status-publish hentry portfolio_categories-televisions-privees\" id=\"portfolio-6841\">\n\n\t \n\t\t\t\t<figure class=\"image-thumbnail\">\n\t\t\t\t\t<a href=\"https:\/\/haica.tn\/fr\/project-details\/al-janoubia-tv\/\" target=\"_self\" title=\"Al janoubia TV\"><\/a>\n\t\t\t\t<\/figure>\n\n\t\t\t\t<section class=\"text\">\n\t\t\t\t\t<h5 class=\"title\"><a href=\"https:\/\/haica.tn\/fr\/project-details\/al-janoubia-tv\/\" target=\"_self\" rel=\"bookmark\">Al janoubia TV<\/a><\/h5>\n\t\t\t\t\t\n\t\t\t\t\t<p>[vc_row rt_row_background_width=\u00a0\u00bbfullwidth\u00a0\u00bb rt_row_content_width=\u00a0\u00bbdefault\u00a0\u00bb rt_row_style=\u00a0\u00bbdefault-style\u00a0\u00bb rt_row_height=\u00a0\u00bb\u00a0\u00bb rt_column_gaps=\u00a0\u00bb\u00a0\u00bb rt_row_shadows=\u00a0\u00bb\u00a0\u00bb rt_row_borders=\u00a0\u00bb\u00a0\u00bb rt_bg_effect=\u00a0\u00bbclassic\u00a0\u00bb rt_bg_image_repeat=\u00a0\u00bbrepeat\u00a0\u00bb rt_bg_size=\u00a0\u00bbcover\u00a0\u00bb rt_bg_position=\u00a0\u00bbright top\u00a0\u00bb rt_bg_attachment=\u00a0\u00bbscroll\u00a0\u00bb rt_bg_layer=\u00a0\u00bb\u00a0\u00bb rt_bg_video_format=\u00a0\u00bbself-hosted\u00a0\u00bb][vc_column rt_bg_effect=\u00a0\u00bbclassic\u00a0\u00bb rt_bg_image_repeat=\u00a0\u00bbrepeat\u00a0\u00bb rt_bg_size=\u00a0\u00bbauto auto\u00a0\u00bb rt_bg_position=\u00a0\u00bbright top\u00a0\u00bb rt_bg_attachment=\u00a0\u00bbscroll\u00a0\u00bb][vc_column_text] Pr\u00e9sentation Al janoubia TV est une cha\u00eene t\u00e9l\u00e9vision qui met en valeur les r\u00e9alit\u00e9s et l\u2019innovation avec une touche artistique dans toutes les productions elle est disponible sur Nile SAT depuis le [&hellip;]<\/p>\t\n\t\t\t\t\t<a class=\"read_more\" href=\"https:\/\/haica.tn\/fr\/project-details\/al-janoubia-tv\/\" target=\"_self\" rel=\"bookmark\">Lire la suite<\/a>\t\n\t\t\t\t<\/section>  \n\t\t\t\n<\/div> \n<!-- \/ portfolio box-->\n<\/div>\n<\/div><div class=\"boxed\"><div class=\"item portfolio  televisions-privees\">\n \n\n<!-- portfolio box-->\n<div class=\"loop style-1 hover-1 image post-6837 portfolio type-portfolio status-publish hentry portfolio_categories-televisions-privees\" id=\"portfolio-6837\">\n\n\t \n\t\t\t\t<figure class=\"image-thumbnail\">\n\t\t\t\t\t<a href=\"https:\/\/haica.tn\/fr\/project-details\/elhiwar-ettounsi-tv\/\" target=\"_self\" title=\"Elhiwar Ettounsi TV\"><\/a>\n\t\t\t\t<\/figure>\n\n\t\t\t\t<section class=\"text\">\n\t\t\t\t\t<h5 class=\"title\"><a href=\"https:\/\/haica.tn\/fr\/project-details\/elhiwar-ettounsi-tv\/\" target=\"_self\" rel=\"bookmark\">Elhiwar Ettounsi TV<\/a><\/h5>\n\t\t\t\t\t\n\t\t\t\t\t<p>[vc_row rt_row_background_width=\u00a0\u00bbfullwidth\u00a0\u00bb rt_row_content_width=\u00a0\u00bbdefault\u00a0\u00bb rt_row_style=\u00a0\u00bbdefault-style\u00a0\u00bb rt_row_height=\u00a0\u00bb\u00a0\u00bb rt_column_gaps=\u00a0\u00bb\u00a0\u00bb rt_row_shadows=\u00a0\u00bb\u00a0\u00bb rt_row_borders=\u00a0\u00bb\u00a0\u00bb rt_bg_effect=\u00a0\u00bbclassic\u00a0\u00bb rt_bg_image_repeat=\u00a0\u00bbrepeat\u00a0\u00bb rt_bg_size=\u00a0\u00bbcover\u00a0\u00bb rt_bg_position=\u00a0\u00bbright top\u00a0\u00bb rt_bg_attachment=\u00a0\u00bbscroll\u00a0\u00bb rt_bg_layer=\u00a0\u00bb\u00a0\u00bb rt_bg_video_format=\u00a0\u00bbself-hosted\u00a0\u00bb][vc_column rt_bg_effect=\u00a0\u00bbclassic\u00a0\u00bb rt_bg_image_repeat=\u00a0\u00bbrepeat\u00a0\u00bb rt_bg_size=\u00a0\u00bbauto auto\u00a0\u00bb rt_bg_position=\u00a0\u00bbright top\u00a0\u00bb rt_bg_attachment=\u00a0\u00bbscroll\u00a0\u00bb][vc_column_text] Pr\u00e9sentation &nbsp; Coordonn\u00e9es [\/vc_column_text][\/vc_column][\/vc_row]<\/p>\t\n\t\t\t\t\t<a class=\"read_more\" href=\"https:\/\/haica.tn\/fr\/project-details\/elhiwar-ettounsi-tv\/\" target=\"_self\" rel=\"bookmark\">Lire la suite<\/a>\t\n\t\t\t\t<\/section>  \n\t\t\t\n<\/div> \n<!-- \/ portfolio box-->\n<\/div>\n<\/div>\n\t\t\t\t\t<\/div>\n\t\t\t\t\t\n\t\t\t\t<div id=\"portfolio-dynamicID-592459-dots\" class=\"dots-holder\">\n\t\t\t\t<\/div>\n\t\t\t\n\t\t\t\t\t\n\t\t\t\t<\/div>\n\t\t\t[\/vc_column][\/vc_row]<\/p>\n","protected":false},"excerpt":{"rendered":"<p>[vc_row rt_row_background_width=\u00a0\u00bbfullwidth\u00a0\u00bb rt_row_content_width=\u00a0\u00bbdefault\u00a0\u00bb rt_row_style=\u00a0\u00bbdefault-style\u00a0\u00bb rt_row_height=\u00a0\u00bb\u00a0\u00bb rt_column_gaps=\u00a0\u00bb\u00a0\u00bb rt_row_shadows=\u00a0\u00bb\u00a0\u00bb rt_row_borders=\u00a0\u00bb\u00a0\u00bb rt_bg_effect=\u00a0\u00bbclassic\u00a0\u00bb rt_bg_image_repeat=\u00a0\u00bbrepeat\u00a0\u00bb rt_bg_size=\u00a0\u00bbcover\u00a0\u00bb rt_bg_position=\u00a0\u00bbright top\u00a0\u00bb rt_bg_attachment=\u00a0\u00bbscroll\u00a0\u00bb rt_bg_layer=\u00a0\u00bb\u00a0\u00bb rt_bg_video_format=\u00a0\u00bbself-hosted\u00a0\u00bb rt_class=\u00a0\u00bbrt-7803172&Prime; rt_paddings=\u00a0\u00bb,,,\u00a0\u00bb rt_margins=\u00a0\u00bb,,,\u00a0\u00bb rt_content_margins=\u00a0\u00bb,,,\u00a0\u00bb rt_tablet_paddings=\u00a0\u00bb,,,\u00a0\u00bb rt_tablet_margins=\u00a0\u00bb,,,\u00a0\u00bb rt_tablet_content_margins=\u00a0\u00bb,,,\u00a0\u00bb rt_sp_paddings=\u00a0\u00bb,,,\u00a0\u00bb rt_sp_margins=\u00a0\u00bb,,,\u00a0\u00bb rt_sp_content_margins=\u00a0\u00bb,,,\u00a0\u00bb rt_bg_color=\u00a0\u00bb#e5e5e5&Prime;][vc_column rt_bg_effect=\u00a0\u00bbclassic\u00a0\u00bb rt_bg_image_repeat=\u00a0\u00bbrepeat\u00a0\u00bb rt_bg_size=\u00a0\u00bbauto auto\u00a0\u00bb rt_bg_position=\u00a0\u00bbright top\u00a0\u00bb rt_bg_attachment=\u00a0\u00bbscroll\u00a0\u00bb][\/vc_column][\/vc_row]<\/p>\n","protected":false},"author":1,"featured_media":0,"parent":13668,"menu_order":0,"comment_status":"closed","ping_status":"closed","template":"","meta":[],"yoast_head":"<!-- This site is optimized with the Yoast SEO plugin v16.4 - https:\/\/yoast.com\/wordpress\/plugins\/seo\/ -->\n<title>T\u00e9l\u00e9visions priv\u00e9es - HAICA<\/title>\n<meta name=\"robots\" content=\"index, follow, max-snippet:-1, max-image-preview:large, max-video-preview:-1\" \/>\n<link rel=\"canonical\" href=\"https:\/\/haica.tn\/fr\/televisions\/televisions-privees\/\" \/>\n<meta property=\"og:locale\" content=\"fr_FR\" \/>\n<meta property=\"og:type\" content=\"article\" \/>\n<meta property=\"og:title\" content=\"T\u00e9l\u00e9visions priv\u00e9es - HAICA\" \/>\n<meta property=\"og:description\" content=\"[vc_row rt_row_background_width=\u00a0\u00bbfullwidth\u00a0\u00bb rt_row_content_width=\u00a0\u00bbdefault\u00a0\u00bb rt_row_style=\u00a0\u00bbdefault-style\u00a0\u00bb rt_row_height=\u00a0\u00bb\u00a0\u00bb rt_column_gaps=\u00a0\u00bb\u00a0\u00bb rt_row_shadows=\u00a0\u00bb\u00a0\u00bb rt_row_borders=\u00a0\u00bb\u00a0\u00bb rt_bg_effect=\u00a0\u00bbclassic\u00a0\u00bb rt_bg_image_repeat=\u00a0\u00bbrepeat\u00a0\u00bb rt_bg_size=\u00a0\u00bbcover\u00a0\u00bb rt_bg_position=\u00a0\u00bbright top\u00a0\u00bb rt_bg_attachment=\u00a0\u00bbscroll\u00a0\u00bb rt_bg_layer=\u00a0\u00bb\u00a0\u00bb rt_bg_video_format=\u00a0\u00bbself-hosted\u00a0\u00bb rt_class=\u00a0\u00bbrt-7803172&Prime; rt_paddings=\u00a0\u00bb,,,\u00a0\u00bb rt_margins=\u00a0\u00bb,,,\u00a0\u00bb rt_content_margins=\u00a0\u00bb,,,\u00a0\u00bb rt_tablet_paddings=\u00a0\u00bb,,,\u00a0\u00bb rt_tablet_margins=\u00a0\u00bb,,,\u00a0\u00bb rt_tablet_content_margins=\u00a0\u00bb,,,\u00a0\u00bb rt_sp_paddings=\u00a0\u00bb,,,\u00a0\u00bb rt_sp_margins=\u00a0\u00bb,,,\u00a0\u00bb rt_sp_content_margins=\u00a0\u00bb,,,\u00a0\u00bb rt_bg_color=\u00a0\u00bb#e5e5e5&Prime;][vc_column rt_bg_effect=\u00a0\u00bbclassic\u00a0\u00bb rt_bg_image_repeat=\u00a0\u00bbrepeat\u00a0\u00bb rt_bg_size=\u00a0\u00bbauto auto\u00a0\u00bb rt_bg_position=\u00a0\u00bbright top\u00a0\u00bb rt_bg_attachment=\u00a0\u00bbscroll\u00a0\u00bb][\/vc_column][\/vc_row]\" \/>\n<meta property=\"og:url\" content=\"https:\/\/haica.tn\/fr\/televisions\/televisions-privees\/\" \/>\n<meta property=\"og:site_name\" content=\"HAICA\" \/>\n<meta property=\"article:modified_time\" content=\"2020-08-14T09:51:29+00:00\" \/>\n<meta name=\"twitter:card\" content=\"summary_large_image\" \/>\n<meta name=\"twitter:label1\" content=\"Dur\u00e9e de lecture est.\" \/>\n\t<meta name=\"twitter:data1\" content=\"1 minute\" \/>\n<script type=\"application\/ld+json\" class=\"yoast-schema-graph\">{\"@context\":\"https:\/\/schema.org\",\"@graph\":[{\"@type\":\"WebSite\",\"@id\":\"https:\/\/haica.tn\/ar\/#website\",\"url\":\"https:\/\/haica.tn\/ar\/\",\"name\":\"HAICA\",\"description\":\"R\\u00e9gulateur de la communication audiovisuelle en Tunisie\",\"potentialAction\":[{\"@type\":\"SearchAction\",\"target\":\"https:\/\/haica.tn\/ar\/?s={search_term_string}\",\"query-input\":\"required name=search_term_string\"}],\"inLanguage\":\"fr-FR\"},{\"@type\":\"WebPage\",\"@id\":\"https:\/\/haica.tn\/fr\/televisions\/televisions-privees\/#webpage\",\"url\":\"https:\/\/haica.tn\/fr\/televisions\/televisions-privees\/\",\"name\":\"T\\u00e9l\\u00e9visions priv\\u00e9es - HAICA\",\"isPartOf\":{\"@id\":\"https:\/\/haica.tn\/ar\/#website\"},\"datePublished\":\"2019-12-26T13:47:02+00:00\",\"dateModified\":\"2020-08-14T09:51:29+00:00\",\"breadcrumb\":{\"@id\":\"https:\/\/haica.tn\/fr\/televisions\/televisions-privees\/#breadcrumb\"},\"inLanguage\":\"fr-FR\",\"potentialAction\":[{\"@type\":\"ReadAction\",\"target\":[\"https:\/\/haica.tn\/fr\/televisions\/televisions-privees\/\"]}]},{\"@type\":\"BreadcrumbList\",\"@id\":\"https:\/\/haica.tn\/fr\/televisions\/televisions-privees\/#breadcrumb\",\"itemListElement\":[{\"@type\":\"ListItem\",\"position\":1,\"item\":{\"@type\":\"WebPage\",\"@id\":\"https:\/\/haica.tn\/fr\/\",\"url\":\"https:\/\/haica.tn\/fr\/\",\"name\":\"Accueil\"}},{\"@type\":\"ListItem\",\"position\":2,\"item\":{\"@type\":\"WebPage\",\"@id\":\"https:\/\/haica.tn\/fr\/televisions\/\",\"url\":\"https:\/\/haica.tn\/fr\/televisions\/\",\"name\":\"T\\u00e9l\\u00e9visions\"}},{\"@type\":\"ListItem\",\"position\":3,\"item\":{\"@id\":\"https:\/\/haica.tn\/fr\/televisions\/televisions-privees\/#webpage\"}}]}]}<\/script>\n<!-- \/ Yoast SEO plugin. -->","_links":{"self":[{"href":"https:\/\/haica.tn\/fr\/wp-json\/wp\/v2\/pages\/5729"}],"collection":[{"href":"https:\/\/haica.tn\/fr\/wp-json\/wp\/v2\/pages"}],"about":[{"href":"https:\/\/haica.tn\/fr\/wp-json\/wp\/v2\/types\/page"}],"author":[{"embeddable":true,"href":"https:\/\/haica.tn\/fr\/wp-json\/wp\/v2\/users\/1"}],"replies":[{"embeddable":true,"href":"https:\/\/haica.tn\/fr\/wp-json\/wp\/v2\/comments?post=5729"}],"version-history":[{"count":6,"href":"https:\/\/haica.tn\/fr\/wp-json\/wp\/v2\/pages\/5729\/revisions"}],"predecessor-version":[{"id":13360,"href":"https:\/\/haica.tn\/fr\/wp-json\/wp\/v2\/pages\/5729\/revisions\/13360"}],"up":[{"embeddable":true,"href":"https:\/\/haica.tn\/fr\/wp-json\/wp\/v2\/pages\/13668"}],"wp:attachment":[{"href":"https:\/\/haica.tn\/fr\/wp-json\/wp\/v2\/media?parent=5729"}],"curies":[{"name":"wp","href":"https:\/\/api.w.org\/{rel}","templated":true}]}}