{"id":5738,"date":"2019-12-26T14:48:07","date_gmt":"2019-12-26T13:48:07","guid":{"rendered":"https:\/\/haica.tn\/?page_id=5738"},"modified":"2020-08-14T11:50:49","modified_gmt":"2020-08-14T09:50:49","slug":"radios-associatives","status":"publish","type":"page","link":"https:\/\/haica.tn\/fr\/radios\/radios-associatives\/","title":{"rendered":"Radios associatives"},"content":{"rendered":"<p>[vc_row rt_row_background_width=\u00a0\u00bbfullwidth\u00a0\u00bb rt_row_content_width=\u00a0\u00bbdefault\u00a0\u00bb rt_row_style=\u00a0\u00bbdefault-style\u00a0\u00bb rt_row_height=\u00a0\u00bb\u00a0\u00bb rt_column_gaps=\u00a0\u00bb\u00a0\u00bb rt_row_shadows=\u00a0\u00bb\u00a0\u00bb rt_row_borders=\u00a0\u00bb\u00a0\u00bb rt_bg_effect=\u00a0\u00bbclassic\u00a0\u00bb rt_bg_image_repeat=\u00a0\u00bbrepeat\u00a0\u00bb rt_bg_size=\u00a0\u00bbcover\u00a0\u00bb rt_bg_position=\u00a0\u00bbright top\u00a0\u00bb rt_bg_attachment=\u00a0\u00bbscroll\u00a0\u00bb rt_bg_layer=\u00a0\u00bb\u00a0\u00bb rt_bg_video_format=\u00a0\u00bbself-hosted\u00a0\u00bb rt_class=\u00a0\u00bbrt-1857418&Prime; rt_vc_seperator_1=\u00a0\u00bb\u00a0\u00bb rt_paddings=\u00a0\u00bb,,,\u00a0\u00bb rt_margins=\u00a0\u00bb,,,\u00a0\u00bb rt_content_margins=\u00a0\u00bb,,,\u00a0\u00bb rt_vc_seperator_2=\u00a0\u00bb\u00a0\u00bb rt_tablet_paddings=\u00a0\u00bb,,,\u00a0\u00bb rt_tablet_margins=\u00a0\u00bb,,,\u00a0\u00bb rt_tablet_content_margins=\u00a0\u00bb,,,\u00a0\u00bb rt_vc_seperator_3=\u00a0\u00bb\u00a0\u00bb rt_sp_paddings=\u00a0\u00bb,,,\u00a0\u00bb rt_sp_margins=\u00a0\u00bb,,,\u00a0\u00bb rt_sp_content_margins=\u00a0\u00bb,,,\u00a0\u00bb rt_bg_color=\u00a0\u00bb#e5e5e5&Prime;][vc_column rt_bg_effect=\u00a0\u00bbclassic\u00a0\u00bb rt_bg_image_repeat=\u00a0\u00bbrepeat\u00a0\u00bb rt_bg_size=\u00a0\u00bbauto auto\u00a0\u00bb rt_bg_position=\u00a0\u00bbright top\u00a0\u00bb rt_bg_attachment=\u00a0\u00bbscroll\u00a0\u00bb]\n\t\t\t\t<div id=\"portfolio-dynamicID-142890\" class=\"rt-carousel carousel-holder clearfix portfolio-carousel boxed-carousel rt_lightbox_gallery\" data-item-width=\"3\" data-nav=\"true\" data-dots=\"true\" data-margin=\"0\" data-autoplay=\"false\" data-timeout=\"5000\" data-thumbnails=\"false\" data-boxed=\"true\" data-min-height=\"\" data-padding=\"0\" data-loop=\"false\" data-tablet-item-width=\"3\" data-mobile-item-width=\"1\">\n\t\t\t\t\t<div class=\"owl-carousel\">\n\t\t\t\t\t\t<div class=\"boxed\"><div class=\"item portfolio  radios-associatives\">\n \n\n<!-- portfolio box-->\n<div class=\"loop style-1 hover-1 image post-13463 portfolio type-portfolio status-publish has-post-thumbnail hentry portfolio_categories-radios-associatives\" id=\"portfolio-13463\">\n\n\t \n\t\t\t\t<figure class=\"image-thumbnail\">\n\t\t\t\t\t<a href=\"https:\/\/haica.tn\/fr\/project-details\/nefzawa-fm\/\" target=\"_self\" title=\"Nefzawa FM\"><img src=\"https:\/\/haica.tn\/wp-content\/uploads\/2020\/06\/logo-480x480.png\" alt=\"\" class=\"\" width=\"480\" height=\"480\" \/><\/a>\n\t\t\t\t<\/figure>\n\n\t\t\t\t<section class=\"text\">\n\t\t\t\t\t<h5 class=\"title\"><a href=\"https:\/\/haica.tn\/fr\/project-details\/nefzawa-fm\/\" target=\"_self\" rel=\"bookmark\">Nefzawa FM<\/a><\/h5>\n\t\t\t\t\t\n\t\t\t\t\t<p>[vc_row rt_row_background_width=\u00a0\u00bbfullwidth\u00a0\u00bb rt_row_content_width=\u00a0\u00bbdefault\u00a0\u00bb rt_row_style=\u00a0\u00bbdefault-style\u00a0\u00bb rt_row_height=\u00a0\u00bb\u00a0\u00bb rt_column_gaps=\u00a0\u00bb\u00a0\u00bb rt_row_shadows=\u00a0\u00bb\u00a0\u00bb rt_row_borders=\u00a0\u00bb\u00a0\u00bb rt_bg_effect=\u00a0\u00bbclassic\u00a0\u00bb rt_bg_image_repeat=\u00a0\u00bbrepeat\u00a0\u00bb rt_bg_size=\u00a0\u00bbcover\u00a0\u00bb rt_bg_position=\u00a0\u00bbright top\u00a0\u00bb rt_bg_attachment=\u00a0\u00bbscroll\u00a0\u00bb rt_bg_layer=\u00a0\u00bb\u00a0\u00bb rt_bg_video_format=\u00a0\u00bbself-hosted\u00a0\u00bb][vc_column rt_bg_effect=\u00a0\u00bbclassic\u00a0\u00bb rt_bg_image_repeat=\u00a0\u00bbrepeat\u00a0\u00bb rt_bg_size=\u00a0\u00bbauto auto\u00a0\u00bb rt_bg_position=\u00a0\u00bbright top\u00a0\u00bb rt_bg_attachment=\u00a0\u00bbscroll\u00a0\u00bb][vc_column_text] Pr\u00e9sentation Nefzawa FM Coordonn\u00e9es [\/vc_column_text][\/vc_column][\/vc_row]<\/p>\t\n\t\t\t\t\t<a class=\"read_more\" href=\"https:\/\/haica.tn\/fr\/project-details\/nefzawa-fm\/\" target=\"_self\" rel=\"bookmark\">Lire la suite<\/a>\t\n\t\t\t\t<\/section>  \n\t\t\t\n<\/div> \n<!-- \/ portfolio box-->\n<\/div>\n<\/div><div class=\"boxed\"><div class=\"item portfolio  radios-associatives\">\n \n\n<!-- portfolio box-->\n<div class=\"loop style-1 hover-1 image post-13464 portfolio type-portfolio status-publish has-post-thumbnail hentry portfolio_categories-radios-associatives\" id=\"portfolio-13464\">\n\n\t \n\t\t\t\t<figure class=\"image-thumbnail\">\n\t\t\t\t\t<a href=\"https:\/\/haica.tn\/fr\/project-details\/dream-fm\/\" target=\"_self\" title=\"Dream FM\"><img src=\"https:\/\/haica.tn\/wp-content\/uploads\/2020\/06\/images-1.png\" alt=\"\" class=\"\" width=\"225\" height=\"224\" \/><\/a>\n\t\t\t\t<\/figure>\n\n\t\t\t\t<section class=\"text\">\n\t\t\t\t\t<h5 class=\"title\"><a href=\"https:\/\/haica.tn\/fr\/project-details\/dream-fm\/\" target=\"_self\" rel=\"bookmark\">Dream FM<\/a><\/h5>\n\t\t\t\t\t\n\t\t\t\t\t<p>[vc_row rt_row_background_width=\u00a0\u00bbfullwidth\u00a0\u00bb rt_row_content_width=\u00a0\u00bbdefault\u00a0\u00bb rt_row_style=\u00a0\u00bbdefault-style\u00a0\u00bb rt_row_height=\u00a0\u00bb\u00a0\u00bb rt_column_gaps=\u00a0\u00bb\u00a0\u00bb rt_row_shadows=\u00a0\u00bb\u00a0\u00bb rt_row_borders=\u00a0\u00bb\u00a0\u00bb rt_bg_effect=\u00a0\u00bbclassic\u00a0\u00bb rt_bg_image_repeat=\u00a0\u00bbrepeat\u00a0\u00bb rt_bg_size=\u00a0\u00bbcover\u00a0\u00bb rt_bg_position=\u00a0\u00bbright top\u00a0\u00bb rt_bg_attachment=\u00a0\u00bbscroll\u00a0\u00bb rt_bg_layer=\u00a0\u00bb\u00a0\u00bb rt_bg_video_format=\u00a0\u00bbself-hosted\u00a0\u00bb][vc_column rt_bg_effect=\u00a0\u00bbclassic\u00a0\u00bb rt_bg_image_repeat=\u00a0\u00bbrepeat\u00a0\u00bb rt_bg_size=\u00a0\u00bbauto auto\u00a0\u00bb rt_bg_position=\u00a0\u00bbright top\u00a0\u00bb rt_bg_attachment=\u00a0\u00bbscroll\u00a0\u00bb][vc_column_text] Pr\u00e9sentation Dream FM &nbsp; Coordonn\u00e9es [\/vc_column_text][\/vc_column][\/vc_row]<\/p>\t\n\t\t\t\t\t<a class=\"read_more\" href=\"https:\/\/haica.tn\/fr\/project-details\/dream-fm\/\" target=\"_self\" rel=\"bookmark\">Lire la suite<\/a>\t\n\t\t\t\t<\/section>  \n\t\t\t\n<\/div> \n<!-- \/ portfolio box-->\n<\/div>\n<\/div><div class=\"boxed\"><div class=\"item portfolio  radios-associatives\">\n \n\n<!-- portfolio box-->\n<div class=\"loop style-1 hover-1 image post-13465 portfolio type-portfolio status-publish has-post-thumbnail hentry portfolio_categories-radios-associatives\" id=\"portfolio-13465\">\n\n\t \n\t\t\t\t<figure class=\"image-thumbnail\">\n\t\t\t\t\t<a href=\"https:\/\/haica.tn\/fr\/project-details\/cilium-fm\/\" target=\"_self\" title=\"Cilium FM\"><img src=\"https:\/\/haica.tn\/wp-content\/uploads\/2020\/06\/t\u00e9l\u00e9chargement.jpg\" alt=\"\" class=\"\" width=\"225\" height=\"225\" \/><\/a>\n\t\t\t\t<\/figure>\n\n\t\t\t\t<section class=\"text\">\n\t\t\t\t\t<h5 class=\"title\"><a href=\"https:\/\/haica.tn\/fr\/project-details\/cilium-fm\/\" target=\"_self\" rel=\"bookmark\">Cilium FM<\/a><\/h5>\n\t\t\t\t\t\n\t\t\t\t\t<p>[vc_row rt_row_background_width=\u00a0\u00bbfullwidth\u00a0\u00bb rt_row_content_width=\u00a0\u00bbdefault\u00a0\u00bb rt_row_style=\u00a0\u00bbdefault-style\u00a0\u00bb rt_row_height=\u00a0\u00bb\u00a0\u00bb rt_column_gaps=\u00a0\u00bb\u00a0\u00bb rt_row_shadows=\u00a0\u00bb\u00a0\u00bb rt_row_borders=\u00a0\u00bb\u00a0\u00bb rt_bg_effect=\u00a0\u00bbclassic\u00a0\u00bb rt_bg_image_repeat=\u00a0\u00bbrepeat\u00a0\u00bb rt_bg_size=\u00a0\u00bbcover\u00a0\u00bb rt_bg_position=\u00a0\u00bbright top\u00a0\u00bb rt_bg_attachment=\u00a0\u00bbscroll\u00a0\u00bb rt_bg_layer=\u00a0\u00bb\u00a0\u00bb rt_bg_video_format=\u00a0\u00bbself-hosted\u00a0\u00bb][vc_column rt_bg_effect=\u00a0\u00bbclassic\u00a0\u00bb rt_bg_image_repeat=\u00a0\u00bbrepeat\u00a0\u00bb rt_bg_size=\u00a0\u00bbauto auto\u00a0\u00bb rt_bg_position=\u00a0\u00bbright top\u00a0\u00bb rt_bg_attachment=\u00a0\u00bbscroll\u00a0\u00bb][vc_column_text] Pr\u00e9sentation Cilium FM Coordonn\u00e9es [\/vc_column_text][\/vc_column][\/vc_row]<\/p>\t\n\t\t\t\t\t<a class=\"read_more\" href=\"https:\/\/haica.tn\/fr\/project-details\/cilium-fm\/\" target=\"_self\" rel=\"bookmark\">Lire la suite<\/a>\t\n\t\t\t\t<\/section>  \n\t\t\t\n<\/div> \n<!-- \/ portfolio box-->\n<\/div>\n<\/div><div class=\"boxed\"><div class=\"item portfolio  radios-associatives\">\n \n\n<!-- portfolio box-->\n<div class=\"loop style-1 hover-1 image post-13466 portfolio type-portfolio status-publish has-post-thumbnail hentry portfolio_categories-radios-associatives\" id=\"portfolio-13466\">\n\n\t \n\t\t\t\t<figure class=\"image-thumbnail\">\n\t\t\t\t\t<a href=\"https:\/\/haica.tn\/fr\/project-details\/mines-fm\/\" target=\"_self\" title=\"Mines FM\"><img src=\"https:\/\/haica.tn\/wp-content\/uploads\/2020\/06\/t\u00e9l\u00e9chargement-1.jpg\" alt=\"\" class=\"\" width=\"224\" height=\"224\" \/><\/a>\n\t\t\t\t<\/figure>\n\n\t\t\t\t<section class=\"text\">\n\t\t\t\t\t<h5 class=\"title\"><a href=\"https:\/\/haica.tn\/fr\/project-details\/mines-fm\/\" target=\"_self\" rel=\"bookmark\">Mines FM<\/a><\/h5>\n\t\t\t\t\t\n\t\t\t\t\t<p>[vc_row rt_row_background_width=\u00a0\u00bbfullwidth\u00a0\u00bb rt_row_content_width=\u00a0\u00bbdefault\u00a0\u00bb rt_row_style=\u00a0\u00bbdefault-style\u00a0\u00bb rt_row_height=\u00a0\u00bb\u00a0\u00bb rt_column_gaps=\u00a0\u00bb\u00a0\u00bb rt_row_shadows=\u00a0\u00bb\u00a0\u00bb rt_row_borders=\u00a0\u00bb\u00a0\u00bb rt_bg_effect=\u00a0\u00bbclassic\u00a0\u00bb rt_bg_image_repeat=\u00a0\u00bbrepeat\u00a0\u00bb rt_bg_size=\u00a0\u00bbcover\u00a0\u00bb rt_bg_position=\u00a0\u00bbright top\u00a0\u00bb rt_bg_attachment=\u00a0\u00bbscroll\u00a0\u00bb rt_bg_layer=\u00a0\u00bb\u00a0\u00bb rt_bg_video_format=\u00a0\u00bbself-hosted\u00a0\u00bb][vc_column rt_bg_effect=\u00a0\u00bbclassic\u00a0\u00bb rt_bg_image_repeat=\u00a0\u00bbrepeat\u00a0\u00bb rt_bg_size=\u00a0\u00bbauto auto\u00a0\u00bb rt_bg_position=\u00a0\u00bbright top\u00a0\u00bb rt_bg_attachment=\u00a0\u00bbscroll\u00a0\u00bb][vc_column_text] Pr\u00e9sentation Mines FM Coordonn\u00e9es [\/vc_column_text][\/vc_column][\/vc_row]<\/p>\t\n\t\t\t\t\t<a class=\"read_more\" href=\"https:\/\/haica.tn\/fr\/project-details\/mines-fm\/\" target=\"_self\" rel=\"bookmark\">Lire la suite<\/a>\t\n\t\t\t\t<\/section>  \n\t\t\t\n<\/div> \n<!-- \/ portfolio box-->\n<\/div>\n<\/div><div class=\"boxed\"><div class=\"item portfolio  radios-associatives\">\n \n\n<!-- portfolio box-->\n<div class=\"loop style-1 hover-1 image post-6888 portfolio type-portfolio status-publish has-post-thumbnail hentry portfolio_categories-radios-associatives\" id=\"portfolio-6888\">\n\n\t \n\t\t\t\t<figure class=\"image-thumbnail\">\n\t\t\t\t\t<a href=\"https:\/\/haica.tn\/fr\/project-details\/radio-djerid-fm\/\" target=\"_self\" title=\"Radio Djerid FM\"><img src=\"https:\/\/haica.tn\/wp-content\/uploads\/2020\/02\/avatar-5.png\" alt=\"\" class=\"\" width=\"405\" height=\"405\" \/><\/a>\n\t\t\t\t<\/figure>\n\n\t\t\t\t<section class=\"text\">\n\t\t\t\t\t<h5 class=\"title\"><a href=\"https:\/\/haica.tn\/fr\/project-details\/radio-djerid-fm\/\" target=\"_self\" rel=\"bookmark\">Radio Djerid FM<\/a><\/h5>\n\t\t\t\t\t\n\t\t\t\t\t<p>[vc_row rt_row_background_width=\u00a0\u00bbfullwidth\u00a0\u00bb rt_row_content_width=\u00a0\u00bbdefault\u00a0\u00bb rt_row_style=\u00a0\u00bbdefault-style\u00a0\u00bb rt_row_height=\u00a0\u00bb\u00a0\u00bb rt_column_gaps=\u00a0\u00bb\u00a0\u00bb rt_row_shadows=\u00a0\u00bb\u00a0\u00bb rt_row_borders=\u00a0\u00bb\u00a0\u00bb rt_bg_effect=\u00a0\u00bbclassic\u00a0\u00bb rt_bg_image_repeat=\u00a0\u00bbrepeat\u00a0\u00bb rt_bg_size=\u00a0\u00bbcover\u00a0\u00bb rt_bg_position=\u00a0\u00bbright top\u00a0\u00bb rt_bg_attachment=\u00a0\u00bbscroll\u00a0\u00bb rt_bg_layer=\u00a0\u00bb\u00a0\u00bb rt_bg_video_format=\u00a0\u00bbself-hosted\u00a0\u00bb][vc_column rt_bg_effect=\u00a0\u00bbclassic\u00a0\u00bb rt_bg_image_repeat=\u00a0\u00bbrepeat\u00a0\u00bb rt_bg_size=\u00a0\u00bbauto auto\u00a0\u00bb rt_bg_position=\u00a0\u00bbright top\u00a0\u00bb rt_bg_attachment=\u00a0\u00bbscroll\u00a0\u00bb][vc_column_text] Pr\u00e9sentation Radio Djerid FM &nbsp; Coordonn\u00e9es [\/vc_column_text][\/vc_column][\/vc_row]<\/p>\t\n\t\t\t\t\t<a class=\"read_more\" href=\"https:\/\/haica.tn\/fr\/project-details\/radio-djerid-fm\/\" target=\"_self\" rel=\"bookmark\">Lire la suite<\/a>\t\n\t\t\t\t<\/section>  \n\t\t\t\n<\/div> \n<!-- \/ portfolio box-->\n<\/div>\n<\/div><div class=\"boxed\"><div class=\"item portfolio  radios-associatives\">\n \n\n<!-- portfolio box-->\n<div class=\"loop style-1 hover-1 image post-6870 portfolio type-portfolio status-publish has-post-thumbnail hentry portfolio_categories-radios-associatives\" id=\"portfolio-6870\">\n\n\t \n\t\t\t\t<figure class=\"image-thumbnail\">\n\t\t\t\t\t<a href=\"https:\/\/haica.tn\/fr\/project-details\/radio-6\/\" target=\"_self\" title=\"Radio 6\"><img src=\"https:\/\/haica.tn\/wp-content\/uploads\/2020\/02\/t\u00e9l\u00e9chargement.jpg\" alt=\"\" class=\"\" width=\"225\" height=\"225\" \/><\/a>\n\t\t\t\t<\/figure>\n\n\t\t\t\t<section class=\"text\">\n\t\t\t\t\t<h5 class=\"title\"><a href=\"https:\/\/haica.tn\/fr\/project-details\/radio-6\/\" target=\"_self\" rel=\"bookmark\">Radio 6<\/a><\/h5>\n\t\t\t\t\t\n\t\t\t\t\t<p>[vc_row rt_row_background_width=\u00a0\u00bbfullwidth\u00a0\u00bb rt_row_content_width=\u00a0\u00bbdefault\u00a0\u00bb rt_row_style=\u00a0\u00bbdefault-style\u00a0\u00bb rt_row_height=\u00a0\u00bb\u00a0\u00bb rt_column_gaps=\u00a0\u00bb\u00a0\u00bb rt_row_shadows=\u00a0\u00bb\u00a0\u00bb rt_row_borders=\u00a0\u00bb\u00a0\u00bb rt_bg_effect=\u00a0\u00bbclassic\u00a0\u00bb rt_bg_image_repeat=\u00a0\u00bbrepeat\u00a0\u00bb rt_bg_size=\u00a0\u00bbcover\u00a0\u00bb rt_bg_position=\u00a0\u00bbright top\u00a0\u00bb rt_bg_attachment=\u00a0\u00bbscroll\u00a0\u00bb rt_bg_layer=\u00a0\u00bb\u00a0\u00bb rt_bg_video_format=\u00a0\u00bbself-hosted\u00a0\u00bb][vc_column rt_bg_effect=\u00a0\u00bbclassic\u00a0\u00bb rt_bg_image_repeat=\u00a0\u00bbrepeat\u00a0\u00bb rt_bg_size=\u00a0\u00bbauto auto\u00a0\u00bb rt_bg_position=\u00a0\u00bbright top\u00a0\u00bb rt_bg_attachment=\u00a0\u00bbscroll\u00a0\u00bb][vc_column_text] Pr\u00e9sentation Radio 6 est une station de radio associative g\u00e9n\u00e9raliste tunisienne. La station est consid\u00e9r\u00e9e comme le premier projet de radio libre en Tunisie, cr\u00e9\u00e9e par les six membres du Syndicat tunisien [&hellip;]<\/p>\t\n\t\t\t\t\t<a class=\"read_more\" href=\"https:\/\/haica.tn\/fr\/project-details\/radio-6\/\" target=\"_self\" rel=\"bookmark\">Lire la suite<\/a>\t\n\t\t\t\t<\/section>  \n\t\t\t\n<\/div> \n<!-- \/ portfolio box-->\n<\/div>\n<\/div><div class=\"boxed\"><div class=\"item portfolio  radios-associatives\">\n \n\n<!-- portfolio box-->\n<div class=\"loop style-1 hover-1 image post-6862 portfolio type-portfolio status-publish has-post-thumbnail hentry portfolio_categories-radios-associatives\" id=\"portfolio-6862\">\n\n\t \n\t\t\t\t<figure class=\"image-thumbnail\">\n\t\t\t\t\t<a href=\"https:\/\/haica.tn\/fr\/project-details\/radio-ml\/\" target=\"_self\" title=\"Radio ML\"><img src=\"https:\/\/haica.tn\/wp-content\/uploads\/2020\/02\/logo-radio-amall.jpg\" alt=\"\" class=\"\" width=\"225\" height=\"225\" \/><\/a>\n\t\t\t\t<\/figure>\n\n\t\t\t\t<section class=\"text\">\n\t\t\t\t\t<h5 class=\"title\"><a href=\"https:\/\/haica.tn\/fr\/project-details\/radio-ml\/\" target=\"_self\" rel=\"bookmark\">Radio ML<\/a><\/h5>\n\t\t\t\t\t\n\t\t\t\t\t<p>[vc_row rt_row_background_width=\u00a0\u00bbfullwidth\u00a0\u00bb rt_row_content_width=\u00a0\u00bbdefault\u00a0\u00bb rt_row_style=\u00a0\u00bbdefault-style\u00a0\u00bb rt_row_height=\u00a0\u00bb\u00a0\u00bb rt_column_gaps=\u00a0\u00bb\u00a0\u00bb rt_row_shadows=\u00a0\u00bb\u00a0\u00bb rt_row_borders=\u00a0\u00bb\u00a0\u00bb rt_bg_effect=\u00a0\u00bbclassic\u00a0\u00bb rt_bg_image_repeat=\u00a0\u00bbrepeat\u00a0\u00bb rt_bg_size=\u00a0\u00bbcover\u00a0\u00bb rt_bg_position=\u00a0\u00bbright top\u00a0\u00bb rt_bg_attachment=\u00a0\u00bbscroll\u00a0\u00bb rt_bg_layer=\u00a0\u00bb\u00a0\u00bb rt_bg_video_format=\u00a0\u00bbself-hosted\u00a0\u00bb][vc_column rt_bg_effect=\u00a0\u00bbclassic\u00a0\u00bb rt_bg_image_repeat=\u00a0\u00bbrepeat\u00a0\u00bb rt_bg_size=\u00a0\u00bbauto auto\u00a0\u00bb rt_bg_position=\u00a0\u00bbright top\u00a0\u00bb rt_bg_attachment=\u00a0\u00bbscroll\u00a0\u00bb][vc_column_text] Pr\u00e9sentation Radio ML ou le Media Libre est une Radio associative qui permet aux handicap\u00e9s de s&rsquo;exprimer librement. &nbsp; Coordonn\u00e9es [\/vc_column_text][\/vc_column][\/vc_row]<\/p>\t\n\t\t\t\t\t<a class=\"read_more\" href=\"https:\/\/haica.tn\/fr\/project-details\/radio-ml\/\" target=\"_self\" rel=\"bookmark\">Lire la suite<\/a>\t\n\t\t\t\t<\/section>  \n\t\t\t\n<\/div> \n<!-- \/ portfolio box-->\n<\/div>\n<\/div>\n\t\t\t\t\t<\/div>\n\t\t\t\t\t\n\t\t\t\t<div id=\"portfolio-dynamicID-142890-dots\" class=\"dots-holder\">\n\t\t\t\t<\/div>\n\t\t\t\n\t\t\t\t\t\n\t\t\t\t<\/div>\n\t\t\t[\/vc_column][\/vc_row]<\/p>\n","protected":false},"excerpt":{"rendered":"<p>[vc_row rt_row_background_width=\u00a0\u00bbfullwidth\u00a0\u00bb rt_row_content_width=\u00a0\u00bbdefault\u00a0\u00bb rt_row_style=\u00a0\u00bbdefault-style\u00a0\u00bb rt_row_height=\u00a0\u00bb\u00a0\u00bb rt_column_gaps=\u00a0\u00bb\u00a0\u00bb rt_row_shadows=\u00a0\u00bb\u00a0\u00bb rt_row_borders=\u00a0\u00bb\u00a0\u00bb rt_bg_effect=\u00a0\u00bbclassic\u00a0\u00bb rt_bg_image_repeat=\u00a0\u00bbrepeat\u00a0\u00bb rt_bg_size=\u00a0\u00bbcover\u00a0\u00bb rt_bg_position=\u00a0\u00bbright top\u00a0\u00bb rt_bg_attachment=\u00a0\u00bbscroll\u00a0\u00bb rt_bg_layer=\u00a0\u00bb\u00a0\u00bb rt_bg_video_format=\u00a0\u00bbself-hosted\u00a0\u00bb rt_class=\u00a0\u00bbrt-1857418&Prime; rt_vc_seperator_1=\u00a0\u00bb\u00a0\u00bb rt_paddings=\u00a0\u00bb,,,\u00a0\u00bb rt_margins=\u00a0\u00bb,,,\u00a0\u00bb rt_content_margins=\u00a0\u00bb,,,\u00a0\u00bb rt_vc_seperator_2=\u00a0\u00bb\u00a0\u00bb rt_tablet_paddings=\u00a0\u00bb,,,\u00a0\u00bb rt_tablet_margins=\u00a0\u00bb,,,\u00a0\u00bb rt_tablet_content_margins=\u00a0\u00bb,,,\u00a0\u00bb rt_vc_seperator_3=\u00a0\u00bb\u00a0\u00bb rt_sp_paddings=\u00a0\u00bb,,,\u00a0\u00bb rt_sp_margins=\u00a0\u00bb,,,\u00a0\u00bb rt_sp_content_margins=\u00a0\u00bb,,,\u00a0\u00bb rt_bg_color=\u00a0\u00bb#e5e5e5&Prime;][vc_column rt_bg_effect=\u00a0\u00bbclassic\u00a0\u00bb rt_bg_image_repeat=\u00a0\u00bbrepeat\u00a0\u00bb rt_bg_size=\u00a0\u00bbauto auto\u00a0\u00bb rt_bg_position=\u00a0\u00bbright top\u00a0\u00bb rt_bg_attachment=\u00a0\u00bbscroll\u00a0\u00bb][\/vc_column][\/vc_row]<\/p>\n","protected":false},"author":1,"featured_media":0,"parent":13670,"menu_order":0,"comment_status":"closed","ping_status":"closed","template":"","meta":[],"yoast_head":"<!-- This site is optimized with the Yoast SEO plugin v16.4 - https:\/\/yoast.com\/wordpress\/plugins\/seo\/ -->\n<title>Radios associatives - HAICA<\/title>\n<meta name=\"robots\" content=\"index, follow, max-snippet:-1, max-image-preview:large, max-video-preview:-1\" \/>\n<link rel=\"canonical\" href=\"https:\/\/haica.tn\/fr\/radios\/radios-associatives\/\" \/>\n<meta property=\"og:locale\" content=\"fr_FR\" \/>\n<meta property=\"og:type\" content=\"article\" \/>\n<meta property=\"og:title\" content=\"Radios associatives - HAICA\" \/>\n<meta property=\"og:description\" content=\"[vc_row rt_row_background_width=\u00a0\u00bbfullwidth\u00a0\u00bb rt_row_content_width=\u00a0\u00bbdefault\u00a0\u00bb rt_row_style=\u00a0\u00bbdefault-style\u00a0\u00bb rt_row_height=\u00a0\u00bb\u00a0\u00bb rt_column_gaps=\u00a0\u00bb\u00a0\u00bb rt_row_shadows=\u00a0\u00bb\u00a0\u00bb rt_row_borders=\u00a0\u00bb\u00a0\u00bb rt_bg_effect=\u00a0\u00bbclassic\u00a0\u00bb rt_bg_image_repeat=\u00a0\u00bbrepeat\u00a0\u00bb rt_bg_size=\u00a0\u00bbcover\u00a0\u00bb rt_bg_position=\u00a0\u00bbright top\u00a0\u00bb rt_bg_attachment=\u00a0\u00bbscroll\u00a0\u00bb rt_bg_layer=\u00a0\u00bb\u00a0\u00bb rt_bg_video_format=\u00a0\u00bbself-hosted\u00a0\u00bb rt_class=\u00a0\u00bbrt-1857418&Prime; rt_vc_seperator_1=\u00a0\u00bb\u00a0\u00bb rt_paddings=\u00a0\u00bb,,,\u00a0\u00bb rt_margins=\u00a0\u00bb,,,\u00a0\u00bb rt_content_margins=\u00a0\u00bb,,,\u00a0\u00bb rt_vc_seperator_2=\u00a0\u00bb\u00a0\u00bb rt_tablet_paddings=\u00a0\u00bb,,,\u00a0\u00bb rt_tablet_margins=\u00a0\u00bb,,,\u00a0\u00bb rt_tablet_content_margins=\u00a0\u00bb,,,\u00a0\u00bb rt_vc_seperator_3=\u00a0\u00bb\u00a0\u00bb rt_sp_paddings=\u00a0\u00bb,,,\u00a0\u00bb rt_sp_margins=\u00a0\u00bb,,,\u00a0\u00bb rt_sp_content_margins=\u00a0\u00bb,,,\u00a0\u00bb rt_bg_color=\u00a0\u00bb#e5e5e5&Prime;][vc_column rt_bg_effect=\u00a0\u00bbclassic\u00a0\u00bb rt_bg_image_repeat=\u00a0\u00bbrepeat\u00a0\u00bb rt_bg_size=\u00a0\u00bbauto auto\u00a0\u00bb rt_bg_position=\u00a0\u00bbright top\u00a0\u00bb rt_bg_attachment=\u00a0\u00bbscroll\u00a0\u00bb][\/vc_column][\/vc_row]\" \/>\n<meta property=\"og:url\" content=\"https:\/\/haica.tn\/fr\/radios\/radios-associatives\/\" \/>\n<meta property=\"og:site_name\" content=\"HAICA\" \/>\n<meta property=\"article:modified_time\" content=\"2020-08-14T09:50:49+00:00\" \/>\n<meta name=\"twitter:card\" content=\"summary_large_image\" \/>\n<meta name=\"twitter:label1\" content=\"Dur\u00e9e de lecture est.\" \/>\n\t<meta name=\"twitter:data1\" content=\"1 minute\" \/>\n<script type=\"application\/ld+json\" class=\"yoast-schema-graph\">{\"@context\":\"https:\/\/schema.org\",\"@graph\":[{\"@type\":\"WebSite\",\"@id\":\"https:\/\/haica.tn\/ar\/#website\",\"url\":\"https:\/\/haica.tn\/ar\/\",\"name\":\"HAICA\",\"description\":\"R\\u00e9gulateur de la communication audiovisuelle en Tunisie\",\"potentialAction\":[{\"@type\":\"SearchAction\",\"target\":\"https:\/\/haica.tn\/ar\/?s={search_term_string}\",\"query-input\":\"required name=search_term_string\"}],\"inLanguage\":\"fr-FR\"},{\"@type\":\"WebPage\",\"@id\":\"https:\/\/haica.tn\/fr\/radios\/radios-associatives\/#webpage\",\"url\":\"https:\/\/haica.tn\/fr\/radios\/radios-associatives\/\",\"name\":\"Radios associatives - HAICA\",\"isPartOf\":{\"@id\":\"https:\/\/haica.tn\/ar\/#website\"},\"datePublished\":\"2019-12-26T13:48:07+00:00\",\"dateModified\":\"2020-08-14T09:50:49+00:00\",\"breadcrumb\":{\"@id\":\"https:\/\/haica.tn\/fr\/radios\/radios-associatives\/#breadcrumb\"},\"inLanguage\":\"fr-FR\",\"potentialAction\":[{\"@type\":\"ReadAction\",\"target\":[\"https:\/\/haica.tn\/fr\/radios\/radios-associatives\/\"]}]},{\"@type\":\"BreadcrumbList\",\"@id\":\"https:\/\/haica.tn\/fr\/radios\/radios-associatives\/#breadcrumb\",\"itemListElement\":[{\"@type\":\"ListItem\",\"position\":1,\"item\":{\"@type\":\"WebPage\",\"@id\":\"https:\/\/haica.tn\/fr\/\",\"url\":\"https:\/\/haica.tn\/fr\/\",\"name\":\"Accueil\"}},{\"@type\":\"ListItem\",\"position\":2,\"item\":{\"@type\":\"WebPage\",\"@id\":\"https:\/\/haica.tn\/fr\/radios\/\",\"url\":\"https:\/\/haica.tn\/fr\/radios\/\",\"name\":\"Radios\"}},{\"@type\":\"ListItem\",\"position\":3,\"item\":{\"@id\":\"https:\/\/haica.tn\/fr\/radios\/radios-associatives\/#webpage\"}}]}]}<\/script>\n<!-- \/ Yoast SEO plugin. -->","_links":{"self":[{"href":"https:\/\/haica.tn\/fr\/wp-json\/wp\/v2\/pages\/5738"}],"collection":[{"href":"https:\/\/haica.tn\/fr\/wp-json\/wp\/v2\/pages"}],"about":[{"href":"https:\/\/haica.tn\/fr\/wp-json\/wp\/v2\/types\/page"}],"author":[{"embeddable":true,"href":"https:\/\/haica.tn\/fr\/wp-json\/wp\/v2\/users\/1"}],"replies":[{"embeddable":true,"href":"https:\/\/haica.tn\/fr\/wp-json\/wp\/v2\/comments?post=5738"}],"version-history":[{"count":4,"href":"https:\/\/haica.tn\/fr\/wp-json\/wp\/v2\/pages\/5738\/revisions"}],"predecessor-version":[{"id":13478,"href":"https:\/\/haica.tn\/fr\/wp-json\/wp\/v2\/pages\/5738\/revisions\/13478"}],"up":[{"embeddable":true,"href":"https:\/\/haica.tn\/fr\/wp-json\/wp\/v2\/pages\/13670"}],"wp:attachment":[{"href":"https:\/\/haica.tn\/fr\/wp-json\/wp\/v2\/media?parent=5738"}],"curies":[{"name":"wp","href":"https:\/\/api.w.org\/{rel}","templated":true}]}}