{"id":5748,"date":"2019-12-26T14:49:18","date_gmt":"2019-12-26T13:49:18","guid":{"rendered":"https:\/\/haica.tn\/?page_id=5748"},"modified":"2021-01-19T09:15:10","modified_gmt":"2021-01-19T08:15:10","slug":"textes-juridiques","status":"publish","type":"page","link":"https:\/\/haica.tn\/fr\/textes-juridiques\/","title":{"rendered":"Textes juridiques"},"content":{"rendered":"<p>[vc_row rt_row_background_width=\u00a0\u00bbfullwidth\u00a0\u00bb rt_row_content_width=\u00a0\u00bbdefault\u00a0\u00bb rt_row_style=\u00a0\u00bbdefault-style\u00a0\u00bb rt_row_height=\u00a0\u00bb\u00a0\u00bb rt_column_view=\u00a0\u00bbequal_heights\u00a0\u00bb rt_column_gaps=\u00a0\u00bbtop\u00a0\u00bb rt_row_shadows=\u00a0\u00bb\u00a0\u00bb rt_row_borders=\u00a0\u00bb\u00a0\u00bb rt_bg_effect=\u00a0\u00bbclassic\u00a0\u00bb rt_bg_image_repeat=\u00a0\u00bbrepeat\u00a0\u00bb rt_bg_size=\u00a0\u00bbcover\u00a0\u00bb rt_bg_position=\u00a0\u00bbright top\u00a0\u00bb rt_bg_attachment=\u00a0\u00bbscroll\u00a0\u00bb rt_bg_layer=\u00a0\u00bb\u00a0\u00bb rt_bg_video_format=\u00a0\u00bbself-hosted\u00a0\u00bb rt_class=\u00a0\u00bbrt-1070372&Prime; rt_paddings=\u00a0\u00bb40px,120px,,\u00a0\u00bb rt_margins=\u00a0\u00bb,,,\u00a0\u00bb rt_content_margins=\u00a0\u00bb,,,\u00a0\u00bb rt_tablet_paddings=\u00a0\u00bb,,,\u00a0\u00bb rt_tablet_margins=\u00a0\u00bb,,,\u00a0\u00bb rt_tablet_content_margins=\u00a0\u00bb,,,\u00a0\u00bb rt_sp_paddings=\u00a0\u00bb,,,\u00a0\u00bb rt_sp_margins=\u00a0\u00bb,,,\u00a0\u00bb rt_sp_content_margins=\u00a0\u00bb,,,\u00a0\u00bb rt_bg_color=\u00a0\u00bb#f4f4f4&Prime;][vc_column width=\u00a0\u00bb1\/4&Prime; rt_column_shadow=\u00a0\u00bbtrue\u00a0\u00bb rt_bg_effect=\u00a0\u00bbclassic\u00a0\u00bb rt_bg_image_repeat=\u00a0\u00bbrepeat\u00a0\u00bb rt_bg_size=\u00a0\u00bbauto auto\u00a0\u00bb rt_bg_position=\u00a0\u00bbright top\u00a0\u00bb rt_bg_attachment=\u00a0\u00bbscroll\u00a0\u00bb rt_class=\u00a0\u00bbrt-9129906&Prime; rt_margins=\u00a0\u00bb,\u00a0\u00bb rt_paddings=\u00a0\u00bb40px,40px,,\u00a0\u00bb rt_wrapper_paddings=\u00a0\u00bb,,,\u00a0\u00bb rt_tablet_margins=\u00a0\u00bb,\u00a0\u00bb rt_tablet_paddings=\u00a0\u00bb,,,\u00a0\u00bb rt_tablet_wrapper_paddings=\u00a0\u00bb,,,\u00a0\u00bb rt_sp_margins=\u00a0\u00bb,\u00a0\u00bb rt_sp_paddings=\u00a0\u00bb,,,\u00a0\u00bb rt_sp_wrapper_paddings=\u00a0\u00bb,,,\u00a0\u00bb rt_bg_color=\u00a0\u00bb#ffffff\u00a0\u00bb rt_bg_overlay_color=\u00a0\u00bb\u00a0\u00bb]<article  class=\"icon-content-box icon-pos-top icon-style-6\"><div class=\"icon-holder\"><a href=\"https:\/\/haica.tn\/wp-content\/uploads\/2020\/02\/Decret-Loi-N2011-116.pdf\" title=\"\" target=\"_blank\"><span class=\"icon-basic-book\"><\/span><\/a><\/div><div class=\"text-holder\">\n\t<h6 class=\"heading\">\n\t\t<a href=\"https:\/\/haica.tn\/wp-content\/uploads\/2020\/02\/Decret-Loi-N2011-116.pdf\" title=\"D\u00e9cr\u00eat Loi N\u00b02011-116 du 2 novembre 2011\" target=\"_blank\">\n\t\t\tD\u00e9cr\u00eat Loi N\u00b02011-116 du 2 novembre 2011\n\t\t<\/a>\n\t<\/h6> <p class=\"aligncenter\">Relatif \u00e0 la libert\u00e9 de la communication audiovisuelle et portant cr\u00e9ation d\u2019une Haute Autorit\u00e9 Ind\u00e9pendante de la Communication Audiovisuelle.<\/p>\n<\/div><\/article><div class=\"button_wrapper  rounded\"><a href=\"https:\/\/haica.tn\/wp-content\/uploads\/2020\/02\/Decret-Loi-N2011-116.pdf\" target=\"_blank\" title=\"PDF\" class=\"button_  heading-font style-1 small rt-5351730\"><span><span>PDF<\/span><\/span><\/a><\/div><div class=\"button_wrapper  rounded\"><a href=\"https:\/\/haica.tn\/decret-loi-n2011-116-du-2-novembre-2011\/\" target=\"_self\" title=\"HTML\" class=\"button_  heading-font style-1 small rt-5081580\"><span><span>HTML<\/span><\/span><\/a><\/div>[\/vc_column][vc_column width=\u00a0\u00bb1\/4&Prime; rt_column_shadow=\u00a0\u00bbtrue\u00a0\u00bb rt_bg_effect=\u00a0\u00bbclassic\u00a0\u00bb rt_bg_image_repeat=\u00a0\u00bbrepeat\u00a0\u00bb rt_bg_size=\u00a0\u00bbauto auto\u00a0\u00bb rt_bg_position=\u00a0\u00bbright top\u00a0\u00bb rt_bg_attachment=\u00a0\u00bbscroll\u00a0\u00bb rt_class=\u00a0\u00bbrt-4953192&Prime; rt_margins=\u00a0\u00bb,\u00a0\u00bb rt_paddings=\u00a0\u00bb40px,40px,,\u00a0\u00bb rt_wrapper_paddings=\u00a0\u00bb,,,\u00a0\u00bb rt_tablet_margins=\u00a0\u00bb,\u00a0\u00bb rt_tablet_paddings=\u00a0\u00bb,,,\u00a0\u00bb rt_tablet_wrapper_paddings=\u00a0\u00bb,,,\u00a0\u00bb rt_sp_margins=\u00a0\u00bb,\u00a0\u00bb rt_sp_paddings=\u00a0\u00bb,,,\u00a0\u00bb rt_sp_wrapper_paddings=\u00a0\u00bb,,,\u00a0\u00bb rt_bg_color=\u00a0\u00bb#ffffff\u00a0\u00bb rt_bg_overlay_color=\u00a0\u00bb\u00a0\u00bb]<article  class=\"icon-content-box icon-pos-top icon-style-6\"><div class=\"icon-holder\"><a href=\"https:\/\/haica.tn\/wp-content\/uploads\/2020\/02\/Decret-loi_N2011-115-fr.pdf\" title=\"\" target=\"_blank\"><span class=\"icon-basic-book\"><\/span><\/a><\/div><div class=\"text-holder\">\n\t<h6 class=\"heading\">\n\t\t<a href=\"https:\/\/haica.tn\/wp-content\/uploads\/2020\/02\/Decret-loi_N2011-115-fr.pdf\" title=\"D\u00e9cret Loi N\u00b02011-115 du 2 novembre 2011\" target=\"_blank\">\n\t\t\tD\u00e9cret Loi N\u00b02011-115 du 2 novembre 2011\n\t\t<\/a>\n\t<\/h6> <p class=\"aligncenter\">Relatif \u00e0 la libert\u00e9 de la presse, de l\u2019impression et de l\u2019\u00e9dition<\/p>\n<\/div><\/article><div class=\"button_wrapper  rounded\"><a href=\"https:\/\/haica.tn\/wp-content\/uploads\/2020\/02\/Decret-loi_N2011-115-fr.pdf\" target=\"_blank\" title=\"PDF\" class=\"button_  heading-font style-1 small rt-5551450\"><span><span>PDF<\/span><\/span><\/a><\/div><div class=\"button_wrapper  rounded\"><a href=\"https:\/\/haica.tn\/decret-loi-n2011-115-du-2-novembre-2011\/\" target=\"_self\" title=\"HTML\" class=\"button_  heading-font style-1 small rt-3757432\"><span><span>HTML<\/span><\/span><\/a><\/div>[\/vc_column][vc_column width=\u00a0\u00bb1\/4&Prime; rt_bg_effect=\u00a0\u00bbclassic\u00a0\u00bb rt_bg_image_repeat=\u00a0\u00bbrepeat\u00a0\u00bb rt_bg_size=\u00a0\u00bbauto auto\u00a0\u00bb rt_bg_position=\u00a0\u00bbright top\u00a0\u00bb rt_bg_attachment=\u00a0\u00bbscroll\u00a0\u00bb rt_class=\u00a0\u00bbrt-1822883&Prime; rt_vc_seperator_1=\u00a0\u00bb\u00a0\u00bb rt_vc_seperator_2=\u00a0\u00bb\u00a0\u00bb rt_vc_seperator_3=\u00a0\u00bb\u00a0\u00bb rt_bg_color=\u00a0\u00bb#ffffff\u00a0\u00bb rt_bg_overlay_color=\u00a0\u00bb\u00a0\u00bb]<article  class=\"icon-content-box icon-pos-top icon-style-6\"><div class=\"icon-holder\"><a href=\"https:\/\/haica.tn\/wp-content\/uploads\/2020\/02\/Decret-loi_N2011-115-fr.pdf\" title=\"\" target=\"_blank\"><span class=\"icon-basic-book\"><\/span><\/a><\/div><div class=\"text-holder\">\n\t<h6 class=\"heading\">\n\t\t<a href=\"https:\/\/haica.tn\/wp-content\/uploads\/2020\/02\/Decret-loi_N2011-115-fr.pdf\" title=\"Loi fondamentale n \u00b0 22 de 2016 du 24 mars 2016.\" target=\"_blank\">\n\t\t\tLoi fondamentale n \u00b0 22 de 2016 du 24 mars 2016.\n\t\t<\/a>\n\t<\/h6> <p class=\"aligncenter\">Relative au droit d\u2019acc\u00e8s \u00e0 l\u2019information.<\/p>\n<\/div><\/article><div class=\"button_wrapper  rounded\"><a href=\"https:\/\/haica.tn\/wp-content\/uploads\/2021\/01\/Loi-fondamentale-n-\u00b0-22-de-2016-du-24-mars-2016.pdf\" target=\"_blank\" title=\"PDF\" class=\"button_  heading-font style-1 small rt-5157028\"><span><span>PDF<\/span><\/span><\/a><\/div><div class=\"button_wrapper  rounded\"><a href=\"https:\/\/haica.tn\/loi-organique-n-2016-22-du-24-mars-2016-2\/\" target=\"_self\" title=\"HTML\" class=\"button_  heading-font style-1 small rt-7788397\"><span><span>HTML<\/span><\/span><\/a><\/div>[\/vc_column][vc_column width=\u00a0\u00bb1\/4&Prime; rt_bg_effect=\u00a0\u00bbclassic\u00a0\u00bb rt_bg_image_repeat=\u00a0\u00bbrepeat\u00a0\u00bb rt_bg_size=\u00a0\u00bbauto auto\u00a0\u00bb rt_bg_position=\u00a0\u00bbright top\u00a0\u00bb rt_bg_attachment=\u00a0\u00bbscroll\u00a0\u00bb][\/vc_column][\/vc_row]<\/p>\n","protected":false},"excerpt":{"rendered":"<p>[vc_row rt_row_background_width=\u00a0\u00bbfullwidth\u00a0\u00bb rt_row_content_width=\u00a0\u00bbdefault\u00a0\u00bb rt_row_style=\u00a0\u00bbdefault-style\u00a0\u00bb rt_row_height=\u00a0\u00bb\u00a0\u00bb rt_column_view=\u00a0\u00bbequal_heights\u00a0\u00bb rt_column_gaps=\u00a0\u00bbtop\u00a0\u00bb rt_row_shadows=\u00a0\u00bb\u00a0\u00bb rt_row_borders=\u00a0\u00bb\u00a0\u00bb rt_bg_effect=\u00a0\u00bbclassic\u00a0\u00bb rt_bg_image_repeat=\u00a0\u00bbrepeat\u00a0\u00bb rt_bg_size=\u00a0\u00bbcover\u00a0\u00bb rt_bg_position=\u00a0\u00bbright top\u00a0\u00bb rt_bg_attachment=\u00a0\u00bbscroll\u00a0\u00bb rt_bg_layer=\u00a0\u00bb\u00a0\u00bb rt_bg_video_format=\u00a0\u00bbself-hosted\u00a0\u00bb rt_class=\u00a0\u00bbrt-1070372&Prime; rt_paddings=\u00a0\u00bb40px,120px,,\u00a0\u00bb rt_margins=\u00a0\u00bb,,,\u00a0\u00bb rt_content_margins=\u00a0\u00bb,,,\u00a0\u00bb rt_tablet_paddings=\u00a0\u00bb,,,\u00a0\u00bb rt_tablet_margins=\u00a0\u00bb,,,\u00a0\u00bb rt_tablet_content_margins=\u00a0\u00bb,,,\u00a0\u00bb rt_sp_paddings=\u00a0\u00bb,,,\u00a0\u00bb rt_sp_margins=\u00a0\u00bb,,,\u00a0\u00bb rt_sp_content_margins=\u00a0\u00bb,,,\u00a0\u00bb rt_bg_color=\u00a0\u00bb#f4f4f4&Prime;][vc_column width=\u00a0\u00bb1\/4&Prime; rt_column_shadow=\u00a0\u00bbtrue\u00a0\u00bb rt_bg_effect=\u00a0\u00bbclassic\u00a0\u00bb rt_bg_image_repeat=\u00a0\u00bbrepeat\u00a0\u00bb rt_bg_size=\u00a0\u00bbauto auto\u00a0\u00bb rt_bg_position=\u00a0\u00bbright top\u00a0\u00bb rt_bg_attachment=\u00a0\u00bbscroll\u00a0\u00bb rt_class=\u00a0\u00bbrt-9129906&Prime; rt_margins=\u00a0\u00bb,\u00a0\u00bb rt_paddings=\u00a0\u00bb40px,40px,,\u00a0\u00bb rt_wrapper_paddings=\u00a0\u00bb,,,\u00a0\u00bb rt_tablet_margins=\u00a0\u00bb,\u00a0\u00bb rt_tablet_paddings=\u00a0\u00bb,,,\u00a0\u00bb rt_tablet_wrapper_paddings=\u00a0\u00bb,,,\u00a0\u00bb rt_sp_margins=\u00a0\u00bb,\u00a0\u00bb rt_sp_paddings=\u00a0\u00bb,,,\u00a0\u00bb rt_sp_wrapper_paddings=\u00a0\u00bb,,,\u00a0\u00bb rt_bg_color=\u00a0\u00bb#ffffff\u00a0\u00bb rt_bg_overlay_color=\u00a0\u00bb\u00a0\u00bb][\/vc_column][vc_column width=\u00a0\u00bb1\/4&Prime; rt_column_shadow=\u00a0\u00bbtrue\u00a0\u00bb rt_bg_effect=\u00a0\u00bbclassic\u00a0\u00bb rt_bg_image_repeat=\u00a0\u00bbrepeat\u00a0\u00bb rt_bg_size=\u00a0\u00bbauto auto\u00a0\u00bb [&hellip;]<\/p>\n","protected":false},"author":1,"featured_media":0,"parent":0,"menu_order":0,"comment_status":"closed","ping_status":"closed","template":"","meta":[],"yoast_head":"<!-- This site is optimized with the Yoast SEO plugin v16.4 - https:\/\/yoast.com\/wordpress\/plugins\/seo\/ -->\n<title>Textes juridiques - HAICA<\/title>\n<meta name=\"robots\" content=\"index, follow, max-snippet:-1, max-image-preview:large, max-video-preview:-1\" \/>\n<link rel=\"canonical\" href=\"https:\/\/haica.tn\/fr\/textes-juridiques\/\" \/>\n<meta property=\"og:locale\" content=\"fr_FR\" \/>\n<meta property=\"og:type\" content=\"article\" \/>\n<meta property=\"og:title\" content=\"Textes juridiques - HAICA\" \/>\n<meta property=\"og:description\" content=\"[vc_row rt_row_background_width=\u00a0\u00bbfullwidth\u00a0\u00bb rt_row_content_width=\u00a0\u00bbdefault\u00a0\u00bb rt_row_style=\u00a0\u00bbdefault-style\u00a0\u00bb rt_row_height=\u00a0\u00bb\u00a0\u00bb rt_column_view=\u00a0\u00bbequal_heights\u00a0\u00bb rt_column_gaps=\u00a0\u00bbtop\u00a0\u00bb rt_row_shadows=\u00a0\u00bb\u00a0\u00bb rt_row_borders=\u00a0\u00bb\u00a0\u00bb rt_bg_effect=\u00a0\u00bbclassic\u00a0\u00bb rt_bg_image_repeat=\u00a0\u00bbrepeat\u00a0\u00bb rt_bg_size=\u00a0\u00bbcover\u00a0\u00bb rt_bg_position=\u00a0\u00bbright top\u00a0\u00bb rt_bg_attachment=\u00a0\u00bbscroll\u00a0\u00bb rt_bg_layer=\u00a0\u00bb\u00a0\u00bb rt_bg_video_format=\u00a0\u00bbself-hosted\u00a0\u00bb rt_class=\u00a0\u00bbrt-1070372&Prime; rt_paddings=\u00a0\u00bb40px,120px,,\u00a0\u00bb rt_margins=\u00a0\u00bb,,,\u00a0\u00bb rt_content_margins=\u00a0\u00bb,,,\u00a0\u00bb rt_tablet_paddings=\u00a0\u00bb,,,\u00a0\u00bb rt_tablet_margins=\u00a0\u00bb,,,\u00a0\u00bb rt_tablet_content_margins=\u00a0\u00bb,,,\u00a0\u00bb rt_sp_paddings=\u00a0\u00bb,,,\u00a0\u00bb rt_sp_margins=\u00a0\u00bb,,,\u00a0\u00bb rt_sp_content_margins=\u00a0\u00bb,,,\u00a0\u00bb rt_bg_color=\u00a0\u00bb#f4f4f4&Prime;][vc_column width=\u00a0\u00bb1\/4&Prime; rt_column_shadow=\u00a0\u00bbtrue\u00a0\u00bb rt_bg_effect=\u00a0\u00bbclassic\u00a0\u00bb rt_bg_image_repeat=\u00a0\u00bbrepeat\u00a0\u00bb rt_bg_size=\u00a0\u00bbauto auto\u00a0\u00bb rt_bg_position=\u00a0\u00bbright top\u00a0\u00bb rt_bg_attachment=\u00a0\u00bbscroll\u00a0\u00bb rt_class=\u00a0\u00bbrt-9129906&Prime; rt_margins=\u00a0\u00bb,\u00a0\u00bb rt_paddings=\u00a0\u00bb40px,40px,,\u00a0\u00bb rt_wrapper_paddings=\u00a0\u00bb,,,\u00a0\u00bb rt_tablet_margins=\u00a0\u00bb,\u00a0\u00bb rt_tablet_paddings=\u00a0\u00bb,,,\u00a0\u00bb rt_tablet_wrapper_paddings=\u00a0\u00bb,,,\u00a0\u00bb rt_sp_margins=\u00a0\u00bb,\u00a0\u00bb rt_sp_paddings=\u00a0\u00bb,,,\u00a0\u00bb rt_sp_wrapper_paddings=\u00a0\u00bb,,,\u00a0\u00bb rt_bg_color=\u00a0\u00bb#ffffff\u00a0\u00bb rt_bg_overlay_color=\u00a0\u00bb\u00a0\u00bb][\/vc_column][vc_column width=\u00a0\u00bb1\/4&Prime; rt_column_shadow=\u00a0\u00bbtrue\u00a0\u00bb rt_bg_effect=\u00a0\u00bbclassic\u00a0\u00bb rt_bg_image_repeat=\u00a0\u00bbrepeat\u00a0\u00bb rt_bg_size=\u00a0\u00bbauto auto\u00a0\u00bb [&hellip;]\" \/>\n<meta property=\"og:url\" content=\"https:\/\/haica.tn\/fr\/textes-juridiques\/\" \/>\n<meta property=\"og:site_name\" content=\"HAICA\" \/>\n<meta property=\"article:modified_time\" content=\"2021-01-19T08:15:10+00:00\" \/>\n<meta name=\"twitter:card\" content=\"summary_large_image\" \/>\n<meta name=\"twitter:label1\" content=\"Dur\u00e9e de lecture est.\" \/>\n\t<meta name=\"twitter:data1\" content=\"4 minutes\" \/>\n<script type=\"application\/ld+json\" class=\"yoast-schema-graph\">{\"@context\":\"https:\/\/schema.org\",\"@graph\":[{\"@type\":\"WebSite\",\"@id\":\"https:\/\/haica.tn\/ar\/#website\",\"url\":\"https:\/\/haica.tn\/ar\/\",\"name\":\"HAICA\",\"description\":\"R\\u00e9gulateur de la communication audiovisuelle en Tunisie\",\"potentialAction\":[{\"@type\":\"SearchAction\",\"target\":\"https:\/\/haica.tn\/ar\/?s={search_term_string}\",\"query-input\":\"required name=search_term_string\"}],\"inLanguage\":\"fr-FR\"},{\"@type\":\"WebPage\",\"@id\":\"https:\/\/haica.tn\/fr\/textes-juridiques\/#webpage\",\"url\":\"https:\/\/haica.tn\/fr\/textes-juridiques\/\",\"name\":\"Textes juridiques - HAICA\",\"isPartOf\":{\"@id\":\"https:\/\/haica.tn\/ar\/#website\"},\"datePublished\":\"2019-12-26T13:49:18+00:00\",\"dateModified\":\"2021-01-19T08:15:10+00:00\",\"breadcrumb\":{\"@id\":\"https:\/\/haica.tn\/fr\/textes-juridiques\/#breadcrumb\"},\"inLanguage\":\"fr-FR\",\"potentialAction\":[{\"@type\":\"ReadAction\",\"target\":[\"https:\/\/haica.tn\/fr\/textes-juridiques\/\"]}]},{\"@type\":\"BreadcrumbList\",\"@id\":\"https:\/\/haica.tn\/fr\/textes-juridiques\/#breadcrumb\",\"itemListElement\":[{\"@type\":\"ListItem\",\"position\":1,\"item\":{\"@type\":\"WebPage\",\"@id\":\"https:\/\/haica.tn\/fr\/\",\"url\":\"https:\/\/haica.tn\/fr\/\",\"name\":\"Accueil\"}},{\"@type\":\"ListItem\",\"position\":2,\"item\":{\"@id\":\"https:\/\/haica.tn\/fr\/textes-juridiques\/#webpage\"}}]}]}<\/script>\n<!-- \/ Yoast SEO plugin. -->","_links":{"self":[{"href":"https:\/\/haica.tn\/fr\/wp-json\/wp\/v2\/pages\/5748"}],"collection":[{"href":"https:\/\/haica.tn\/fr\/wp-json\/wp\/v2\/pages"}],"about":[{"href":"https:\/\/haica.tn\/fr\/wp-json\/wp\/v2\/types\/page"}],"author":[{"embeddable":true,"href":"https:\/\/haica.tn\/fr\/wp-json\/wp\/v2\/users\/1"}],"replies":[{"embeddable":true,"href":"https:\/\/haica.tn\/fr\/wp-json\/wp\/v2\/comments?post=5748"}],"version-history":[{"count":42,"href":"https:\/\/haica.tn\/fr\/wp-json\/wp\/v2\/pages\/5748\/revisions"}],"predecessor-version":[{"id":14645,"href":"https:\/\/haica.tn\/fr\/wp-json\/wp\/v2\/pages\/5748\/revisions\/14645"}],"wp:attachment":[{"href":"https:\/\/haica.tn\/fr\/wp-json\/wp\/v2\/media?parent=5748"}],"curies":[{"name":"wp","href":"https:\/\/api.w.org\/{rel}","templated":true}]}}