{"id":5760,"date":"2019-12-26T14:51:03","date_gmt":"2019-12-26T13:51:03","guid":{"rendered":"https:\/\/haica.tn\/?page_id=5760"},"modified":"2020-04-06T22:42:52","modified_gmt":"2020-04-06T20:42:52","slug":"activites","status":"publish","type":"page","link":"https:\/\/haica.tn\/fr\/activites\/","title":{"rendered":"Activit\u00e9s"},"content":{"rendered":"<p>[vc_row rt_row_background_width=\u00a0\u00bbfullwidth\u00a0\u00bb rt_row_content_width=\u00a0\u00bbdefault\u00a0\u00bb rt_row_style=\u00a0\u00bbdefault-style\u00a0\u00bb rt_row_height=\u00a0\u00bb\u00a0\u00bb rt_column_gaps=\u00a0\u00bb\u00a0\u00bb rt_row_shadows=\u00a0\u00bb\u00a0\u00bb rt_row_borders=\u00a0\u00bb\u00a0\u00bb rt_bg_effect=\u00a0\u00bbclassic\u00a0\u00bb rt_bg_image_repeat=\u00a0\u00bbrepeat\u00a0\u00bb rt_bg_size=\u00a0\u00bbcover\u00a0\u00bb rt_bg_position=\u00a0\u00bbright top\u00a0\u00bb rt_bg_attachment=\u00a0\u00bbscroll\u00a0\u00bb rt_bg_layer=\u00a0\u00bb\u00a0\u00bb rt_bg_video_format=\u00a0\u00bbself-hosted\u00a0\u00bb rt_class=\u00a0\u00bbrt-2845179&Prime; rt_paddings=\u00a0\u00bb,,,\u00a0\u00bb rt_margins=\u00a0\u00bb,,,\u00a0\u00bb rt_content_margins=\u00a0\u00bb,,,\u00a0\u00bb rt_tablet_paddings=\u00a0\u00bb,,,\u00a0\u00bb rt_tablet_margins=\u00a0\u00bb,,,\u00a0\u00bb rt_tablet_content_margins=\u00a0\u00bb,,,\u00a0\u00bb rt_sp_paddings=\u00a0\u00bb,,,\u00a0\u00bb rt_sp_margins=\u00a0\u00bb,,,\u00a0\u00bb rt_sp_content_margins=\u00a0\u00bb,,,\u00a0\u00bb rt_bg_color=\u00a0\u00bb#f4f4f4&Prime; class=\u00a0\u00bbarticles\u00a0\u00bb][vc_column rt_bg_effect=\u00a0\u00bbclassic\u00a0\u00bb rt_bg_image_repeat=\u00a0\u00bbrepeat\u00a0\u00bb rt_bg_size=\u00a0\u00bbauto auto\u00a0\u00bb rt_bg_position=\u00a0\u00bbright top\u00a0\u00bb rt_bg_attachment=\u00a0\u00bbscroll\u00a0\u00bb]\n<div id=\"blog-dynamicID-904398\" class=\"blog_list clearfix row\" data-column-width=\"1\">\n<article id=\"18521\" class=\"col col-sm-12 post-18521 post type-post status-publish format-standard hentry category-activites category-cooperation-internationale\"><div class=\"post-content-wrapper boxed\">\n \n\n<!-- blog box-->\n\t\t\n\t<a href=\"https:\/\/haica.tn\/fr\/rapport-dactivites-haica-refram-2020-2022\/\" title=\"Rapport d&rsquo;activit\u00e9s HAICA &#8211; REFRAM 2020 &#8211; 2022\" class=\"post-date\">07\/10\/2022<\/a>\n\t\t<!-- meta data -->\n\t\t<div class=\"post_data\">\n\n\t\t\t\n\t\t\t\t\t\t\t\n\t\t\t\t\t\t<!-- categories -->\n\t\t\t<span class=\"categories\">\n\t\t\t\u00e0<a href=\"https:\/\/haica.tn\/fr\/category\/activites\/\" rel=\"category tag\">Activit\u00e9s<\/a>, <a href=\"https:\/\/haica.tn\/fr\/category\/news\/publications\/cooperation-internationale\/\" rel=\"category tag\">Coop\u00e9ration Internationale<\/a>\t\t\t\t\n\t\t\t<\/span>\n\t\t\t\n\t\t\t\n\t\t\t\t\t\t\n\t\t<\/div><!-- \/ end div  .post_data -->\n\t\t\t\t\t\n\n\t<div class=\"entry-content text\">\n\n\t\t<!-- blog headline-->\n\t\t<h4 class=\"entry-title\"><a href=\"https:\/\/haica.tn\/fr\/rapport-dactivites-haica-refram-2020-2022\/\" rel=\"bookmark\">Rapport d&rsquo;activit\u00e9s HAICA &#8211; REFRAM 2020 &#8211; 2022<\/a><\/h4> \n\n\t\t\n\t\t<p>La Haute Autorit\u00e9 ind\u00e9pen...<\/p>\t<\/div> \n\n\t<div class=\"entry-footer\">\n\n\t\t<a href=\"https:\/\/haica.tn\/fr\/rapport-dactivites-haica-refram-2020-2022\/\" class=\"read_more\">Continue reading<\/a>\n\t<\/div>\n\n<!-- \/ blog box-->\n<\/div><\/article>\n<article id=\"18527\" class=\"col col-sm-12 post-18527 post type-post status-publish format-standard hentry category-activites category-cooperation-internationale\"><div class=\"post-content-wrapper boxed\">\n \n\n<!-- blog box-->\n\t\t\n\t<a href=\"https:\/\/haica.tn\/fr\/rapport-haica-conference-12-novembre-2020\/\" title=\"Rapport Haica Conf\u00e9rence 12 novembre 2020\" class=\"post-date\">15\/02\/2021<\/a>\n\t\t<!-- meta data -->\n\t\t<div class=\"post_data\">\n\n\t\t\t\n\t\t\t\t\t\t\t\n\t\t\t\t\t\t<!-- categories -->\n\t\t\t<span class=\"categories\">\n\t\t\t\u00e0<a href=\"https:\/\/haica.tn\/fr\/category\/activites\/\" rel=\"category tag\">Activit\u00e9s<\/a>, <a href=\"https:\/\/haica.tn\/fr\/category\/news\/publications\/cooperation-internationale\/\" rel=\"category tag\">Coop\u00e9ration Internationale<\/a>\t\t\t\t\n\t\t\t<\/span>\n\t\t\t\n\t\t\t\n\t\t\t\t\t\t\n\t\t<\/div><!-- \/ end div  .post_data -->\n\t\t\t\t\t\n\n\t<div class=\"entry-content text\">\n\n\t\t<!-- blog headline-->\n\t\t<h4 class=\"entry-title\"><a href=\"https:\/\/haica.tn\/fr\/rapport-haica-conference-12-novembre-2020\/\" rel=\"bookmark\">Rapport Haica Conf\u00e9rence 12 novembre 2020<\/a><\/h4> \n\n\t\t\n\t\t<p>Dans un contexte marqu\u00e9 p...<\/p>\t<\/div> \n\n\t<div class=\"entry-footer\">\n\n\t\t<a href=\"https:\/\/haica.tn\/fr\/rapport-haica-conference-12-novembre-2020\/\" class=\"read_more\">Continue reading<\/a>\n\t<\/div>\n\n<!-- \/ blog box-->\n<\/div><\/article>\n<article id=\"18535\" class=\"col col-sm-12 post-18535 post type-post status-publish format-standard hentry category-activites category-cooperation-internationale\"><div class=\"post-content-wrapper boxed\">\n \n\n<!-- blog box-->\n\t\t\n\t<a href=\"https:\/\/haica.tn\/fr\/rapport-dactivites-haica-refram-2018-2019\/\" title=\"Rapport d\u2019activit\u00e9s HAICA \u2013 REFRAM 2018 \u2013 2019\" class=\"post-date\">10\/03\/2020<\/a>\n\t\t<!-- meta data -->\n\t\t<div class=\"post_data\">\n\n\t\t\t\n\t\t\t\t\t\t\t\n\t\t\t\t\t\t<!-- categories -->\n\t\t\t<span class=\"categories\">\n\t\t\t\u00e0<a href=\"https:\/\/haica.tn\/fr\/category\/activites\/\" rel=\"category tag\">Activit\u00e9s<\/a>, <a href=\"https:\/\/haica.tn\/fr\/category\/news\/publications\/cooperation-internationale\/\" rel=\"category tag\">Coop\u00e9ration Internationale<\/a>\t\t\t\t\n\t\t\t<\/span>\n\t\t\t\n\t\t\t\n\t\t\t\t\t\t\n\t\t<\/div><!-- \/ end div  .post_data -->\n\t\t\t\t\t\n\n\t<div class=\"entry-content text\">\n\n\t\t<!-- blog headline-->\n\t\t<h4 class=\"entry-title\"><a href=\"https:\/\/haica.tn\/fr\/rapport-dactivites-haica-refram-2018-2019\/\" rel=\"bookmark\">Rapport d\u2019activit\u00e9s HAICA \u2013 REFRAM 2018 \u2013 2019<\/a><\/h4> \n\n\t\t\n\t\t<p>&nbsp; La Haute Autorit\u00e9...<\/p>\t<\/div> \n\n\t<div class=\"entry-footer\">\n\n\t\t<a href=\"https:\/\/haica.tn\/fr\/rapport-dactivites-haica-refram-2018-2019\/\" class=\"read_more\">Continue reading<\/a>\n\t<\/div>\n\n<!-- \/ blog box-->\n<\/div><\/article>\n<article id=\"7051\" class=\"col col-sm-12 post-7051 post type-post status-publish format-standard has-post-thumbnail hentry category-activites\"><div class=\"post-content-wrapper boxed\">\n \n\n<!-- blog box-->\n\t\t\t\t<figure class=\"featured_image featured_media\">\n\t\t\t<a href=\"https:\/\/haica.tn\/fr\/le-conseil-de-la-haica-se-reunit-avec-les-representants-de-rsf-et-dal-khatt\/\" title=\"Le conseil de la Haica se r\u00e9unit avec les repr\u00e9sentants de RSF et d\u2019AL KHATT\" class=\"imgeffect link featured_image\"><img src=\"https:\/\/haica.tn\/wp-content\/uploads\/2019\/12\/logo-FR-1-250x154.png\" alt=\"\" class=\"\" width=\"250\" height=\"154\" \/><\/a>\t\t\n\t\t<\/figure> \n\t\t\n\t<a href=\"https:\/\/haica.tn\/fr\/le-conseil-de-la-haica-se-reunit-avec-les-representants-de-rsf-et-dal-khatt\/\" title=\"Le conseil de la Haica se r\u00e9unit avec les repr\u00e9sentants de RSF et d\u2019AL KHATT\" class=\"post-date\">13\/07\/2019<\/a>\n\t\t<!-- meta data -->\n\t\t<div class=\"post_data\">\n\n\t\t\t\n\t\t\t\t\t\t\t\n\t\t\t\t\t\t<!-- categories -->\n\t\t\t<span class=\"categories\">\n\t\t\t\u00e0<a href=\"https:\/\/haica.tn\/fr\/category\/activites\/\" rel=\"category tag\">Activit\u00e9s<\/a>\t\t\t\t\n\t\t\t<\/span>\n\t\t\t\n\t\t\t\n\t\t\t\t\t\t\n\t\t<\/div><!-- \/ end div  .post_data -->\n\t\t\t\t\t\n\n\t<div class=\"entry-content text\">\n\n\t\t<!-- blog headline-->\n\t\t<h4 class=\"entry-title\"><a href=\"https:\/\/haica.tn\/fr\/le-conseil-de-la-haica-se-reunit-avec-les-representants-de-rsf-et-dal-khatt\/\" rel=\"bookmark\">Le conseil de la Haica se r\u00e9unit avec les repr\u00e9sentants de RSF et d\u2019AL KHATT<\/a><\/h4> \n\n\t\t\n\t\t<p>[vc_row rt_row_background...<\/p>\t<\/div> \n\n\t<div class=\"entry-footer\">\n\n\t\t<a href=\"https:\/\/haica.tn\/fr\/le-conseil-de-la-haica-se-reunit-avec-les-representants-de-rsf-et-dal-khatt\/\" class=\"read_more\">Continue reading<\/a>\n\t<\/div>\n\n<!-- \/ blog box-->\n<\/div><\/article>\n<article id=\"12479\" class=\"col col-sm-12 post-12479 post type-post status-publish format-standard hentry category-activites\"><div class=\"post-content-wrapper boxed\">\n \n\n<!-- blog box-->\n\t\t\n\t<a href=\"https:\/\/haica.tn\/fr\/lintervention-de-m-nouri-lajmi-lors-du-6eme-atelier-interculturel-de-la-democratie\/\" title=\"L&rsquo;intervention de M. Nouri Lajmi lors du 6\u00e8me atelier interculturel de la d\u00e9mocratie\" class=\"post-date\">16\/11\/2018<\/a>\n\t\t<!-- meta data -->\n\t\t<div class=\"post_data\">\n\n\t\t\t\n\t\t\t\t\t\t\t\n\t\t\t\t\t\t<!-- categories -->\n\t\t\t<span class=\"categories\">\n\t\t\t\u00e0<a href=\"https:\/\/haica.tn\/fr\/category\/activites\/\" rel=\"category tag\">Activit\u00e9s<\/a>\t\t\t\t\n\t\t\t<\/span>\n\t\t\t\n\t\t\t\n\t\t\t\t\t\t\n\t\t<\/div><!-- \/ end div  .post_data -->\n\t\t\t\t\t\n\n\t<div class=\"entry-content text\">\n\n\t\t<!-- blog headline-->\n\t\t<h4 class=\"entry-title\"><a href=\"https:\/\/haica.tn\/fr\/lintervention-de-m-nouri-lajmi-lors-du-6eme-atelier-interculturel-de-la-democratie\/\" rel=\"bookmark\">L&rsquo;intervention de M. Nouri Lajmi lors du 6\u00e8me atelier interculturel de la d\u00e9mocratie<\/a><\/h4> \n\n\t\t\n\t\t<p>[vc_row rt_row_background...<\/p>\t<\/div> \n\n\t<div class=\"entry-footer\">\n\n\t\t<a href=\"https:\/\/haica.tn\/fr\/lintervention-de-m-nouri-lajmi-lors-du-6eme-atelier-interculturel-de-la-democratie\/\" class=\"read_more\">Continue reading<\/a>\n\t<\/div>\n\n<!-- \/ blog box-->\n<\/div><\/article>\n<article id=\"12493\" class=\"col col-sm-12 post-12493 post type-post status-publish format-standard hentry category-activites\"><div class=\"post-content-wrapper boxed\">\n \n\n<!-- blog box-->\n\t\t\n\t<a href=\"https:\/\/haica.tn\/fr\/vieme-atelier-interculturel-de-la-democratie-le-role-et-la-place-des-institutions-independantes-dans-un-etat-democratique\/\" title=\"VI\u00e8me Atelier interculturel de la D\u00e9mocratie : \u00ab Le r\u00f4le et la place des institutions ind\u00e9pendantes dans un \u00e9tat d\u00e9mocratique \u00bb\" class=\"post-date\">08\/11\/2018<\/a>\n\t\t<!-- meta data -->\n\t\t<div class=\"post_data\">\n\n\t\t\t\n\t\t\t\t\t\t\t\n\t\t\t\t\t\t<!-- categories -->\n\t\t\t<span class=\"categories\">\n\t\t\t\u00e0<a href=\"https:\/\/haica.tn\/fr\/category\/activites\/\" rel=\"category tag\">Activit\u00e9s<\/a>\t\t\t\t\n\t\t\t<\/span>\n\t\t\t\n\t\t\t\n\t\t\t\t\t\t\n\t\t<\/div><!-- \/ end div  .post_data -->\n\t\t\t\t\t\n\n\t<div class=\"entry-content text\">\n\n\t\t<!-- blog headline-->\n\t\t<h4 class=\"entry-title\"><a href=\"https:\/\/haica.tn\/fr\/vieme-atelier-interculturel-de-la-democratie-le-role-et-la-place-des-institutions-independantes-dans-un-etat-democratique\/\" rel=\"bookmark\">VI\u00e8me Atelier interculturel de la D\u00e9mocratie : \u00ab Le r\u00f4le et la place des institutions ind\u00e9pendantes dans un \u00e9tat d\u00e9mocratique \u00bb<\/a><\/h4> \n\n\t\t\n\t\t<p>[vc_row rt_row_background...<\/p>\t<\/div> \n\n\t<div class=\"entry-footer\">\n\n\t\t<a href=\"https:\/\/haica.tn\/fr\/vieme-atelier-interculturel-de-la-democratie-le-role-et-la-place-des-institutions-independantes-dans-un-etat-democratique\/\" class=\"read_more\">Continue reading<\/a>\n\t<\/div>\n\n<!-- \/ blog box-->\n<\/div><\/article>\n<article id=\"12533\" class=\"col col-sm-12 post-12533 post type-post status-publish format-standard hentry category-activites\"><div class=\"post-content-wrapper boxed\">\n \n\n<!-- blog box-->\n\t\t\n\t<a href=\"https:\/\/haica.tn\/fr\/seminaire-taiex-sur-les-techniques-et-les-reglementations-europeennes-regissant-le-secteur-de-mesure-daudience-et-de-publicite-des-medias-audiovisuels\/\" title=\"S\u00e9minaire TAIEX sur les techniques et les r\u00e8glementations europ\u00e9ennes r\u00e9gissant le secteur de mesure d&rsquo;audience et de publicit\u00e9 des medias audiovisuels\" class=\"post-date\">16\/01\/2018<\/a>\n\t\t<!-- meta data -->\n\t\t<div class=\"post_data\">\n\n\t\t\t\n\t\t\t\t\t\t\t\n\t\t\t\t\t\t<!-- categories -->\n\t\t\t<span class=\"categories\">\n\t\t\t\u00e0<a href=\"https:\/\/haica.tn\/fr\/category\/activites\/\" rel=\"category tag\">Activit\u00e9s<\/a>\t\t\t\t\n\t\t\t<\/span>\n\t\t\t\n\t\t\t\n\t\t\t\t\t\t\n\t\t<\/div><!-- \/ end div  .post_data -->\n\t\t\t\t\t\n\n\t<div class=\"entry-content text\">\n\n\t\t<!-- blog headline-->\n\t\t<h4 class=\"entry-title\"><a href=\"https:\/\/haica.tn\/fr\/seminaire-taiex-sur-les-techniques-et-les-reglementations-europeennes-regissant-le-secteur-de-mesure-daudience-et-de-publicite-des-medias-audiovisuels\/\" rel=\"bookmark\">S\u00e9minaire TAIEX sur les techniques et les r\u00e8glementations europ\u00e9ennes r\u00e9gissant le secteur de mesure d&rsquo;audience et de publicit\u00e9 des medias audiovisuels<\/a><\/h4> \n\n\t\t\n\t\t<p>[vc_row rt_row_background...<\/p>\t<\/div> \n\n\t<div class=\"entry-footer\">\n\n\t\t<a href=\"https:\/\/haica.tn\/fr\/seminaire-taiex-sur-les-techniques-et-les-reglementations-europeennes-regissant-le-secteur-de-mesure-daudience-et-de-publicite-des-medias-audiovisuels\/\" class=\"read_more\">Continue reading<\/a>\n\t<\/div>\n\n<!-- \/ blog box-->\n<\/div><\/article>\n<article id=\"12743\" class=\"col col-sm-12 post-12743 post type-post status-publish format-standard hentry category-activites category-actualites category-pluralisme-politique category-rapports-monitoring\"><div class=\"post-content-wrapper boxed\">\n \n\n<!-- blog box-->\n\t\t\n\t<a href=\"https:\/\/haica.tn\/fr\/formation-sur-le-monitoring-du-pluralisme-politique-dans-les-medias-pendant-la-campagne-electorale\/\" title=\"Formation sur le monitoring du pluralisme politique dans les m\u00e9dias pendant la campagne \u00e9lectorale\" class=\"post-date\">07\/10\/2016<\/a>\n\t\t<!-- meta data -->\n\t\t<div class=\"post_data\">\n\n\t\t\t\n\t\t\t\t\t\t\t\n\t\t\t\t\t\t<!-- categories -->\n\t\t\t<span class=\"categories\">\n\t\t\t\u00e0<a href=\"https:\/\/haica.tn\/fr\/category\/activites\/\" rel=\"category tag\">Activit\u00e9s<\/a>, <a href=\"https:\/\/haica.tn\/fr\/category\/news\/actualites\/\" rel=\"category tag\">Actualit\u00e9s<\/a>, <a href=\"https:\/\/haica.tn\/fr\/category\/news\/publications\/rapports-monitoring\/pluralisme-politique\/\" rel=\"category tag\">Pluralisme Politique<\/a>, <a href=\"https:\/\/haica.tn\/fr\/category\/news\/publications\/rapports-monitoring\/\" rel=\"category tag\">Rapports Monitoring<\/a>\t\t\t\t\n\t\t\t<\/span>\n\t\t\t\n\t\t\t\n\t\t\t\t\t\t\n\t\t<\/div><!-- \/ end div  .post_data -->\n\t\t\t\t\t\n\n\t<div class=\"entry-content text\">\n\n\t\t<!-- blog headline-->\n\t\t<h4 class=\"entry-title\"><a href=\"https:\/\/haica.tn\/fr\/formation-sur-le-monitoring-du-pluralisme-politique-dans-les-medias-pendant-la-campagne-electorale\/\" rel=\"bookmark\">Formation sur le monitoring du pluralisme politique dans les m\u00e9dias pendant la campagne \u00e9lectorale<\/a><\/h4> \n\n\t\t\n\t\t<p>[vc_row rt_row_background...<\/p>\t<\/div> \n\n\t<div class=\"entry-footer\">\n\n\t\t<a href=\"https:\/\/haica.tn\/fr\/formation-sur-le-monitoring-du-pluralisme-politique-dans-les-medias-pendant-la-campagne-electorale\/\" class=\"read_more\">Continue reading<\/a>\n\t<\/div>\n\n<!-- \/ blog box-->\n<\/div><\/article>\n<article id=\"7043\" class=\"col col-sm-12 post-7043 post type-post status-publish format-standard has-post-thumbnail hentry category-activites\"><div class=\"post-content-wrapper boxed\">\n \n\n<!-- blog box-->\n\t\t\t\t<figure class=\"featured_image featured_media\">\n\t\t\t<a href=\"https:\/\/haica.tn\/fr\/reunion-entre-la-haica-et-le-snjt-pour-letude-de-questions-relatives-aux-medias-audiovisuels\/\" title=\"R\u00e9union entre la Haica et le SNJT pour l\u2019\u00e9tude de questions relatives aux m\u00e9dias audiovisuels\" class=\"imgeffect link featured_image\"><img src=\"https:\/\/haica.tn\/wp-content\/uploads\/2019\/12\/logo-FR-1-250x154.png\" alt=\"\" class=\"\" width=\"250\" height=\"154\" \/><\/a>\t\t\n\t\t<\/figure> \n\t\t\n\t<a href=\"https:\/\/haica.tn\/fr\/reunion-entre-la-haica-et-le-snjt-pour-letude-de-questions-relatives-aux-medias-audiovisuels\/\" title=\"R\u00e9union entre la Haica et le SNJT pour l\u2019\u00e9tude de questions relatives aux m\u00e9dias audiovisuels\" class=\"post-date\">29\/07\/2016<\/a>\n\t\t<!-- meta data -->\n\t\t<div class=\"post_data\">\n\n\t\t\t\n\t\t\t\t\t\t\t\n\t\t\t\t\t\t<!-- categories -->\n\t\t\t<span class=\"categories\">\n\t\t\t\u00e0<a href=\"https:\/\/haica.tn\/fr\/category\/activites\/\" rel=\"category tag\">Activit\u00e9s<\/a>\t\t\t\t\n\t\t\t<\/span>\n\t\t\t\n\t\t\t\n\t\t\t\t\t\t\n\t\t<\/div><!-- \/ end div  .post_data -->\n\t\t\t\t\t\n\n\t<div class=\"entry-content text\">\n\n\t\t<!-- blog headline-->\n\t\t<h4 class=\"entry-title\"><a href=\"https:\/\/haica.tn\/fr\/reunion-entre-la-haica-et-le-snjt-pour-letude-de-questions-relatives-aux-medias-audiovisuels\/\" rel=\"bookmark\">R\u00e9union entre la Haica et le SNJT pour l\u2019\u00e9tude de questions relatives aux m\u00e9dias audiovisuels<\/a><\/h4> \n\n\t\t\n\t\t<p>[vc_row rt_row_background...<\/p>\t<\/div> \n\n\t<div class=\"entry-footer\">\n\n\t\t<a href=\"https:\/\/haica.tn\/fr\/reunion-entre-la-haica-et-le-snjt-pour-letude-de-questions-relatives-aux-medias-audiovisuels\/\" class=\"read_more\">Continue reading<\/a>\n\t<\/div>\n\n<!-- \/ blog box-->\n<\/div><\/article>\n<article id=\"7059\" class=\"col col-sm-12 post-7059 post type-post status-publish format-standard has-post-thumbnail hentry category-activites\"><div class=\"post-content-wrapper boxed\">\n \n\n<!-- blog box-->\n\t\t\t\t<figure class=\"featured_image featured_media\">\n\t\t\t<a href=\"https:\/\/haica.tn\/fr\/le-role-des-medias-dans-la-lutte-contre-la-violence-a-legard-des-femmes\/\" title=\"Le r\u00f4le des m\u00e9dias dans la lutte contre la violence \u00e0 l\u2019\u00e9gard des femmes\" class=\"imgeffect link featured_image\"><img src=\"https:\/\/haica.tn\/wp-content\/uploads\/2019\/12\/logo-FR-1-250x154.png\" alt=\"\" class=\"\" width=\"250\" height=\"154\" \/><\/a>\t\t\n\t\t<\/figure> \n\t\t\n\t<a href=\"https:\/\/haica.tn\/fr\/le-role-des-medias-dans-la-lutte-contre-la-violence-a-legard-des-femmes\/\" title=\"Le r\u00f4le des m\u00e9dias dans la lutte contre la violence \u00e0 l\u2019\u00e9gard des femmes\" class=\"post-date\">30\/08\/2014<\/a>\n\t\t<!-- meta data -->\n\t\t<div class=\"post_data\">\n\n\t\t\t\n\t\t\t\t\t\t\t\n\t\t\t\t\t\t<!-- categories -->\n\t\t\t<span class=\"categories\">\n\t\t\t\u00e0<a href=\"https:\/\/haica.tn\/fr\/category\/activites\/\" rel=\"category tag\">Activit\u00e9s<\/a>\t\t\t\t\n\t\t\t<\/span>\n\t\t\t\n\t\t\t\n\t\t\t\t\t\t\n\t\t<\/div><!-- \/ end div  .post_data -->\n\t\t\t\t\t\n\n\t<div class=\"entry-content text\">\n\n\t\t<!-- blog headline-->\n\t\t<h4 class=\"entry-title\"><a href=\"https:\/\/haica.tn\/fr\/le-role-des-medias-dans-la-lutte-contre-la-violence-a-legard-des-femmes\/\" rel=\"bookmark\">Le r\u00f4le des m\u00e9dias dans la lutte contre la violence \u00e0 l\u2019\u00e9gard des femmes<\/a><\/h4> \n\n\t\t\n\t\t<p>[vc_row rt_row_background...<\/p>\t<\/div> \n\n\t<div class=\"entry-footer\">\n\n\t\t<a href=\"https:\/\/haica.tn\/fr\/le-role-des-medias-dans-la-lutte-contre-la-violence-a-legard-des-femmes\/\" class=\"read_more\">Continue reading<\/a>\n\t<\/div>\n\n<!-- \/ blog box-->\n<\/div><\/article>\n<\/div>\n<div class=\"paging_wrapper margin-t30 margin-b30\"><ul class='page-numbers'>\n\t<li><span class=\"page-numbers current\">1<\/span><\/li>\n\t<li><a class=\"page-numbers\" href=\"https:\/\/haica.tn\/fr\/wp-json\/wp\/v2\/pages\/5760\/page\/2\/\">2<\/a><\/li>\n\t<li><a class=\"next page-numbers\" href=\"https:\/\/haica.tn\/fr\/wp-json\/wp\/v2\/pages\/5760\/page\/2\/\"><span class=\"ui-icon-angle-right\"><\/span><\/a><\/li>\n<\/ul>\n<\/div>[\/vc_column][\/vc_row]<\/p>\n","protected":false},"excerpt":{"rendered":"<p>[vc_row rt_row_background_width=\u00a0\u00bbfullwidth\u00a0\u00bb rt_row_content_width=\u00a0\u00bbdefault\u00a0\u00bb rt_row_style=\u00a0\u00bbdefault-style\u00a0\u00bb rt_row_height=\u00a0\u00bb\u00a0\u00bb rt_column_gaps=\u00a0\u00bb\u00a0\u00bb rt_row_shadows=\u00a0\u00bb\u00a0\u00bb rt_row_borders=\u00a0\u00bb\u00a0\u00bb rt_bg_effect=\u00a0\u00bbclassic\u00a0\u00bb rt_bg_image_repeat=\u00a0\u00bbrepeat\u00a0\u00bb rt_bg_size=\u00a0\u00bbcover\u00a0\u00bb rt_bg_position=\u00a0\u00bbright top\u00a0\u00bb rt_bg_attachment=\u00a0\u00bbscroll\u00a0\u00bb rt_bg_layer=\u00a0\u00bb\u00a0\u00bb rt_bg_video_format=\u00a0\u00bbself-hosted\u00a0\u00bb rt_class=\u00a0\u00bbrt-2845179&Prime; rt_paddings=\u00a0\u00bb,,,\u00a0\u00bb rt_margins=\u00a0\u00bb,,,\u00a0\u00bb rt_content_margins=\u00a0\u00bb,,,\u00a0\u00bb rt_tablet_paddings=\u00a0\u00bb,,,\u00a0\u00bb rt_tablet_margins=\u00a0\u00bb,,,\u00a0\u00bb rt_tablet_content_margins=\u00a0\u00bb,,,\u00a0\u00bb rt_sp_paddings=\u00a0\u00bb,,,\u00a0\u00bb rt_sp_margins=\u00a0\u00bb,,,\u00a0\u00bb rt_sp_content_margins=\u00a0\u00bb,,,\u00a0\u00bb rt_bg_color=\u00a0\u00bb#f4f4f4&Prime; class=\u00a0\u00bbarticles\u00a0\u00bb][vc_column rt_bg_effect=\u00a0\u00bbclassic\u00a0\u00bb rt_bg_image_repeat=\u00a0\u00bbrepeat\u00a0\u00bb rt_bg_size=\u00a0\u00bbauto auto\u00a0\u00bb rt_bg_position=\u00a0\u00bbright top\u00a0\u00bb rt_bg_attachment=\u00a0\u00bbscroll\u00a0\u00bb][\/vc_column][\/vc_row]<\/p>\n","protected":false},"author":1,"featured_media":0,"parent":0,"menu_order":0,"comment_status":"closed","ping_status":"closed","template":"","meta":[],"yoast_head":"<!-- This site is optimized with the Yoast SEO plugin v16.4 - https:\/\/yoast.com\/wordpress\/plugins\/seo\/ -->\n<title>Activit\u00e9s - HAICA<\/title>\n<meta name=\"robots\" content=\"index, follow, max-snippet:-1, max-image-preview:large, max-video-preview:-1\" \/>\n<link rel=\"canonical\" href=\"https:\/\/haica.tn\/fr\/activites\/\" \/>\n<meta property=\"og:locale\" content=\"fr_FR\" \/>\n<meta property=\"og:type\" content=\"article\" \/>\n<meta property=\"og:title\" content=\"Activit\u00e9s - HAICA\" \/>\n<meta property=\"og:description\" content=\"[vc_row rt_row_background_width=\u00a0\u00bbfullwidth\u00a0\u00bb rt_row_content_width=\u00a0\u00bbdefault\u00a0\u00bb rt_row_style=\u00a0\u00bbdefault-style\u00a0\u00bb rt_row_height=\u00a0\u00bb\u00a0\u00bb rt_column_gaps=\u00a0\u00bb\u00a0\u00bb rt_row_shadows=\u00a0\u00bb\u00a0\u00bb rt_row_borders=\u00a0\u00bb\u00a0\u00bb rt_bg_effect=\u00a0\u00bbclassic\u00a0\u00bb rt_bg_image_repeat=\u00a0\u00bbrepeat\u00a0\u00bb rt_bg_size=\u00a0\u00bbcover\u00a0\u00bb rt_bg_position=\u00a0\u00bbright top\u00a0\u00bb rt_bg_attachment=\u00a0\u00bbscroll\u00a0\u00bb rt_bg_layer=\u00a0\u00bb\u00a0\u00bb rt_bg_video_format=\u00a0\u00bbself-hosted\u00a0\u00bb rt_class=\u00a0\u00bbrt-2845179&Prime; rt_paddings=\u00a0\u00bb,,,\u00a0\u00bb rt_margins=\u00a0\u00bb,,,\u00a0\u00bb rt_content_margins=\u00a0\u00bb,,,\u00a0\u00bb rt_tablet_paddings=\u00a0\u00bb,,,\u00a0\u00bb rt_tablet_margins=\u00a0\u00bb,,,\u00a0\u00bb rt_tablet_content_margins=\u00a0\u00bb,,,\u00a0\u00bb rt_sp_paddings=\u00a0\u00bb,,,\u00a0\u00bb rt_sp_margins=\u00a0\u00bb,,,\u00a0\u00bb rt_sp_content_margins=\u00a0\u00bb,,,\u00a0\u00bb rt_bg_color=\u00a0\u00bb#f4f4f4&Prime; class=\u00a0\u00bbarticles\u00a0\u00bb][vc_column rt_bg_effect=\u00a0\u00bbclassic\u00a0\u00bb rt_bg_image_repeat=\u00a0\u00bbrepeat\u00a0\u00bb rt_bg_size=\u00a0\u00bbauto auto\u00a0\u00bb rt_bg_position=\u00a0\u00bbright top\u00a0\u00bb rt_bg_attachment=\u00a0\u00bbscroll\u00a0\u00bb][\/vc_column][\/vc_row]\" \/>\n<meta property=\"og:url\" content=\"https:\/\/haica.tn\/fr\/activites\/\" \/>\n<meta property=\"og:site_name\" content=\"HAICA\" \/>\n<meta property=\"article:modified_time\" content=\"2020-04-06T20:42:52+00:00\" \/>\n<meta name=\"twitter:card\" content=\"summary_large_image\" \/>\n<meta name=\"twitter:label1\" content=\"Dur\u00e9e de lecture est.\" \/>\n\t<meta name=\"twitter:data1\" content=\"1 minute\" \/>\n<script type=\"application\/ld+json\" class=\"yoast-schema-graph\">{\"@context\":\"https:\/\/schema.org\",\"@graph\":[{\"@type\":\"WebSite\",\"@id\":\"https:\/\/haica.tn\/ar\/#website\",\"url\":\"https:\/\/haica.tn\/ar\/\",\"name\":\"HAICA\",\"description\":\"R\\u00e9gulateur de la communication audiovisuelle en Tunisie\",\"potentialAction\":[{\"@type\":\"SearchAction\",\"target\":\"https:\/\/haica.tn\/ar\/?s={search_term_string}\",\"query-input\":\"required name=search_term_string\"}],\"inLanguage\":\"fr-FR\"},{\"@type\":\"WebPage\",\"@id\":\"https:\/\/haica.tn\/fr\/activites\/#webpage\",\"url\":\"https:\/\/haica.tn\/fr\/activites\/\",\"name\":\"Activit\\u00e9s - HAICA\",\"isPartOf\":{\"@id\":\"https:\/\/haica.tn\/ar\/#website\"},\"datePublished\":\"2019-12-26T13:51:03+00:00\",\"dateModified\":\"2020-04-06T20:42:52+00:00\",\"breadcrumb\":{\"@id\":\"https:\/\/haica.tn\/fr\/activites\/#breadcrumb\"},\"inLanguage\":\"fr-FR\",\"potentialAction\":[{\"@type\":\"ReadAction\",\"target\":[\"https:\/\/haica.tn\/fr\/activites\/\"]}]},{\"@type\":\"BreadcrumbList\",\"@id\":\"https:\/\/haica.tn\/fr\/activites\/#breadcrumb\",\"itemListElement\":[{\"@type\":\"ListItem\",\"position\":1,\"item\":{\"@type\":\"WebPage\",\"@id\":\"https:\/\/haica.tn\/fr\/\",\"url\":\"https:\/\/haica.tn\/fr\/\",\"name\":\"Accueil\"}},{\"@type\":\"ListItem\",\"position\":2,\"item\":{\"@id\":\"https:\/\/haica.tn\/fr\/activites\/#webpage\"}}]}]}<\/script>\n<!-- \/ Yoast SEO plugin. -->","_links":{"self":[{"href":"https:\/\/haica.tn\/fr\/wp-json\/wp\/v2\/pages\/5760"}],"collection":[{"href":"https:\/\/haica.tn\/fr\/wp-json\/wp\/v2\/pages"}],"about":[{"href":"https:\/\/haica.tn\/fr\/wp-json\/wp\/v2\/types\/page"}],"author":[{"embeddable":true,"href":"https:\/\/haica.tn\/fr\/wp-json\/wp\/v2\/users\/1"}],"replies":[{"embeddable":true,"href":"https:\/\/haica.tn\/fr\/wp-json\/wp\/v2\/comments?post=5760"}],"version-history":[{"count":7,"href":"https:\/\/haica.tn\/fr\/wp-json\/wp\/v2\/pages\/5760\/revisions"}],"predecessor-version":[{"id":7798,"href":"https:\/\/haica.tn\/fr\/wp-json\/wp\/v2\/pages\/5760\/revisions\/7798"}],"wp:attachment":[{"href":"https:\/\/haica.tn\/fr\/wp-json\/wp\/v2\/media?parent=5760"}],"curies":[{"name":"wp","href":"https:\/\/api.w.org\/{rel}","templated":true}]}}