{"id":5789,"date":"2019-12-26T14:56:14","date_gmt":"2019-12-26T13:56:14","guid":{"rendered":"https:\/\/haica.tn\/?page_id=5789"},"modified":"2020-04-06T23:05:43","modified_gmt":"2020-04-06T21:05:43","slug":"elections","status":"publish","type":"page","link":"https:\/\/haica.tn\/fr\/elections\/","title":{"rendered":"Elections"},"content":{"rendered":"<p>[vc_row rt_row_background_width=\u00a0\u00bbfullwidth\u00a0\u00bb rt_row_content_width=\u00a0\u00bbdefault\u00a0\u00bb rt_row_style=\u00a0\u00bbdefault-style\u00a0\u00bb rt_row_height=\u00a0\u00bb\u00a0\u00bb rt_column_gaps=\u00a0\u00bb\u00a0\u00bb rt_row_shadows=\u00a0\u00bb\u00a0\u00bb rt_row_borders=\u00a0\u00bb\u00a0\u00bb rt_bg_effect=\u00a0\u00bbclassic\u00a0\u00bb rt_bg_image_repeat=\u00a0\u00bbrepeat\u00a0\u00bb rt_bg_size=\u00a0\u00bbcover\u00a0\u00bb rt_bg_position=\u00a0\u00bbright top\u00a0\u00bb rt_bg_attachment=\u00a0\u00bbscroll\u00a0\u00bb rt_bg_layer=\u00a0\u00bb\u00a0\u00bb rt_bg_video_format=\u00a0\u00bbself-hosted\u00a0\u00bb rt_class=\u00a0\u00bbrt-2475675&Prime; rt_paddings=\u00a0\u00bb,,,\u00a0\u00bb rt_margins=\u00a0\u00bb,,,\u00a0\u00bb rt_content_margins=\u00a0\u00bb,,,\u00a0\u00bb rt_tablet_paddings=\u00a0\u00bb,,,\u00a0\u00bb rt_tablet_margins=\u00a0\u00bb,,,\u00a0\u00bb rt_tablet_content_margins=\u00a0\u00bb,,,\u00a0\u00bb rt_sp_paddings=\u00a0\u00bb,,,\u00a0\u00bb rt_sp_margins=\u00a0\u00bb,,,\u00a0\u00bb rt_sp_content_margins=\u00a0\u00bb,,,\u00a0\u00bb rt_bg_color=\u00a0\u00bb#f4f4f4&Prime;][vc_column rt_bg_effect=\u00a0\u00bbclassic\u00a0\u00bb rt_bg_image_repeat=\u00a0\u00bbrepeat\u00a0\u00bb rt_bg_size=\u00a0\u00bbauto auto\u00a0\u00bb rt_bg_position=\u00a0\u00bbright top\u00a0\u00bb rt_bg_attachment=\u00a0\u00bbscroll\u00a0\u00bb]\n<div id=\"blog-dynamicID-252140\" class=\"blog_list clearfix row\" data-column-width=\"1\">\n<article id=\"12401\" class=\"col col-sm-12 post-12401 post type-post status-publish format-standard hentry category-elections category-rapports-monitoring category-traitement-mediatique\"><div class=\"post-content-wrapper boxed\">\n \n\n<!-- blog box-->\n\t\t\n\t<a href=\"https:\/\/haica.tn\/fr\/rapport-final-monitoring-de-la-couverture-mediatique-de-la-campagne-des-elections-legislatives-2019\/\" title=\"Rapport Final: MONITORING DE LA COUVERTURE M\u00c9DIATIQUE DE LA CAMPAGNE DES \u00c9LECTIONS L\u00c9GISLATIVES 2019\" class=\"post-date\">05\/01\/2020<\/a>\n\t\t<!-- meta data -->\n\t\t<div class=\"post_data\">\n\n\t\t\t\n\t\t\t\t\t\t\t\n\t\t\t\t\t\t<!-- categories -->\n\t\t\t<span class=\"categories\">\n\t\t\t\u00e0<a href=\"https:\/\/haica.tn\/fr\/category\/news\/publications\/rapports-monitoring\/elections\/\" rel=\"category tag\">Elections<\/a>, <a href=\"https:\/\/haica.tn\/fr\/category\/news\/publications\/rapports-monitoring\/\" rel=\"category tag\">Rapports Monitoring<\/a>, <a href=\"https:\/\/haica.tn\/fr\/category\/news\/publications\/rapports-monitoring\/traitement-mediatique\/\" rel=\"category tag\">Traitement m\u00e9diatique<\/a>\t\t\t\t\n\t\t\t<\/span>\n\t\t\t\n\t\t\t\n\t\t\t\t\t\t\n\t\t<\/div><!-- \/ end div  .post_data -->\n\t\t\t\t\t\n\n\t<div class=\"entry-content text\">\n\n\t\t<!-- blog headline-->\n\t\t<h4 class=\"entry-title\"><a href=\"https:\/\/haica.tn\/fr\/rapport-final-monitoring-de-la-couverture-mediatique-de-la-campagne-des-elections-legislatives-2019\/\" rel=\"bookmark\">Rapport Final: MONITORING DE LA COUVERTURE M\u00c9DIATIQUE DE LA CAMPAGNE DES \u00c9LECTIONS L\u00c9GISLATIVES 2019<\/a><\/h4> \n\n\t\t\n\t\t<p>[vc_row rt_row_background...<\/p>\t<\/div> \n\n\t<div class=\"entry-footer\">\n\n\t\t<a href=\"https:\/\/haica.tn\/fr\/rapport-final-monitoring-de-la-couverture-mediatique-de-la-campagne-des-elections-legislatives-2019\/\" class=\"read_more\">Continue reading<\/a>\n\t<\/div>\n\n<!-- \/ blog box-->\n<\/div><\/article>\n<article id=\"12397\" class=\"col col-sm-12 post-12397 post type-post status-publish format-standard hentry category-elections category-rapports-monitoring\"><div class=\"post-content-wrapper boxed\">\n \n\n<!-- blog box-->\n\t\t\n\t<a href=\"https:\/\/haica.tn\/fr\/rapport-final-campagne-delection-presidentielle-2019-1er-et-2eme-tour\/\" title=\"RAPPORT FINAL CAMPAGNE D\u2019ELECTION PR\u00c9SIDENTIELLE 2019 1er et 2\u00e8me tour\" class=\"post-date\">05\/01\/2020<\/a>\n\t\t<!-- meta data -->\n\t\t<div class=\"post_data\">\n\n\t\t\t\n\t\t\t\t\t\t\t\n\t\t\t\t\t\t<!-- categories -->\n\t\t\t<span class=\"categories\">\n\t\t\t\u00e0<a href=\"https:\/\/haica.tn\/fr\/category\/news\/publications\/rapports-monitoring\/elections\/\" rel=\"category tag\">Elections<\/a>, <a href=\"https:\/\/haica.tn\/fr\/category\/news\/publications\/rapports-monitoring\/\" rel=\"category tag\">Rapports Monitoring<\/a>\t\t\t\t\n\t\t\t<\/span>\n\t\t\t\n\t\t\t\n\t\t\t\t\t\t\n\t\t<\/div><!-- \/ end div  .post_data -->\n\t\t\t\t\t\n\n\t<div class=\"entry-content text\">\n\n\t\t<!-- blog headline-->\n\t\t<h4 class=\"entry-title\"><a href=\"https:\/\/haica.tn\/fr\/rapport-final-campagne-delection-presidentielle-2019-1er-et-2eme-tour\/\" rel=\"bookmark\">RAPPORT FINAL CAMPAGNE D\u2019ELECTION PR\u00c9SIDENTIELLE 2019 1er et 2\u00e8me tour<\/a><\/h4> \n\n\t\t\n\t\t<p>[vc_row rt_row_background...<\/p>\t<\/div> \n\n\t<div class=\"entry-footer\">\n\n\t\t<a href=\"https:\/\/haica.tn\/fr\/rapport-final-campagne-delection-presidentielle-2019-1er-et-2eme-tour\/\" class=\"read_more\">Continue reading<\/a>\n\t<\/div>\n\n<!-- \/ blog box-->\n<\/div><\/article>\n<article id=\"12506\" class=\"col col-sm-12 post-12506 post type-post status-publish format-standard hentry category-elections category-rapports-monitoring\"><div class=\"post-content-wrapper boxed\">\n \n\n<!-- blog box-->\n\t\t\n\t<a href=\"https:\/\/haica.tn\/fr\/monitoring-de-la-campagne-electorale-des-municipales-2018\/\" title=\"Monitoring de la campagne \u00e9lectorale des municipales 2018\" class=\"post-date\">28\/08\/2018<\/a>\n\t\t<!-- meta data -->\n\t\t<div class=\"post_data\">\n\n\t\t\t\n\t\t\t\t\t\t\t\n\t\t\t\t\t\t<!-- categories -->\n\t\t\t<span class=\"categories\">\n\t\t\t\u00e0<a href=\"https:\/\/haica.tn\/fr\/category\/news\/publications\/rapports-monitoring\/elections\/\" rel=\"category tag\">Elections<\/a>, <a href=\"https:\/\/haica.tn\/fr\/category\/news\/publications\/rapports-monitoring\/\" rel=\"category tag\">Rapports Monitoring<\/a>\t\t\t\t\n\t\t\t<\/span>\n\t\t\t\n\t\t\t\n\t\t\t\t\t\t\n\t\t<\/div><!-- \/ end div  .post_data -->\n\t\t\t\t\t\n\n\t<div class=\"entry-content text\">\n\n\t\t<!-- blog headline-->\n\t\t<h4 class=\"entry-title\"><a href=\"https:\/\/haica.tn\/fr\/monitoring-de-la-campagne-electorale-des-municipales-2018\/\" rel=\"bookmark\">Monitoring de la campagne \u00e9lectorale des municipales 2018<\/a><\/h4> \n\n\t\t\n\t\t<p>[vc_row rt_row_background...<\/p>\t<\/div> \n\n\t<div class=\"entry-footer\">\n\n\t\t<a href=\"https:\/\/haica.tn\/fr\/monitoring-de-la-campagne-electorale-des-municipales-2018\/\" class=\"read_more\">Continue reading<\/a>\n\t<\/div>\n\n<!-- \/ blog box-->\n<\/div><\/article>\n<article id=\"7074\" class=\"col col-sm-12 post-7074 post type-post status-publish format-standard has-post-thumbnail hentry category-elections category-publications category-rapports-monitoring\"><div class=\"post-content-wrapper boxed\">\n \n\n<!-- blog box-->\n\t\t\t\t<figure class=\"featured_image featured_media\">\n\t\t\t<a href=\"https:\/\/haica.tn\/fr\/rapport-monitoring-de-la-campagne-electorale-des-municipales-2018\/\" title=\"Rapport : monitoring de la campagne \u00e9lectorale des municipales 2018\" class=\"imgeffect link featured_image\"><img src=\"https:\/\/haica.tn\/wp-content\/uploads\/2019\/12\/logo-FR-1-250x154.png\" alt=\"\" class=\"\" width=\"250\" height=\"154\" \/><\/a>\t\t\n\t\t<\/figure> \n\t\t\n\t<a href=\"https:\/\/haica.tn\/fr\/rapport-monitoring-de-la-campagne-electorale-des-municipales-2018\/\" title=\"Rapport : monitoring de la campagne \u00e9lectorale des municipales 2018\" class=\"post-date\">28\/08\/2018<\/a>\n\t\t<!-- meta data -->\n\t\t<div class=\"post_data\">\n\n\t\t\t\n\t\t\t\t\t\t\t\n\t\t\t\t\t\t<!-- categories -->\n\t\t\t<span class=\"categories\">\n\t\t\t\u00e0<a href=\"https:\/\/haica.tn\/fr\/category\/news\/publications\/rapports-monitoring\/elections\/\" rel=\"category tag\">Elections<\/a>, <a href=\"https:\/\/haica.tn\/fr\/category\/news\/publications\/\" rel=\"category tag\">Publications<\/a>, <a href=\"https:\/\/haica.tn\/fr\/category\/news\/publications\/rapports-monitoring\/\" rel=\"category tag\">Rapports Monitoring<\/a>\t\t\t\t\n\t\t\t<\/span>\n\t\t\t\n\t\t\t\n\t\t\t\t\t\t\n\t\t<\/div><!-- \/ end div  .post_data -->\n\t\t\t\t\t\n\n\t<div class=\"entry-content text\">\n\n\t\t<!-- blog headline-->\n\t\t<h4 class=\"entry-title\"><a href=\"https:\/\/haica.tn\/fr\/rapport-monitoring-de-la-campagne-electorale-des-municipales-2018\/\" rel=\"bookmark\">Rapport : monitoring de la campagne \u00e9lectorale des municipales 2018<\/a><\/h4> \n\n\t\t\n\t\t<p>[vc_row rt_row_background...<\/p>\t<\/div> \n\n\t<div class=\"entry-footer\">\n\n\t\t<a href=\"https:\/\/haica.tn\/fr\/rapport-monitoring-de-la-campagne-electorale-des-municipales-2018\/\" class=\"read_more\">Continue reading<\/a>\n\t<\/div>\n\n<!-- \/ blog box-->\n<\/div><\/article>\n<article id=\"12536\" class=\"col col-sm-12 post-12536 post type-post status-publish format-standard hentry category-elections category-rapports-monitoring\"><div class=\"post-content-wrapper boxed\">\n \n\n<!-- blog box-->\n\t\t\n\t<a href=\"https:\/\/haica.tn\/fr\/rapport-final-monitoring-de-la-campagne-electorale-des-municipales-2018\/\" title=\"Rapport final : Monitoring de la campagne \u00e9lectorale des municipales 2018\" class=\"post-date\">11\/05\/2018<\/a>\n\t\t<!-- meta data -->\n\t\t<div class=\"post_data\">\n\n\t\t\t\n\t\t\t\t\t\t\t\n\t\t\t\t\t\t<!-- categories -->\n\t\t\t<span class=\"categories\">\n\t\t\t\u00e0<a href=\"https:\/\/haica.tn\/fr\/category\/news\/publications\/rapports-monitoring\/elections\/\" rel=\"category tag\">Elections<\/a>, <a href=\"https:\/\/haica.tn\/fr\/category\/news\/publications\/rapports-monitoring\/\" rel=\"category tag\">Rapports Monitoring<\/a>\t\t\t\t\n\t\t\t<\/span>\n\t\t\t\n\t\t\t\n\t\t\t\t\t\t\n\t\t<\/div><!-- \/ end div  .post_data -->\n\t\t\t\t\t\n\n\t<div class=\"entry-content text\">\n\n\t\t<!-- blog headline-->\n\t\t<h4 class=\"entry-title\"><a href=\"https:\/\/haica.tn\/fr\/rapport-final-monitoring-de-la-campagne-electorale-des-municipales-2018\/\" rel=\"bookmark\">Rapport final : Monitoring de la campagne \u00e9lectorale des municipales 2018<\/a><\/h4> \n\n\t\t\n\t\t<p>[vc_row rt_row_background...<\/p>\t<\/div> \n\n\t<div class=\"entry-footer\">\n\n\t\t<a href=\"https:\/\/haica.tn\/fr\/rapport-final-monitoring-de-la-campagne-electorale-des-municipales-2018\/\" class=\"read_more\">Continue reading<\/a>\n\t<\/div>\n\n<!-- \/ blog box-->\n<\/div><\/article>\n<article id=\"12546\" class=\"col col-sm-12 post-12546 post type-post status-publish format-standard hentry category-elections category-rapports-monitoring\"><div class=\"post-content-wrapper boxed\">\n \n\n<!-- blog box-->\n\t\t\n\t<a href=\"https:\/\/haica.tn\/fr\/le-monitoring-de-la-campagne-electorale-des-municipales-2018\/\" title=\"Le monitoring de la Campagne Electorale  Des Municipales 2018\" class=\"post-date\">03\/05\/2018<\/a>\n\t\t<!-- meta data -->\n\t\t<div class=\"post_data\">\n\n\t\t\t\n\t\t\t\t\t\t\t\n\t\t\t\t\t\t<!-- categories -->\n\t\t\t<span class=\"categories\">\n\t\t\t\u00e0<a href=\"https:\/\/haica.tn\/fr\/category\/news\/publications\/rapports-monitoring\/elections\/\" rel=\"category tag\">Elections<\/a>, <a href=\"https:\/\/haica.tn\/fr\/category\/news\/publications\/rapports-monitoring\/\" rel=\"category tag\">Rapports Monitoring<\/a>\t\t\t\t\n\t\t\t<\/span>\n\t\t\t\n\t\t\t\n\t\t\t\t\t\t\n\t\t<\/div><!-- \/ end div  .post_data -->\n\t\t\t\t\t\n\n\t<div class=\"entry-content text\">\n\n\t\t<!-- blog headline-->\n\t\t<h4 class=\"entry-title\"><a href=\"https:\/\/haica.tn\/fr\/le-monitoring-de-la-campagne-electorale-des-municipales-2018\/\" rel=\"bookmark\">Le monitoring de la Campagne Electorale  Des Municipales 2018<\/a><\/h4> \n\n\t\t\n\t\t<p>[vc_row rt_row_background...<\/p>\t<\/div> \n\n\t<div class=\"entry-footer\">\n\n\t\t<a href=\"https:\/\/haica.tn\/fr\/le-monitoring-de-la-campagne-electorale-des-municipales-2018\/\" class=\"read_more\">Continue reading<\/a>\n\t<\/div>\n\n<!-- \/ blog box-->\n<\/div><\/article>\n<article id=\"7078\" class=\"col col-sm-12 post-7078 post type-post status-publish format-standard has-post-thumbnail hentry category-elections category-publications category-rapports-monitoring\"><div class=\"post-content-wrapper boxed\">\n \n\n<!-- blog box-->\n\t\t\t\t<figure class=\"featured_image featured_media\">\n\t\t\t<a href=\"https:\/\/haica.tn\/fr\/rapport-analytique-sur-la-couverture-des-elections-2014\/\" title=\"Rapport analytique sur la couverture des \u00e9lections 2014\" class=\"imgeffect link featured_image\"><img src=\"https:\/\/haica.tn\/wp-content\/uploads\/2019\/12\/logo-FR-1-250x154.png\" alt=\"\" class=\"\" width=\"250\" height=\"154\" \/><\/a>\t\t\n\t\t<\/figure> \n\t\t\n\t<a href=\"https:\/\/haica.tn\/fr\/rapport-analytique-sur-la-couverture-des-elections-2014\/\" title=\"Rapport analytique sur la couverture des \u00e9lections 2014\" class=\"post-date\">11\/12\/2015<\/a>\n\t\t<!-- meta data -->\n\t\t<div class=\"post_data\">\n\n\t\t\t\n\t\t\t\t\t\t\t\n\t\t\t\t\t\t<!-- categories -->\n\t\t\t<span class=\"categories\">\n\t\t\t\u00e0<a href=\"https:\/\/haica.tn\/fr\/category\/news\/publications\/rapports-monitoring\/elections\/\" rel=\"category tag\">Elections<\/a>, <a href=\"https:\/\/haica.tn\/fr\/category\/news\/publications\/\" rel=\"category tag\">Publications<\/a>, <a href=\"https:\/\/haica.tn\/fr\/category\/news\/publications\/rapports-monitoring\/\" rel=\"category tag\">Rapports Monitoring<\/a>\t\t\t\t\n\t\t\t<\/span>\n\t\t\t\n\t\t\t\n\t\t\t\t\t\t\n\t\t<\/div><!-- \/ end div  .post_data -->\n\t\t\t\t\t\n\n\t<div class=\"entry-content text\">\n\n\t\t<!-- blog headline-->\n\t\t<h4 class=\"entry-title\"><a href=\"https:\/\/haica.tn\/fr\/rapport-analytique-sur-la-couverture-des-elections-2014\/\" rel=\"bookmark\">Rapport analytique sur la couverture des \u00e9lections 2014<\/a><\/h4> \n\n\t\t\n\t\t<p>[vc_row rt_row_background...<\/p>\t<\/div> \n\n\t<div class=\"entry-footer\">\n\n\t\t<a href=\"https:\/\/haica.tn\/fr\/rapport-analytique-sur-la-couverture-des-elections-2014\/\" class=\"read_more\">Continue reading<\/a>\n\t<\/div>\n\n<!-- \/ blog box-->\n<\/div><\/article>\n<article id=\"12660\" class=\"col col-sm-12 post-12660 post type-post status-publish format-standard hentry category-actualites category-elections\"><div class=\"post-content-wrapper boxed\">\n \n\n<!-- blog box-->\n\t\t\n\t<a href=\"https:\/\/haica.tn\/fr\/le-guide-de-bonnes-pratiques-en-matiere-de-couverture-mediatique-des-elections\/\" title=\"Le guide de bonnes pratiques en mati\u00e8re de couverture m\u00e9diatique des \u00e9lections\" class=\"post-date\">28\/08\/2014<\/a>\n\t\t<!-- meta data -->\n\t\t<div class=\"post_data\">\n\n\t\t\t\n\t\t\t\t\t\t\t\n\t\t\t\t\t\t<!-- categories -->\n\t\t\t<span class=\"categories\">\n\t\t\t\u00e0<a href=\"https:\/\/haica.tn\/fr\/category\/news\/actualites\/\" rel=\"category tag\">Actualit\u00e9s<\/a>, <a href=\"https:\/\/haica.tn\/fr\/category\/news\/publications\/rapports-monitoring\/elections\/\" rel=\"category tag\">Elections<\/a>\t\t\t\t\n\t\t\t<\/span>\n\t\t\t\n\t\t\t\n\t\t\t\t\t\t\n\t\t<\/div><!-- \/ end div  .post_data -->\n\t\t\t\t\t\n\n\t<div class=\"entry-content text\">\n\n\t\t<!-- blog headline-->\n\t\t<h4 class=\"entry-title\"><a href=\"https:\/\/haica.tn\/fr\/le-guide-de-bonnes-pratiques-en-matiere-de-couverture-mediatique-des-elections\/\" rel=\"bookmark\">Le guide de bonnes pratiques en mati\u00e8re de couverture m\u00e9diatique des \u00e9lections<\/a><\/h4> \n\n\t\t\n\t\t<p>[vc_row rt_row_background...<\/p>\t<\/div> \n\n\t<div class=\"entry-footer\">\n\n\t\t<a href=\"https:\/\/haica.tn\/fr\/le-guide-de-bonnes-pratiques-en-matiere-de-couverture-mediatique-des-elections\/\" class=\"read_more\">Continue reading<\/a>\n\t<\/div>\n\n<!-- \/ blog box-->\n<\/div><\/article>\n<\/div>\n[\/vc_column][\/vc_row]<\/p>\n","protected":false},"excerpt":{"rendered":"<p>[vc_row rt_row_background_width=\u00a0\u00bbfullwidth\u00a0\u00bb rt_row_content_width=\u00a0\u00bbdefault\u00a0\u00bb rt_row_style=\u00a0\u00bbdefault-style\u00a0\u00bb rt_row_height=\u00a0\u00bb\u00a0\u00bb rt_column_gaps=\u00a0\u00bb\u00a0\u00bb rt_row_shadows=\u00a0\u00bb\u00a0\u00bb rt_row_borders=\u00a0\u00bb\u00a0\u00bb rt_bg_effect=\u00a0\u00bbclassic\u00a0\u00bb rt_bg_image_repeat=\u00a0\u00bbrepeat\u00a0\u00bb rt_bg_size=\u00a0\u00bbcover\u00a0\u00bb rt_bg_position=\u00a0\u00bbright top\u00a0\u00bb rt_bg_attachment=\u00a0\u00bbscroll\u00a0\u00bb rt_bg_layer=\u00a0\u00bb\u00a0\u00bb rt_bg_video_format=\u00a0\u00bbself-hosted\u00a0\u00bb rt_class=\u00a0\u00bbrt-2475675&Prime; rt_paddings=\u00a0\u00bb,,,\u00a0\u00bb rt_margins=\u00a0\u00bb,,,\u00a0\u00bb rt_content_margins=\u00a0\u00bb,,,\u00a0\u00bb rt_tablet_paddings=\u00a0\u00bb,,,\u00a0\u00bb rt_tablet_margins=\u00a0\u00bb,,,\u00a0\u00bb rt_tablet_content_margins=\u00a0\u00bb,,,\u00a0\u00bb rt_sp_paddings=\u00a0\u00bb,,,\u00a0\u00bb rt_sp_margins=\u00a0\u00bb,,,\u00a0\u00bb rt_sp_content_margins=\u00a0\u00bb,,,\u00a0\u00bb rt_bg_color=\u00a0\u00bb#f4f4f4&Prime;][vc_column rt_bg_effect=\u00a0\u00bbclassic\u00a0\u00bb rt_bg_image_repeat=\u00a0\u00bbrepeat\u00a0\u00bb rt_bg_size=\u00a0\u00bbauto auto\u00a0\u00bb rt_bg_position=\u00a0\u00bbright top\u00a0\u00bb rt_bg_attachment=\u00a0\u00bbscroll\u00a0\u00bb][\/vc_column][\/vc_row]<\/p>\n","protected":false},"author":1,"featured_media":0,"parent":0,"menu_order":0,"comment_status":"closed","ping_status":"closed","template":"","meta":[],"yoast_head":"<!-- This site is optimized with the Yoast SEO plugin v16.4 - https:\/\/yoast.com\/wordpress\/plugins\/seo\/ -->\n<title>Elections - HAICA<\/title>\n<meta name=\"robots\" content=\"index, follow, max-snippet:-1, max-image-preview:large, max-video-preview:-1\" \/>\n<link rel=\"canonical\" href=\"https:\/\/haica.tn\/fr\/elections\/\" \/>\n<meta property=\"og:locale\" content=\"fr_FR\" \/>\n<meta property=\"og:type\" content=\"article\" \/>\n<meta property=\"og:title\" content=\"Elections - HAICA\" \/>\n<meta property=\"og:description\" content=\"[vc_row rt_row_background_width=\u00a0\u00bbfullwidth\u00a0\u00bb rt_row_content_width=\u00a0\u00bbdefault\u00a0\u00bb rt_row_style=\u00a0\u00bbdefault-style\u00a0\u00bb rt_row_height=\u00a0\u00bb\u00a0\u00bb rt_column_gaps=\u00a0\u00bb\u00a0\u00bb rt_row_shadows=\u00a0\u00bb\u00a0\u00bb rt_row_borders=\u00a0\u00bb\u00a0\u00bb rt_bg_effect=\u00a0\u00bbclassic\u00a0\u00bb rt_bg_image_repeat=\u00a0\u00bbrepeat\u00a0\u00bb rt_bg_size=\u00a0\u00bbcover\u00a0\u00bb rt_bg_position=\u00a0\u00bbright top\u00a0\u00bb rt_bg_attachment=\u00a0\u00bbscroll\u00a0\u00bb rt_bg_layer=\u00a0\u00bb\u00a0\u00bb rt_bg_video_format=\u00a0\u00bbself-hosted\u00a0\u00bb rt_class=\u00a0\u00bbrt-2475675&Prime; rt_paddings=\u00a0\u00bb,,,\u00a0\u00bb rt_margins=\u00a0\u00bb,,,\u00a0\u00bb rt_content_margins=\u00a0\u00bb,,,\u00a0\u00bb rt_tablet_paddings=\u00a0\u00bb,,,\u00a0\u00bb rt_tablet_margins=\u00a0\u00bb,,,\u00a0\u00bb rt_tablet_content_margins=\u00a0\u00bb,,,\u00a0\u00bb rt_sp_paddings=\u00a0\u00bb,,,\u00a0\u00bb rt_sp_margins=\u00a0\u00bb,,,\u00a0\u00bb rt_sp_content_margins=\u00a0\u00bb,,,\u00a0\u00bb rt_bg_color=\u00a0\u00bb#f4f4f4&Prime;][vc_column rt_bg_effect=\u00a0\u00bbclassic\u00a0\u00bb rt_bg_image_repeat=\u00a0\u00bbrepeat\u00a0\u00bb rt_bg_size=\u00a0\u00bbauto auto\u00a0\u00bb rt_bg_position=\u00a0\u00bbright top\u00a0\u00bb rt_bg_attachment=\u00a0\u00bbscroll\u00a0\u00bb][\/vc_column][\/vc_row]\" \/>\n<meta property=\"og:url\" content=\"https:\/\/haica.tn\/fr\/elections\/\" \/>\n<meta property=\"og:site_name\" content=\"HAICA\" \/>\n<meta property=\"article:modified_time\" content=\"2020-04-06T21:05:43+00:00\" \/>\n<meta name=\"twitter:card\" content=\"summary_large_image\" \/>\n<meta name=\"twitter:label1\" content=\"Dur\u00e9e de lecture est.\" \/>\n\t<meta name=\"twitter:data1\" content=\"1 minute\" \/>\n<script type=\"application\/ld+json\" class=\"yoast-schema-graph\">{\"@context\":\"https:\/\/schema.org\",\"@graph\":[{\"@type\":\"WebSite\",\"@id\":\"https:\/\/haica.tn\/ar\/#website\",\"url\":\"https:\/\/haica.tn\/ar\/\",\"name\":\"HAICA\",\"description\":\"R\\u00e9gulateur de la communication audiovisuelle en Tunisie\",\"potentialAction\":[{\"@type\":\"SearchAction\",\"target\":\"https:\/\/haica.tn\/ar\/?s={search_term_string}\",\"query-input\":\"required name=search_term_string\"}],\"inLanguage\":\"fr-FR\"},{\"@type\":\"WebPage\",\"@id\":\"https:\/\/haica.tn\/fr\/elections\/#webpage\",\"url\":\"https:\/\/haica.tn\/fr\/elections\/\",\"name\":\"Elections - HAICA\",\"isPartOf\":{\"@id\":\"https:\/\/haica.tn\/ar\/#website\"},\"datePublished\":\"2019-12-26T13:56:14+00:00\",\"dateModified\":\"2020-04-06T21:05:43+00:00\",\"breadcrumb\":{\"@id\":\"https:\/\/haica.tn\/fr\/elections\/#breadcrumb\"},\"inLanguage\":\"fr-FR\",\"potentialAction\":[{\"@type\":\"ReadAction\",\"target\":[\"https:\/\/haica.tn\/fr\/elections\/\"]}]},{\"@type\":\"BreadcrumbList\",\"@id\":\"https:\/\/haica.tn\/fr\/elections\/#breadcrumb\",\"itemListElement\":[{\"@type\":\"ListItem\",\"position\":1,\"item\":{\"@type\":\"WebPage\",\"@id\":\"https:\/\/haica.tn\/fr\/\",\"url\":\"https:\/\/haica.tn\/fr\/\",\"name\":\"Accueil\"}},{\"@type\":\"ListItem\",\"position\":2,\"item\":{\"@id\":\"https:\/\/haica.tn\/fr\/elections\/#webpage\"}}]}]}<\/script>\n<!-- \/ Yoast SEO plugin. -->","_links":{"self":[{"href":"https:\/\/haica.tn\/fr\/wp-json\/wp\/v2\/pages\/5789"}],"collection":[{"href":"https:\/\/haica.tn\/fr\/wp-json\/wp\/v2\/pages"}],"about":[{"href":"https:\/\/haica.tn\/fr\/wp-json\/wp\/v2\/types\/page"}],"author":[{"embeddable":true,"href":"https:\/\/haica.tn\/fr\/wp-json\/wp\/v2\/users\/1"}],"replies":[{"embeddable":true,"href":"https:\/\/haica.tn\/fr\/wp-json\/wp\/v2\/comments?post=5789"}],"version-history":[{"count":8,"href":"https:\/\/haica.tn\/fr\/wp-json\/wp\/v2\/pages\/5789\/revisions"}],"predecessor-version":[{"id":7802,"href":"https:\/\/haica.tn\/fr\/wp-json\/wp\/v2\/pages\/5789\/revisions\/7802"}],"wp:attachment":[{"href":"https:\/\/haica.tn\/fr\/wp-json\/wp\/v2\/media?parent=5789"}],"curies":[{"name":"wp","href":"https:\/\/api.w.org\/{rel}","templated":true}]}}