{"id":6241,"date":"2020-02-20T13:11:00","date_gmt":"2020-02-20T12:11:00","guid":{"rendered":"https:\/\/haica.tn\/?page_id=6241"},"modified":"2020-05-15T12:20:41","modified_gmt":"2020-05-15T10:20:41","slug":"etudes","status":"publish","type":"page","link":"https:\/\/haica.tn\/fr\/etudes\/","title":{"rendered":"Etudes"},"content":{"rendered":"<p>[vc_row rt_row_background_width=\u00a0\u00bbfullwidth\u00a0\u00bb rt_row_content_width=\u00a0\u00bbdefault\u00a0\u00bb rt_row_style=\u00a0\u00bbdefault-style\u00a0\u00bb rt_row_height=\u00a0\u00bb\u00a0\u00bb rt_column_gaps=\u00a0\u00bb\u00a0\u00bb rt_row_shadows=\u00a0\u00bb\u00a0\u00bb rt_row_borders=\u00a0\u00bb\u00a0\u00bb rt_bg_effect=\u00a0\u00bbclassic\u00a0\u00bb rt_bg_image_repeat=\u00a0\u00bbrepeat\u00a0\u00bb rt_bg_size=\u00a0\u00bbcover\u00a0\u00bb rt_bg_position=\u00a0\u00bbright top\u00a0\u00bb rt_bg_attachment=\u00a0\u00bbscroll\u00a0\u00bb rt_bg_layer=\u00a0\u00bb\u00a0\u00bb rt_bg_video_format=\u00a0\u00bbself-hosted\u00a0\u00bb rt_class=\u00a0\u00bbrt-2138368&Prime; rt_paddings=\u00a0\u00bb,,,\u00a0\u00bb rt_margins=\u00a0\u00bb,,,\u00a0\u00bb rt_content_margins=\u00a0\u00bb,,,\u00a0\u00bb rt_tablet_paddings=\u00a0\u00bb,,,\u00a0\u00bb rt_tablet_margins=\u00a0\u00bb,,,\u00a0\u00bb rt_tablet_content_margins=\u00a0\u00bb,,,\u00a0\u00bb rt_sp_paddings=\u00a0\u00bb,,,\u00a0\u00bb rt_sp_margins=\u00a0\u00bb,,,\u00a0\u00bb rt_sp_content_margins=\u00a0\u00bb,,,\u00a0\u00bb rt_bg_color=\u00a0\u00bb#f4f4f4&Prime;][vc_column rt_bg_effect=\u00a0\u00bbclassic\u00a0\u00bb rt_bg_image_repeat=\u00a0\u00bbrepeat\u00a0\u00bb rt_bg_size=\u00a0\u00bbauto auto\u00a0\u00bb rt_bg_position=\u00a0\u00bbright top\u00a0\u00bb rt_bg_attachment=\u00a0\u00bbscroll\u00a0\u00bb]\n<div id=\"blog-dynamicID-873369\" class=\"blog_list clearfix row\" data-column-width=\"1\">\n<article id=\"7091\" class=\"col col-sm-12 post-7091 post type-post status-publish format-standard has-post-thumbnail hentry category-etudes category-publications category-rapports-monitoring category-traitement-mediatique\"><div class=\"post-content-wrapper boxed\">\n \n\n<!-- blog box-->\n\t\t\t\t<figure class=\"featured_image featured_media\">\n\t\t\t<a href=\"https:\/\/haica.tn\/fr\/rapport-place-et-representation-des-femmes-dans-les-fictions-televisuelles-tunisiennes\/\" title=\"Etude: Place et repr\u00e9sentation des femmes dans les fictions t\u00e9l\u00e9visuelles tunisiennes\" class=\"imgeffect link featured_image\"><img src=\"https:\/\/haica.tn\/wp-content\/uploads\/2019\/12\/logo-FR-1-480x296.png\" alt=\"\" class=\"\" width=\"480\" height=\"296\" \/><\/a>\t\t\n\t\t<\/figure> \n\t\t\n\t<a href=\"https:\/\/haica.tn\/fr\/rapport-place-et-representation-des-femmes-dans-les-fictions-televisuelles-tunisiennes\/\" title=\"Etude: Place et repr\u00e9sentation des femmes dans les fictions t\u00e9l\u00e9visuelles tunisiennes\" class=\"post-date\">25\/02\/2020<\/a>\n\t\t<!-- meta data -->\n\t\t<div class=\"post_data\">\n\n\t\t\t\n\t\t\t\t\t\t\t\n\t\t\t\t\t\t<!-- categories -->\n\t\t\t<span class=\"categories\">\n\t\t\t\u00e0<a href=\"https:\/\/haica.tn\/fr\/category\/news\/publications\/etudes\/\" rel=\"category tag\">Etudes<\/a>, <a href=\"https:\/\/haica.tn\/fr\/category\/news\/publications\/\" rel=\"category tag\">Publications<\/a>, <a href=\"https:\/\/haica.tn\/fr\/category\/news\/publications\/rapports-monitoring\/\" rel=\"category tag\">Rapports Monitoring<\/a>, <a href=\"https:\/\/haica.tn\/fr\/category\/news\/publications\/rapports-monitoring\/traitement-mediatique\/\" rel=\"category tag\">Traitement m\u00e9diatique<\/a>\t\t\t\t\n\t\t\t<\/span>\n\t\t\t\n\t\t\t\n\t\t\t\t\t\t\n\t\t<\/div><!-- \/ end div  .post_data -->\n\t\t\t\t\t\n\n\t<div class=\"entry-content text\">\n\n\t\t<!-- blog headline-->\n\t\t<h4 class=\"entry-title\"><a href=\"https:\/\/haica.tn\/fr\/rapport-place-et-representation-des-femmes-dans-les-fictions-televisuelles-tunisiennes\/\" rel=\"bookmark\">Etude: Place et repr\u00e9sentation des femmes dans les fictions t\u00e9l\u00e9visuelles tunisiennes<\/a><\/h4> \n\n\t\t\n\t\t<p>[vc_row rt_row_background...<\/p>\t<\/div> \n\n\t<div class=\"entry-footer\">\n\n\t\t<a href=\"https:\/\/haica.tn\/fr\/rapport-place-et-representation-des-femmes-dans-les-fictions-televisuelles-tunisiennes\/\" class=\"read_more\">Continue reading<\/a>\n\t<\/div>\n\n<!-- \/ blog box-->\n<\/div><\/article>\n<article id=\"12497\" class=\"col col-sm-12 post-12497 post type-post status-publish format-standard hentry category-etudes category-publications\"><div class=\"post-content-wrapper boxed\">\n \n\n<!-- blog box-->\n\t\t\n\t<a href=\"https:\/\/haica.tn\/fr\/guide-pratique-lutter-contre-le-discours-de-haine-dans-les-medias-audiovisuels\/\" title=\"Guide Pratique : Lutter contre le discours de haine dans les m\u00e9dias audiovisuels\" class=\"post-date\">08\/10\/2018<\/a>\n\t\t<!-- meta data -->\n\t\t<div class=\"post_data\">\n\n\t\t\t\n\t\t\t\t\t\t\t\n\t\t\t\t\t\t<!-- categories -->\n\t\t\t<span class=\"categories\">\n\t\t\t\u00e0<a href=\"https:\/\/haica.tn\/fr\/category\/news\/publications\/etudes\/\" rel=\"category tag\">Etudes<\/a>, <a href=\"https:\/\/haica.tn\/fr\/category\/news\/publications\/\" rel=\"category tag\">Publications<\/a>\t\t\t\t\n\t\t\t<\/span>\n\t\t\t\n\t\t\t\n\t\t\t\t\t\t\n\t\t<\/div><!-- \/ end div  .post_data -->\n\t\t\t\t\t\n\n\t<div class=\"entry-content text\">\n\n\t\t<!-- blog headline-->\n\t\t<h4 class=\"entry-title\"><a href=\"https:\/\/haica.tn\/fr\/guide-pratique-lutter-contre-le-discours-de-haine-dans-les-medias-audiovisuels\/\" rel=\"bookmark\">Guide Pratique : Lutter contre le discours de haine dans les m\u00e9dias audiovisuels<\/a><\/h4> \n\n\t\t\n\t\t<p>[vc_row rt_row_background...<\/p>\t<\/div> \n\n\t<div class=\"entry-footer\">\n\n\t\t<a href=\"https:\/\/haica.tn\/fr\/guide-pratique-lutter-contre-le-discours-de-haine-dans-les-medias-audiovisuels\/\" class=\"read_more\">Continue reading<\/a>\n\t<\/div>\n\n<!-- \/ blog box-->\n<\/div><\/article>\n<article id=\"12550\" class=\"col col-sm-12 post-12550 post type-post status-publish format-standard hentry category-etudes category-publications category-traitement-mediatique\"><div class=\"post-content-wrapper boxed\">\n \n\n<!-- blog box-->\n\t\t\n\t<a href=\"https:\/\/haica.tn\/fr\/dossier-de-press-colloque-international-place-et-image-des-femmes-dans-les-medias-audiovisuels\/\" title=\"Dossier de presse : COLLOQUE INTERNATIONAL PLACE ET IMAGE DES FEMMES DANS LES M\u00c9DIAS AUDIOVISUELS\" class=\"post-date\">07\/12\/2017<\/a>\n\t\t<!-- meta data -->\n\t\t<div class=\"post_data\">\n\n\t\t\t\n\t\t\t\t\t\t\t\n\t\t\t\t\t\t<!-- categories -->\n\t\t\t<span class=\"categories\">\n\t\t\t\u00e0<a href=\"https:\/\/haica.tn\/fr\/category\/news\/publications\/etudes\/\" rel=\"category tag\">Etudes<\/a>, <a href=\"https:\/\/haica.tn\/fr\/category\/news\/publications\/\" rel=\"category tag\">Publications<\/a>, <a href=\"https:\/\/haica.tn\/fr\/category\/news\/publications\/rapports-monitoring\/traitement-mediatique\/\" rel=\"category tag\">Traitement m\u00e9diatique<\/a>\t\t\t\t\n\t\t\t<\/span>\n\t\t\t\n\t\t\t\n\t\t\t\t\t\t\n\t\t<\/div><!-- \/ end div  .post_data -->\n\t\t\t\t\t\n\n\t<div class=\"entry-content text\">\n\n\t\t<!-- blog headline-->\n\t\t<h4 class=\"entry-title\"><a href=\"https:\/\/haica.tn\/fr\/dossier-de-press-colloque-international-place-et-image-des-femmes-dans-les-medias-audiovisuels\/\" rel=\"bookmark\">Dossier de presse : COLLOQUE INTERNATIONAL PLACE ET IMAGE DES FEMMES DANS LES M\u00c9DIAS AUDIOVISUELS<\/a><\/h4> \n\n\t\t\n\t\t<p>[vc_row rt_row_background...<\/p>\t<\/div> \n\n\t<div class=\"entry-footer\">\n\n\t\t<a href=\"https:\/\/haica.tn\/fr\/dossier-de-press-colloque-international-place-et-image-des-femmes-dans-les-medias-audiovisuels\/\" class=\"read_more\">Continue reading<\/a>\n\t<\/div>\n\n<!-- \/ blog box-->\n<\/div><\/article>\n<\/div>\n[\/vc_column][\/vc_row]<\/p>\n","protected":false},"excerpt":{"rendered":"<p>[vc_row rt_row_background_width=\u00a0\u00bbfullwidth\u00a0\u00bb rt_row_content_width=\u00a0\u00bbdefault\u00a0\u00bb rt_row_style=\u00a0\u00bbdefault-style\u00a0\u00bb rt_row_height=\u00a0\u00bb\u00a0\u00bb rt_column_gaps=\u00a0\u00bb\u00a0\u00bb rt_row_shadows=\u00a0\u00bb\u00a0\u00bb rt_row_borders=\u00a0\u00bb\u00a0\u00bb rt_bg_effect=\u00a0\u00bbclassic\u00a0\u00bb rt_bg_image_repeat=\u00a0\u00bbrepeat\u00a0\u00bb rt_bg_size=\u00a0\u00bbcover\u00a0\u00bb rt_bg_position=\u00a0\u00bbright top\u00a0\u00bb rt_bg_attachment=\u00a0\u00bbscroll\u00a0\u00bb rt_bg_layer=\u00a0\u00bb\u00a0\u00bb rt_bg_video_format=\u00a0\u00bbself-hosted\u00a0\u00bb rt_class=\u00a0\u00bbrt-2138368&Prime; rt_paddings=\u00a0\u00bb,,,\u00a0\u00bb rt_margins=\u00a0\u00bb,,,\u00a0\u00bb rt_content_margins=\u00a0\u00bb,,,\u00a0\u00bb rt_tablet_paddings=\u00a0\u00bb,,,\u00a0\u00bb rt_tablet_margins=\u00a0\u00bb,,,\u00a0\u00bb rt_tablet_content_margins=\u00a0\u00bb,,,\u00a0\u00bb rt_sp_paddings=\u00a0\u00bb,,,\u00a0\u00bb rt_sp_margins=\u00a0\u00bb,,,\u00a0\u00bb rt_sp_content_margins=\u00a0\u00bb,,,\u00a0\u00bb rt_bg_color=\u00a0\u00bb#f4f4f4&Prime;][vc_column rt_bg_effect=\u00a0\u00bbclassic\u00a0\u00bb rt_bg_image_repeat=\u00a0\u00bbrepeat\u00a0\u00bb rt_bg_size=\u00a0\u00bbauto auto\u00a0\u00bb rt_bg_position=\u00a0\u00bbright top\u00a0\u00bb rt_bg_attachment=\u00a0\u00bbscroll\u00a0\u00bb][\/vc_column][\/vc_row]<\/p>\n","protected":false},"author":1,"featured_media":0,"parent":0,"menu_order":0,"comment_status":"closed","ping_status":"closed","template":"","meta":[],"yoast_head":"<!-- This site is optimized with the Yoast SEO plugin v16.4 - https:\/\/yoast.com\/wordpress\/plugins\/seo\/ -->\n<title>Etudes - HAICA<\/title>\n<meta name=\"robots\" content=\"index, follow, max-snippet:-1, max-image-preview:large, max-video-preview:-1\" \/>\n<link rel=\"canonical\" href=\"https:\/\/haica.tn\/fr\/etudes\/\" \/>\n<meta property=\"og:locale\" content=\"fr_FR\" \/>\n<meta property=\"og:type\" content=\"article\" \/>\n<meta property=\"og:title\" content=\"Etudes - HAICA\" \/>\n<meta property=\"og:description\" content=\"[vc_row rt_row_background_width=\u00a0\u00bbfullwidth\u00a0\u00bb rt_row_content_width=\u00a0\u00bbdefault\u00a0\u00bb rt_row_style=\u00a0\u00bbdefault-style\u00a0\u00bb rt_row_height=\u00a0\u00bb\u00a0\u00bb rt_column_gaps=\u00a0\u00bb\u00a0\u00bb rt_row_shadows=\u00a0\u00bb\u00a0\u00bb rt_row_borders=\u00a0\u00bb\u00a0\u00bb rt_bg_effect=\u00a0\u00bbclassic\u00a0\u00bb rt_bg_image_repeat=\u00a0\u00bbrepeat\u00a0\u00bb rt_bg_size=\u00a0\u00bbcover\u00a0\u00bb rt_bg_position=\u00a0\u00bbright top\u00a0\u00bb rt_bg_attachment=\u00a0\u00bbscroll\u00a0\u00bb rt_bg_layer=\u00a0\u00bb\u00a0\u00bb rt_bg_video_format=\u00a0\u00bbself-hosted\u00a0\u00bb rt_class=\u00a0\u00bbrt-2138368&Prime; rt_paddings=\u00a0\u00bb,,,\u00a0\u00bb rt_margins=\u00a0\u00bb,,,\u00a0\u00bb rt_content_margins=\u00a0\u00bb,,,\u00a0\u00bb rt_tablet_paddings=\u00a0\u00bb,,,\u00a0\u00bb rt_tablet_margins=\u00a0\u00bb,,,\u00a0\u00bb rt_tablet_content_margins=\u00a0\u00bb,,,\u00a0\u00bb rt_sp_paddings=\u00a0\u00bb,,,\u00a0\u00bb rt_sp_margins=\u00a0\u00bb,,,\u00a0\u00bb rt_sp_content_margins=\u00a0\u00bb,,,\u00a0\u00bb rt_bg_color=\u00a0\u00bb#f4f4f4&Prime;][vc_column rt_bg_effect=\u00a0\u00bbclassic\u00a0\u00bb rt_bg_image_repeat=\u00a0\u00bbrepeat\u00a0\u00bb rt_bg_size=\u00a0\u00bbauto auto\u00a0\u00bb rt_bg_position=\u00a0\u00bbright top\u00a0\u00bb rt_bg_attachment=\u00a0\u00bbscroll\u00a0\u00bb][\/vc_column][\/vc_row]\" \/>\n<meta property=\"og:url\" content=\"https:\/\/haica.tn\/fr\/etudes\/\" \/>\n<meta property=\"og:site_name\" content=\"HAICA\" \/>\n<meta property=\"article:modified_time\" content=\"2020-05-15T10:20:41+00:00\" \/>\n<meta name=\"twitter:card\" content=\"summary_large_image\" \/>\n<meta name=\"twitter:label1\" content=\"Dur\u00e9e de lecture est.\" \/>\n\t<meta name=\"twitter:data1\" content=\"1 minute\" \/>\n<script type=\"application\/ld+json\" class=\"yoast-schema-graph\">{\"@context\":\"https:\/\/schema.org\",\"@graph\":[{\"@type\":\"WebSite\",\"@id\":\"https:\/\/haica.tn\/ar\/#website\",\"url\":\"https:\/\/haica.tn\/ar\/\",\"name\":\"HAICA\",\"description\":\"R\\u00e9gulateur de la communication audiovisuelle en Tunisie\",\"potentialAction\":[{\"@type\":\"SearchAction\",\"target\":\"https:\/\/haica.tn\/ar\/?s={search_term_string}\",\"query-input\":\"required name=search_term_string\"}],\"inLanguage\":\"fr-FR\"},{\"@type\":\"WebPage\",\"@id\":\"https:\/\/haica.tn\/fr\/etudes\/#webpage\",\"url\":\"https:\/\/haica.tn\/fr\/etudes\/\",\"name\":\"Etudes - HAICA\",\"isPartOf\":{\"@id\":\"https:\/\/haica.tn\/ar\/#website\"},\"datePublished\":\"2020-02-20T12:11:00+00:00\",\"dateModified\":\"2020-05-15T10:20:41+00:00\",\"breadcrumb\":{\"@id\":\"https:\/\/haica.tn\/fr\/etudes\/#breadcrumb\"},\"inLanguage\":\"fr-FR\",\"potentialAction\":[{\"@type\":\"ReadAction\",\"target\":[\"https:\/\/haica.tn\/fr\/etudes\/\"]}]},{\"@type\":\"BreadcrumbList\",\"@id\":\"https:\/\/haica.tn\/fr\/etudes\/#breadcrumb\",\"itemListElement\":[{\"@type\":\"ListItem\",\"position\":1,\"item\":{\"@type\":\"WebPage\",\"@id\":\"https:\/\/haica.tn\/fr\/\",\"url\":\"https:\/\/haica.tn\/fr\/\",\"name\":\"Accueil\"}},{\"@type\":\"ListItem\",\"position\":2,\"item\":{\"@id\":\"https:\/\/haica.tn\/fr\/etudes\/#webpage\"}}]}]}<\/script>\n<!-- \/ Yoast SEO plugin. -->","_links":{"self":[{"href":"https:\/\/haica.tn\/fr\/wp-json\/wp\/v2\/pages\/6241"}],"collection":[{"href":"https:\/\/haica.tn\/fr\/wp-json\/wp\/v2\/pages"}],"about":[{"href":"https:\/\/haica.tn\/fr\/wp-json\/wp\/v2\/types\/page"}],"author":[{"embeddable":true,"href":"https:\/\/haica.tn\/fr\/wp-json\/wp\/v2\/users\/1"}],"replies":[{"embeddable":true,"href":"https:\/\/haica.tn\/fr\/wp-json\/wp\/v2\/comments?post=6241"}],"version-history":[{"count":6,"href":"https:\/\/haica.tn\/fr\/wp-json\/wp\/v2\/pages\/6241\/revisions"}],"predecessor-version":[{"id":12771,"href":"https:\/\/haica.tn\/fr\/wp-json\/wp\/v2\/pages\/6241\/revisions\/12771"}],"wp:attachment":[{"href":"https:\/\/haica.tn\/fr\/wp-json\/wp\/v2\/media?parent=6241"}],"curies":[{"name":"wp","href":"https:\/\/api.w.org\/{rel}","templated":true}]}}